{"id":9992,"date":"2017-09-05T11:51:36","date_gmt":"2017-09-05T11:51:36","guid":{"rendered":"https:\/\/original-militaria.com\/?post_type=product&#038;p=9992"},"modified":"2022-01-31T19:07:30","modified_gmt":"2022-01-31T18:07:30","slug":"gebirgsjager-gafas-de-nieve","status":"publish","type":"product","link":"https:\/\/original-militaria.com\/en\/producto\/gebirgsjager-gafas-de-nieve\/","title":{"rendered":"Wehrmacht\/ Gebirgsj\u00e4ger, Snow Protection Goggles&#8212;Wehrmacht\/ Gebirgsj\u00e4ger, Gafas de Nieve"},"content":{"rendered":"<p align=\"justify\"><span style=\"font-size: 12pt;font-family: verdana, geneva, sans-serif\"><strong>ANTECEDENTES:<\/strong> Las fuerzas armadas alemanas utilizaron una gran variedad de gafas especiales para diversas funciones, incluyendo gafas especiales para Tropas de Monta\u00f1a, motociclistas, gafas de visi\u00f3n nocturna, para el sol, la nieve, etc. Aunque muchos de los modelos eran para fines espec\u00edficos, tambi\u00e9n hubo de uso general con lentes intercambiables para su uso por la tropa en general. Durante la WW2, el ej\u00e9rcito alem\u00e1n envi\u00f3 nueve divisiones de monta\u00f1a y seis divisiones de monta\u00f1a de las Waffen-SS. En t\u00e9rminos generales las divisiones de monta\u00f1a fueron especialmente entrenadas y equipadas Divisiones de Infanter\u00eda. Debido a la naturaleza del terreno y el clima m\u00e1s fr\u00edo que com\u00fanmente las Divisiones de Monta\u00f1a se espera que sirva de, ropa con diverso equipo especial, calzado, prendas de cabeza, uniformes, gafas, etc o espec\u00edficamente para su uso. Entre este equipo especial para soportar el fr\u00edo y las duras condiciones climatol\u00f3gicas en la monta\u00f1a, donde se mov\u00edan, estaban los esqu\u00eds, clavos, raquetas, mochilas, diversos tipos de gafas, y las gafas para nieve para reducir el resplandor y prevenir la ceguera por la nieve. <\/span><\/p>\n<p align=\"justify\"><span style=\"font-family: Verdana\"><span style=\"font-size: 12pt;font-family: verdana, geneva, sans-serif\"><strong>DESCRIPCION:<\/strong> Gafas de aluminio natural y piel curtida (Gebirgsj\u00e4ger Schnee-Schutzbrille), para tropas de monta\u00f1a, con un puente el\u00e1stico entre ambas lentes. Las lentes son de forma oval, con ranuras para la visi\u00f3n. Tanto el borde superior como el inferior de los marcos tienen doble &#8220;U&#8221;, para la ventilaci\u00f3n. El interior de los marcos y de los &#8220;lentes&#8221;, est\u00e1n pintadas negro mate, liso, pintura dise\u00f1ada para reducir el resplandor de la nieve. Las gafas tienen un color blanquecino, con una doble tirilla el\u00e1stica para su ajuste a la cabeza, un poco floja. Est\u00e1n en muy buen estado. Sin marcas visibles del fabricante.<\/span><br \/>\n<\/span><\/p>\n","protected":false},"excerpt":{"rendered":"<p align=\"justify\"><span style=\"font-family: Verdana\"><strong>ANTECEDENTES:<\/strong> Las fuerzas armadas alemanas utilizaron una gran variedad de gafas especiales para diversas funciones, incluyendo gafas especiales para Tropas de Monta\u00f1a, motociclistas, gafas de visi\u00f3n nocturna, para el sol, la nieve, etc. Aunque muchos de los modelos eran para fines espec\u00edficos, tambi\u00e9n hubo de uso general con lentes intercambiables para su uso por la tropa en general. Durante la WW2, el ej\u00e9rcito alem\u00e1n envi\u00f3 nueve divisiones de monta\u00f1a y seis divisiones de monta\u00f1a de las Waffen-SS. En t\u00e9rminos generales las divisiones de monta\u00f1a fueron especialmente entrenadas y equipadas Divisiones de Infanter\u00eda. Debido a la naturaleza del terreno y el clima m\u00e1s fr\u00edo que com\u00fanmente las Divisiones de Monta\u00f1a se espera que sirva de, ropa con diverso equipo especial, calzado, prendas de cabeza, uniformes, gafas, etc o espec\u00edficamente para su uso. Entre este equipo especial para soportar el fr\u00edo y las duras condiciones climatologicas en la monta\u00f1a, donde se mov\u00edan, estaban los esqu\u00eds, clavos, raquetas, mochilas, diversos tipos de gafas, y las gafas para nieve para reducir el resplandor y prevenir la ceguera por la nieve. <\/span><\/p>\n<p align=\"justify\"><span style=\"font-family: Verdana\"><strong>DESCRIPCION:<\/strong> Gafas de aluminio natural y piel curtida (Gebirgsj\u00e4ger Schnee-Schutzbrille), para tropas de monta\u00f1a, con un puente el\u00e1stico entre ambas lentes. Las lentes son de forma oval, con ranuras para la visi\u00f3n. Tanto el borde superior como el inferior de los marcos tienen doble &#8220;U&#8221;, para la ventilaci\u00f3n. El interior de los marcos y de los &#8220;lentes&#8221;, est\u00e1n pintadas negro mate, liso, pintura dise\u00f1ada para reducir el resplandor de la nieve. Las gafas tienen un color blanquecino, con una doble tirilla el\u00e1stica para su ajuste a la cabeza, un poco floja. Est\u00e1n en muy buen estado. Sin marcas visibles del fabricante.<br \/>\n<\/span><\/p>\n","protected":false},"featured_media":9993,"template":"","meta":[],"product_brand":[],"product_cat":[224],"product_tag":[],"class_list":{"0":"post-9992","1":"product","2":"type-product","3":"status-publish","4":"has-post-thumbnail","6":"product_cat-archivo-vendidos","7":"sales-flash-overlay","8":"woocommerce-text-align-center","9":"woocommerce-image-align-center","10":"do-quantity-buttons","12":"first","13":"outofstock","14":"purchasable","15":"product-type-simple"},"_links":{"self":[{"href":"https:\/\/original-militaria.com\/en\/wp-json\/wp\/v2\/product\/9992","targetHints":{"allow":["GET"]}}],"collection":[{"href":"https:\/\/original-militaria.com\/en\/wp-json\/wp\/v2\/product"}],"about":[{"href":"https:\/\/original-militaria.com\/en\/wp-json\/wp\/v2\/types\/product"}],"wp:featuredmedia":[{"embeddable":true,"href":"https:\/\/original-militaria.com\/en\/wp-json\/wp\/v2\/media\/9993"}],"wp:attachment":[{"href":"https:\/\/original-militaria.com\/en\/wp-json\/wp\/v2\/media?parent=9992"}],"wp:term":[{"taxonomy":"product_brand","embeddable":true,"href":"https:\/\/original-militaria.com\/en\/wp-json\/wp\/v2\/product_brand?post=9992"},{"taxonomy":"product_cat","embeddable":true,"href":"https:\/\/original-militaria.com\/en\/wp-json\/wp\/v2\/product_cat?post=9992"},{"taxonomy":"product_tag","embeddable":true,"href":"https:\/\/original-militaria.com\/en\/wp-json\/wp\/v2\/product_tag?post=9992"}],"curies":[{"name":"wp","href":"https:\/\/api.w.org\/{rel}","templated":true}]}}