{"id":9957,"date":"2017-09-05T11:51:25","date_gmt":"2017-09-05T11:51:25","guid":{"rendered":"https:\/\/original-militaria.com\/?post_type=product&#038;p=9957"},"modified":"2026-01-17T16:10:17","modified_gmt":"2026-01-17T15:10:17","slug":"foto-original-privada-del-mariscal-de-campo-reicheanu-2","status":"publish","type":"product","link":"https:\/\/original-militaria.com\/en\/producto\/foto-original-privada-del-mariscal-de-campo-reicheanu-2\/","title":{"rendered":"Wehrmacht\/ Original Private &#8220;Reichenau&#8221; Photo&#8211; WH\/ Foto Original Privada del Mariscal de Campo &#8220;Reichenau&#8221;"},"content":{"rendered":"<p style=\"text-align: justify;\"><span style=\"font-family: verdana, geneva, sans-serif; font-size: 12pt;\">Foto original privada en papel &#8220;Agfa Brovira&#8221;, del Mariscal de Campo &#8220;Reichenau&#8221; durante la Campa\u00f1a de Francia en Campa\u00f1a, con su Cruz de Caballero en perfecto estado, mide 10 x 7,30 cm. Proviene de una colecci\u00f3n de fotos y sellos que hemos comprado de un antiguo Oficial Alem\u00e1n afincado en Alicante.<\/span><\/p>\n","protected":false},"excerpt":{"rendered":"<p align=\"justify\"><span style=\"font-size: medium;\"><span style=\"font-family: Verdana;\"><strong>ANTECEDENTES:<\/strong> Walter von Reichenau, Mariscal de Campo. En 1904 se convirti\u00f3 en oficial del I Regimiento de Artiller\u00eda de Campo. Ingres\u00f3 en la Academia de Guerra de Berl\u00edn en mayo de 1914. Al inicio de la Primera Guerra Mundial fue enviado al frente occidental. Fue condecorado con la Cruz de Hierro y ascendido a capit\u00e1n en 1918. En 1923 fue ascendido a Mayor; siendo asignado comandante del 5\u00ba Batall\u00f3n de Se\u00f1ales en Stuttgart entre 1927 y 1929 y Jefe de Secci\u00f3n del Inspectorado de Se\u00f1ales en el Ministerio del Reichswehr entre 1929 y 1931. En febrero de 1931, fue nombrado Jefe de Secci\u00f3n en la Zona I, en el Este de Prusia. El 29 de junio de 1934 lleg\u00f3 a Wiesse acompa\u00f1ado por las SS. All\u00ed arrest\u00f3 personalmente a Rohm. En agosto de 1935, Reichenau fue ascendido a Teniente General y designado comandante de la Zona VII en M\u00fanich. En febrero de 1938 reemplaz\u00f3 a Walther von Brauchitsch como Comandante en Jefe del IV Cuerpo de Ej\u00e9rcito. En septiembre de 1939, se hallaba al mando del 10\u00ba Ej\u00e9rcito al estallar la Invasi\u00f3n de Polonia. Se le asign\u00f3 el mando del 6\u00ba Ej\u00e9rcito durante la campa\u00f1a de Francia, siendo ascendido a Mariscal de Campo el 19 de julio de 1940. Acompa\u00f1ado de su oficial adjunto, el General Friedrich Paulus, el General von Reichenau recibi\u00f3 la rendici\u00f3n de B\u00e9lgica de las manos de su rey, Leopoldo III. Aunque se opuso a la Operaci\u00f3n Barbarroja, tom\u00f3 parte en ella al mando del 6\u00ba Ej\u00e9rcito e involucr\u00f3 a los soldados bajo su mando en la colaboraci\u00f3n con los regimientos SD y SS en la ejecuci\u00f3n de jud\u00edos. El 30 de noviembre de 1941, el Mariscal de Campo von Reichenau tom\u00f3 el mando del Grupo de Ej\u00e9rcitos Sur, reemplazando al Mariscal de Campo Gerd von Rundstedt. Hitler lo confirm\u00f3 en el cargo a finales de diciembre y el mando del 6\u00ba Ej\u00e9rcito fue asumido por su otrora Jefe de Estado Mayor, Friedrich Paulus. <\/span><\/span><\/p>\n<p><strong>DESCRIPCION:<\/strong> Foto original privada en papel <span style=\"color: #ff0000;\">&#8220;Agfa Brovira&#8221;<\/span>, del Mariscal de Campo <span style=\"color: #ff0000;\">&#8220;Reicheanu&#8221;<\/span> durante la Campa\u00f1a de Francia en Campa\u00f1a, con su Cruz de Caballero en perfecto estado, mide <span style=\"color: #ff0000;\">10 x 7,30 cm<\/span>. Proviene de una colecci\u00f3n de fotos y sellos que hemos comprado de un antiguo Oficial Alem\u00e1n afincado en Alicante.<\/p>\n","protected":false},"featured_media":9958,"template":"","meta":[],"product_brand":[],"product_cat":[203],"product_tag":[],"class_list":{"0":"post-9957","1":"product","2":"type-product","3":"status-publish","4":"has-post-thumbnail","6":"product_cat-albumes-de-fotos-fotos-y-postales","7":"sales-flash-overlay","8":"woocommerce-text-align-center","9":"woocommerce-image-align-center","10":"do-quantity-buttons","12":"first","13":"instock","14":"purchasable","15":"product-type-simple"},"_links":{"self":[{"href":"https:\/\/original-militaria.com\/en\/wp-json\/wp\/v2\/product\/9957","targetHints":{"allow":["GET"]}}],"collection":[{"href":"https:\/\/original-militaria.com\/en\/wp-json\/wp\/v2\/product"}],"about":[{"href":"https:\/\/original-militaria.com\/en\/wp-json\/wp\/v2\/types\/product"}],"wp:featuredmedia":[{"embeddable":true,"href":"https:\/\/original-militaria.com\/en\/wp-json\/wp\/v2\/media\/9958"}],"wp:attachment":[{"href":"https:\/\/original-militaria.com\/en\/wp-json\/wp\/v2\/media?parent=9957"}],"wp:term":[{"taxonomy":"product_brand","embeddable":true,"href":"https:\/\/original-militaria.com\/en\/wp-json\/wp\/v2\/product_brand?post=9957"},{"taxonomy":"product_cat","embeddable":true,"href":"https:\/\/original-militaria.com\/en\/wp-json\/wp\/v2\/product_cat?post=9957"},{"taxonomy":"product_tag","embeddable":true,"href":"https:\/\/original-militaria.com\/en\/wp-json\/wp\/v2\/product_tag?post=9957"}],"curies":[{"name":"wp","href":"https:\/\/api.w.org\/{rel}","templated":true}]}}