{"id":9936,"date":"2017-09-05T11:51:16","date_gmt":"2017-09-05T11:51:16","guid":{"rendered":"https:\/\/original-militaria.com\/?post_type=product&#038;p=9936"},"modified":"2021-09-02T14:25:01","modified_gmt":"2021-09-02T14:25:01","slug":"foto-de-hitler-rusia-1941-heinrich-hoffmann","status":"publish","type":"product","link":"https:\/\/original-militaria.com\/en\/producto\/foto-de-hitler-rusia-1941-heinrich-hoffmann\/","title":{"rendered":"Hitler Press Photo, Russia 1941, by Heinrich Hoffmann&#8212;Foto de Hitler, Rusia 1941, Heinrich Hoffmann"},"content":{"rendered":"<p align=\"justify\"><span style=\"font-size: medium\"><span style=\"font-family: Verdana\"><span style=\"font-size: 12pt\"><span style=\"font-family: verdana, geneva, sans-serif\">Foto<\/span> original de prensa de 13 x 18 cm, en papel &#8220;Agfa-Brovira&#8221;, tomada a el d\u00eda 1 de octubre de 1941 a &#8220;Hitler&#8221; durante la campa\u00f1a de Rusia, lleva sello de Heinrich Hoffmann ( Fot\u00f3grafo alem\u00e1n. Se uni\u00f3 al NSDAP en 1920 y fue escogido por Adolf Hitler como su fot\u00f3grafo personal. Hoffmann se convirti\u00f3 en compa\u00f1ero constante y cercano amigo de Hitler, y para 1945 hab\u00eda tomado m\u00e1s de 2.23 millones de fotograf\u00edas del F\u00fchrer).<\/span><br \/>\n.<\/span><\/span><\/p>\n","protected":false},"excerpt":{"rendered":"<p align=\"justify\"><span style=\"font-size: medium\"><span style=\"font-family: Verdana\"><strong>DESCRIPCION:<\/strong> Foto <span style=\"color: #ff0000\">original<\/span> de\u00a0prensa de<span style=\"color: #ff0000\"> 13<\/span> x <span style=\"color: #ff0000\">18 cm<\/span>, en papel <span style=\"color: #ff0000\">&#8220;Agfa-Brovira&#8221;<\/span>, tomada a el d\u00eda <span style=\"color: #ff0000\">1<\/span> de <span style=\"color: #ff0000\">octubre<\/span> de <span style=\"color: #ff0000\">1941 <\/span>a\u00a0<span style=\"color: #ff0000\">&#8220;Hitler&#8221;<\/span>\u00a0durante la campa\u00f1a de <span style=\"color: #ff0000\">Rus\u00eda<\/span>, lleva sello de <span style=\"color: #ff0000\">Heinrich Hoffmann<\/span> ( Fot\u00f3grafo alem\u00e1n. Se uni\u00f3 al NSDAP en 1920 y fue escogido por Adolf Hitler como su fot\u00f3grafo personal. Hoffmann se convirti\u00f3 en compa\u00f1ero constante y cercano amigo de Hitler, y para 1945 hab\u00eda tomado m\u00e1s de 2.23 millones de fotograf\u00edas del F\u00fchrer).<br \/>\n.<\/span><\/span><\/p>\n","protected":false},"featured_media":9937,"template":"","meta":[],"product_brand":[],"product_cat":[203],"product_tag":[],"class_list":{"0":"post-9936","1":"product","2":"type-product","3":"status-publish","4":"has-post-thumbnail","6":"product_cat-albumes-de-fotos-fotos-y-postales","7":"sales-flash-overlay","8":"woocommerce-text-align-center","9":"woocommerce-image-align-center","10":"do-quantity-buttons","12":"first","13":"instock","14":"purchasable","15":"product-type-simple"},"_links":{"self":[{"href":"https:\/\/original-militaria.com\/en\/wp-json\/wp\/v2\/product\/9936","targetHints":{"allow":["GET"]}}],"collection":[{"href":"https:\/\/original-militaria.com\/en\/wp-json\/wp\/v2\/product"}],"about":[{"href":"https:\/\/original-militaria.com\/en\/wp-json\/wp\/v2\/types\/product"}],"wp:featuredmedia":[{"embeddable":true,"href":"https:\/\/original-militaria.com\/en\/wp-json\/wp\/v2\/media\/9937"}],"wp:attachment":[{"href":"https:\/\/original-militaria.com\/en\/wp-json\/wp\/v2\/media?parent=9936"}],"wp:term":[{"taxonomy":"product_brand","embeddable":true,"href":"https:\/\/original-militaria.com\/en\/wp-json\/wp\/v2\/product_brand?post=9936"},{"taxonomy":"product_cat","embeddable":true,"href":"https:\/\/original-militaria.com\/en\/wp-json\/wp\/v2\/product_cat?post=9936"},{"taxonomy":"product_tag","embeddable":true,"href":"https:\/\/original-militaria.com\/en\/wp-json\/wp\/v2\/product_tag?post=9936"}],"curies":[{"name":"wp","href":"https:\/\/api.w.org\/{rel}","templated":true}]}}