{"id":9913,"date":"2017-09-05T11:51:08","date_gmt":"2017-09-05T11:51:08","guid":{"rendered":"https:\/\/original-militaria.com\/?post_type=product&#038;p=9913"},"modified":"2022-01-31T19:07:29","modified_gmt":"2022-01-31T18:07:29","slug":"foto-del-mariscal-de-campo-walther-von-brauchitsch","status":"publish","type":"product","link":"https:\/\/original-militaria.com\/en\/producto\/foto-del-mariscal-de-campo-walther-von-brauchitsch\/","title":{"rendered":"Wehrmacht\/ Private Original Photo by Von Brauchitsch&#8211;WH\/ Foto del Mariscal de Campo &#8221; Walther von Brauchitsch&#8221;"},"content":{"rendered":"<p align=\"justify\"><span style=\"font-family: verdana, geneva, sans-serif;font-size: 12pt\">Foto original privada del Mariscal de Campo y Cruz de Caballero &#8220;Von Brauchitsch&#8221; durante la Campa\u00f1a de Francia con su bast\u00f3n de mando, de 10 cm x 7,50 cm en papel &#8220;Agfa-Brovira&#8221;. Proviene de una colecci\u00f3n de fotos y sellos que hemos comprado de un antiguo Oficial Alem\u00e1n afincado en Alicante.<\/span><\/p>\n","protected":false},"excerpt":{"rendered":"<p align=\"justify\"><span style=\"font-family: Verdana\"><strong>ANTECEDENTES:<\/strong> Heinrich Alfred Hermann Walther von Brauchitsch (4 de octubre de 1881, Berl\u00edn &#8211; 18 de octubre de 1948, Hamburgo) comandante en jefe del OKH (Alto Mando del Ej\u00e9rcito) en los primeros a\u00f1os de la Segunda Guerra Mundial. Naci\u00f3 en Berl\u00edn, hijo del general Bernhard von Brauchitsch. En 1900, tras entrenarse en la escuela de cadetes, Von Brauchitsch sirvi\u00f3 en la Guardia Prusiana, y durante la Primera Guerra Mundial fue oficial del Estado Mayor. Cuando Adolf Hitler lleg\u00f3 al poder y comenz\u00f3 a expandir el ej\u00e9rcito, Von Brauchitsch fue nombrado jefe del distrito militar de Prusia Oriental, en substituci\u00f3n de Werner von Blomberg. En 1937, se convirti\u00f3 en comandante del IV Ej\u00e9rcito. Persona de gran confianza para Hitler. En septiembre de 1938, un grupo de oficiales empez\u00f3 a conspirar contra Hitler y repetidamente intentaron convencer a Von Brauchitsch, como comandante en jefe del Ej\u00e9rcito, para que liderara el esperado golpe de Estado, pero su \u00fanica promesa fue su famosa respuesta: \u201cYo no har\u00e9 nada, pero no impedir\u00e9 que otros act\u00faen.\u201d. Nombrado mariscal de campo en 1940 y fue una pieza clave en la guerra de blitzkrieg contra el oeste, dirigiendo las campa\u00f1as de Polonia y de los Balcanes y modificando el plan original para tomar Francia. No tuvo \u00e9xito, sin embargo, en la misi\u00f3n de conquistar Mosc\u00fa, en la primera parte de la Operaci\u00f3n Barbarroja de la guerra contra la URSS, que \u00e9l y muchos generales alemanes pensaban que iba a ser una guerra r\u00e1pida. Cuando el general ruso Georgi Zh\u00fakov inici\u00f3 la contraofensiva de la Batalla de Mosc\u00fa, Von Brauchitsch sufri\u00f3 un ataque cardiaco que le incapacit\u00f3 al frente de su comandancia. Present\u00f3 su renuncia al F\u00fchrer, quien le culpaba del retraso en la toma de Mosc\u00fa. Hitler le relev\u00f3 de su cargo el 19 de diciembre de 1941, situaci\u00f3n que aprovech\u00f3 para convertirse \u00e9l mismo en comandante en jefe del OKH.<\/span><\/p>\n<p align=\"justify\"><span style=\"font-family: Verdana\"><strong>DESCRIPCION:<\/strong> Foto original privada del Mariscal de Campo y Cruz de Caballero <span style=\"color: #ff0000\">&#8220;Von Brauchitsch&#8221;<\/span> durante la Campa\u00f1a de Francia con su bast\u00f3n de mando, de <span style=\"color: #ff0000\">10 cm<\/span> x <span style=\"color: #ff0000\">7,50 cm<\/span> en papel <span style=\"color: #ff0000\">&#8220;Agfa-Brovira&#8221;<\/span>. Proviene de una colecci\u00f3n de fotos y sellos que hemos comprado de un antiguo Oficial Alem\u00e1n afincado en Alicante.<\/span><\/p>\n","protected":false},"featured_media":9914,"template":"","meta":[],"product_brand":[],"product_cat":[224],"product_tag":[],"class_list":{"0":"post-9913","1":"product","2":"type-product","3":"status-publish","4":"has-post-thumbnail","6":"product_cat-archivo-vendidos","7":"sales-flash-overlay","8":"woocommerce-text-align-center","9":"woocommerce-image-align-center","10":"do-quantity-buttons","12":"first","13":"outofstock","14":"purchasable","15":"product-type-simple"},"_links":{"self":[{"href":"https:\/\/original-militaria.com\/en\/wp-json\/wp\/v2\/product\/9913","targetHints":{"allow":["GET"]}}],"collection":[{"href":"https:\/\/original-militaria.com\/en\/wp-json\/wp\/v2\/product"}],"about":[{"href":"https:\/\/original-militaria.com\/en\/wp-json\/wp\/v2\/types\/product"}],"wp:featuredmedia":[{"embeddable":true,"href":"https:\/\/original-militaria.com\/en\/wp-json\/wp\/v2\/media\/9914"}],"wp:attachment":[{"href":"https:\/\/original-militaria.com\/en\/wp-json\/wp\/v2\/media?parent=9913"}],"wp:term":[{"taxonomy":"product_brand","embeddable":true,"href":"https:\/\/original-militaria.com\/en\/wp-json\/wp\/v2\/product_brand?post=9913"},{"taxonomy":"product_cat","embeddable":true,"href":"https:\/\/original-militaria.com\/en\/wp-json\/wp\/v2\/product_cat?post=9913"},{"taxonomy":"product_tag","embeddable":true,"href":"https:\/\/original-militaria.com\/en\/wp-json\/wp\/v2\/product_tag?post=9913"}],"curies":[{"name":"wp","href":"https:\/\/api.w.org\/{rel}","templated":true}]}}