{"id":9909,"date":"2017-09-05T11:51:07","date_gmt":"2017-09-05T11:51:07","guid":{"rendered":"https:\/\/original-militaria.com\/?post_type=product&#038;p=9909"},"modified":"2022-01-31T19:07:29","modified_gmt":"2022-01-31T18:07:29","slug":"funda-protege-planos-m35","status":"publish","type":"product","link":"https:\/\/original-militaria.com\/en\/producto\/funda-protege-planos-m35\/","title":{"rendered":"Wehrmacht\/ M35 Map\/Dispatch Case&#8212;WH\/Funda Protege Planos M35"},"content":{"rendered":"<p align=\"justify\"><span style=\"font-size: medium\"><span style=\"font-family: Verdana\"><strong>A<span style=\"font-size: 12pt;font-family: verdana, geneva, sans-serif\">NTECEDENTES:<\/span><\/strong><span style=\"font-size: 12pt;font-family: verdana, geneva, sans-serif\"> Los portaplanos se emitieron de forma limitada para el personal designado como comandantes de unidad, mensajeros y observadores. El portaplanos M35 estaba basado en el modelo usado durante la Rep\u00fablica de\u00a0Weimar con variaciones menores. Fue modificado con un cierre frontal a mediados de 1936, y un peque\u00f1o bolsillo delantero se a\u00f1adi\u00f3 en 1938, aunque los primeros modelos siguieron siendo fabricados a lo largo de la guerra. Estos porta\u00a0planos fueron emitidos con una gran variedad de herramientas de lectura de mapas, instrumentos y accesorios. Uno de estos, fue la funda protege planos, la cual se entregaba con cada portaplanos M35.<\/span><\/span><\/span><\/p>\n<p align=\"justify\"><span style=\"font-size: 12pt;font-family: verdana, geneva, sans-serif\"><strong>DESCRIPCION:<\/strong> Funda protege planos M35 (Kartenmuffe f\u00fcr Meldekartentasche M35), fabricada en\u00a0acetato y cuero, a doble cara, cosida a m\u00e1quina, mide 23 cm x 16 cm, tiene un borde de piel blanca abierto. El borde tiene tres remaches de aluminio natural (sin limpiar) y est\u00e1 bien marcado con su &#8220;R.B. No.&#8221; y el c\u00f3digo.<\/span><\/p>\n","protected":false},"excerpt":{"rendered":"<p align=\"justify\"><span style=\"font-size: medium\"><span style=\"font-family: Verdana\"><strong>ANTECEDENTES:<\/strong> Los portaplanos se emitieron de forma limitada para el personal designado como comandantes de unidad, mensajeros y observadores. El portaplanos M35 estaba basado en el modelo usado durante la Rep\u00fablica de\u00a0Weimar con variaciones menores. Fue modificado con un cierre frontal a mediados de 1936, y un peque\u00f1o bolsillo delantero se a\u00f1adi\u00f3 en 1938, aunque los primeros modelos siguieron siendo fabricados a lo largo de la guerra. Estos porta\u00a0planos fueron emitidos con una gran variedad de herramientas de lectura de mapas, instrumentos y accesorios. Uno de estos, fue la funda protege planos, la cual se entregaba con cada portaplanos M35.<\/span><\/span><\/p>\n<p align=\"justify\"><span style=\"font-size: medium\"><span style=\"font-family: Verdana\"><strong>DESCRIPCION:<\/strong> Funda protege planos M35 (Kartenmuffe f\u00fcr Meldekartentasche M35), fabricada en\u00a0acetato y cuero, a doble cara, cosida a m\u00e1quina, mide 23 cm x 16 cm, tiene un borde de piel blanca abierto. El borde tiene tres remaches de aluminio natural (sin limpiar) y est\u00e1 bien marcado con su <span style=\"color: #ff0000\">&#8220;R.B. No.&#8221;<\/span> y el c\u00f3digo.<\/span><\/span><\/p>\n","protected":false},"featured_media":9910,"template":"","meta":[],"product_brand":[],"product_cat":[224],"product_tag":[],"class_list":{"0":"post-9909","1":"product","2":"type-product","3":"status-publish","4":"has-post-thumbnail","6":"product_cat-archivo-vendidos","7":"sales-flash-overlay","8":"woocommerce-text-align-center","9":"woocommerce-image-align-center","10":"do-quantity-buttons","12":"first","13":"outofstock","14":"purchasable","15":"product-type-simple"},"_links":{"self":[{"href":"https:\/\/original-militaria.com\/en\/wp-json\/wp\/v2\/product\/9909","targetHints":{"allow":["GET"]}}],"collection":[{"href":"https:\/\/original-militaria.com\/en\/wp-json\/wp\/v2\/product"}],"about":[{"href":"https:\/\/original-militaria.com\/en\/wp-json\/wp\/v2\/types\/product"}],"wp:featuredmedia":[{"embeddable":true,"href":"https:\/\/original-militaria.com\/en\/wp-json\/wp\/v2\/media\/9910"}],"wp:attachment":[{"href":"https:\/\/original-militaria.com\/en\/wp-json\/wp\/v2\/media?parent=9909"}],"wp:term":[{"taxonomy":"product_brand","embeddable":true,"href":"https:\/\/original-militaria.com\/en\/wp-json\/wp\/v2\/product_brand?post=9909"},{"taxonomy":"product_cat","embeddable":true,"href":"https:\/\/original-militaria.com\/en\/wp-json\/wp\/v2\/product_cat?post=9909"},{"taxonomy":"product_tag","embeddable":true,"href":"https:\/\/original-militaria.com\/en\/wp-json\/wp\/v2\/product_tag?post=9909"}],"curies":[{"name":"wp","href":"https:\/\/api.w.org\/{rel}","templated":true}]}}