{"id":9904,"date":"2017-09-05T11:51:06","date_gmt":"2017-09-05T11:51:06","guid":{"rendered":"https:\/\/original-militaria.com\/?post_type=product&#038;p=9904"},"modified":"2022-01-08T19:19:39","modified_gmt":"2022-01-08T19:19:39","slug":"tercer-reich-postal-de-propaganda-2","status":"publish","type":"product","link":"https:\/\/original-militaria.com\/en\/producto\/tercer-reich-postal-de-propaganda-2\/","title":{"rendered":"Tercer Reich\/ Postal de Propaganda&#8212;-Third Reich Propaganda Postcard"},"content":{"rendered":"<p align=\"justify\"><span style=\"font-family: verdana, geneva, sans-serif; font-size: 12pt;\"><strong>ANTECEDENTES:<\/strong> El instinto humano b\u00e1sico que dicta a los soldados en el campo, independientemente de su nacionalidad, es siempre informar a sus seres queridos en casa. Como resultado de ello era muy com\u00fan para estos soldados enviar noticias a casa. A pesar de las limitaciones, una de las formas m\u00e1s populares fue las postales, estas eran relativamente baratas y f\u00e1ciles de conseguir y enviar. Entre estas ten\u00edan mucha aceptaci\u00f3n las fotograf\u00edas postales que al mismo tiempo serv\u00edan de propaganda. <\/span><\/p>\n<p><span style=\"font-family: verdana, geneva, sans-serif; font-size: 12pt;\"><strong>DESCRIPCION:<\/strong> III Reich, Postal en color de propaganda (Propaganda Postkarte) en Espa\u00f1ol.<\/span><\/p>\n<p>&nbsp;<\/p>\n","protected":false},"excerpt":{"rendered":"<p align=\"justify\"><span style=\"font-family: Verdana;\"><strong>ANTECEDENTES:<\/strong> El instinto humano b\u00e1sico que dicta a los soldados en el campo, independientemente de su nacionalidad, es siempre informar a sus seres queridos en casa. Como resultado de ello era muy com\u00fan para estos soldados enviar noticias a casa. A pesar de las limitaciones, una de las formas m\u00e1s populares fue las postales, estas eran relativamente baratas y f\u00e1ciles de conseguir y enviar. Entre estas ten\u00edan mucha aceptaci\u00f3n las fotograf\u00edas postales que al mismo tiempo serv\u00edan de propaganda. <\/span><\/p>\n<p><strong>DESCRIPCION:<\/strong> III Reich, Postal en color de propaganda (Propaganda Postkarte) en Espa\u00f1ol.<\/p>\n<p>&nbsp;<\/p>\n","protected":false},"featured_media":9905,"template":"","meta":[],"product_brand":[],"product_cat":[172,203],"product_tag":[],"class_list":{"0":"post-9904","1":"product","2":"type-product","3":"status-publish","4":"has-post-thumbnail","6":"product_cat-militaria-alemana-ww2","7":"product_cat-albumes-de-fotos-fotos-y-postales","8":"sales-flash-overlay","9":"woocommerce-text-align-center","10":"woocommerce-image-align-center","11":"do-quantity-buttons","13":"first","14":"instock","15":"purchasable","16":"product-type-simple"},"_links":{"self":[{"href":"https:\/\/original-militaria.com\/en\/wp-json\/wp\/v2\/product\/9904","targetHints":{"allow":["GET"]}}],"collection":[{"href":"https:\/\/original-militaria.com\/en\/wp-json\/wp\/v2\/product"}],"about":[{"href":"https:\/\/original-militaria.com\/en\/wp-json\/wp\/v2\/types\/product"}],"wp:featuredmedia":[{"embeddable":true,"href":"https:\/\/original-militaria.com\/en\/wp-json\/wp\/v2\/media\/9905"}],"wp:attachment":[{"href":"https:\/\/original-militaria.com\/en\/wp-json\/wp\/v2\/media?parent=9904"}],"wp:term":[{"taxonomy":"product_brand","embeddable":true,"href":"https:\/\/original-militaria.com\/en\/wp-json\/wp\/v2\/product_brand?post=9904"},{"taxonomy":"product_cat","embeddable":true,"href":"https:\/\/original-militaria.com\/en\/wp-json\/wp\/v2\/product_cat?post=9904"},{"taxonomy":"product_tag","embeddable":true,"href":"https:\/\/original-militaria.com\/en\/wp-json\/wp\/v2\/product_tag?post=9904"}],"curies":[{"name":"wp","href":"https:\/\/api.w.org\/{rel}","templated":true}]}}