{"id":9889,"date":"2017-09-05T11:50:49","date_gmt":"2017-09-05T11:50:49","guid":{"rendered":"https:\/\/original-militaria.com\/?post_type=product&#038;p=9889"},"modified":"2026-01-17T16:10:20","modified_gmt":"2026-01-17T15:10:20","slug":"republica-tarjeta-postal-de-campana-1938-2","status":"publish","type":"product","link":"https:\/\/original-militaria.com\/en\/producto\/republica-tarjeta-postal-de-campana-1938-2\/","title":{"rendered":"Rep\u00fablica\/ Tarjeta Postal de Campa\u00f1a, 1938"},"content":{"rendered":"<p style=\"text-align: justify\" align=\"justify\"><span style=\"font-family: verdana, geneva, sans-serif;font-size: 12pt\"><strong>ANTECEDENTES:<\/strong> La guerra civil que tuvo lugar en Espa\u00f1a entre el pronunciamiento del 17 y 18 de julio de 1936 y el \u00faltimo parte de guerra firmado por Francisco Franco el 1 de abril de 1939. Los bandos en contienda se denominaron a s\u00ed mismos bando nacional (el vencedor, organizado en torno a los militares sublevados) y bando republicano (el perdedor, que se fue constituyendo en torno al gobierno de la Segunda Rep\u00fablica Espa\u00f1ola, ejercido por el Frente Popular desde las elecciones de febrero de 1936); mientras que recib\u00edan de su contrario los adjetivos de fascista y rojo. <\/span><\/p>\n<p style=\"text-align: justify\"><span style=\"font-family: verdana, geneva, sans-serif;font-size: 12pt\"><strong>DESCRIPCION:<\/strong> Extremadamente rara tarjeta postal de Campa\u00f1a del bando Republicano manuscrita, circulada. Es del <span style=\"color: #ff0000\">&#8220;Ej\u00e9rcito del Centro, Estado Mayor, Comisariado de Guerra, Inspecci\u00f3n del Centro&#8221;<\/span>, con alegor\u00eda para las madres y parientes\u00a0<span style=\"color: #ff0000\">&#8220;Madres, hermanas, nov\u00edas, sois\u00a0con vuestro cari\u00f1o al combatiente un factor en la victor\u00eda&#8221;<\/span>. En el reverso lleva mensaje a su madre escrito el d\u00eda <span style=\"color: #ff0000\">25<\/span> de <span style=\"color: #ff0000\">julio\u00a0<\/span>de <span style=\"color: #ff0000\">1938<\/span>, desde la <span style=\"color: #ff0000\">&#8220;Agrupaci\u00f3n de Zapadores de la XIII Divisi\u00f3n&#8221;<\/span>.<\/span><\/p>\n","protected":false},"excerpt":{"rendered":"<p align=\"justify\"><span style=\"font-family: Verdana\"><span style=\"font-size: medium\"><strong>ANTECEDENTES:<\/strong> La guerra civil que tuvo lugar en Espa\u00f1a entre el pronunciamiento del 17 y 18 de julio de 1936 y el \u00faltimo parte de guerra firmado por Francisco Franco el 1 de abril de 1939. Los bandos en contienda se denominaron a s\u00ed mismos bando nacional (el vencedor, organizado en torno a los militares sublevados) y bando republicano (el perdedor, que se fue constituyendo en torno al gobierno de la Segunda Rep\u00fablica Espa\u00f1ola, ejercido por el Frente Popular desde las elecciones de febrero de 1936); mientras que recib\u00edan de su contrario los adjetivos de fascista y rojo. <\/span><\/span><\/p>\n<p><strong>DESCRIPCION:<\/strong> Extremadamente rara tarjeta postal de Campa\u00f1a del bando Republicano manuscrita, circulada. Es del <span style=\"color: #ff0000\">&#8220;Ej\u00e9rcito del Centro, Estado Mayor, Comisariado de Guerra, Inspecci\u00f3n del Centro&#8221;<\/span>, con alegor\u00eda para las madres y parientes\u00a0<span style=\"color: #ff0000\">&#8220;Madres, hermanas, nov\u00edas, sois\u00a0con vuestro cari\u00f1o al combatiente un factor en la victor\u00eda&#8221;<\/span>. En el reverso lleva mensaje a su madre escrito el d\u00eda <span style=\"color: #ff0000\">25<\/span> de <span style=\"color: #ff0000\">julio\u00a0<\/span>de <span style=\"color: #ff0000\">1938<\/span>, desde la <span style=\"color: #ff0000\">&#8220;Agrupaci\u00f3n de Zapadores de la XIII Divisi\u00f3n&#8221;<\/span>.<\/p>\n","protected":false},"featured_media":9890,"template":"","meta":[],"product_brand":[],"product_cat":[194],"product_tag":[],"class_list":{"0":"post-9889","1":"product","2":"type-product","3":"status-publish","4":"has-post-thumbnail","6":"product_cat-guerra-civil","7":"sales-flash-overlay","8":"woocommerce-text-align-center","9":"woocommerce-image-align-center","10":"do-quantity-buttons","12":"first","13":"instock","14":"purchasable","15":"product-type-simple"},"_links":{"self":[{"href":"https:\/\/original-militaria.com\/en\/wp-json\/wp\/v2\/product\/9889","targetHints":{"allow":["GET"]}}],"collection":[{"href":"https:\/\/original-militaria.com\/en\/wp-json\/wp\/v2\/product"}],"about":[{"href":"https:\/\/original-militaria.com\/en\/wp-json\/wp\/v2\/types\/product"}],"wp:featuredmedia":[{"embeddable":true,"href":"https:\/\/original-militaria.com\/en\/wp-json\/wp\/v2\/media\/9890"}],"wp:attachment":[{"href":"https:\/\/original-militaria.com\/en\/wp-json\/wp\/v2\/media?parent=9889"}],"wp:term":[{"taxonomy":"product_brand","embeddable":true,"href":"https:\/\/original-militaria.com\/en\/wp-json\/wp\/v2\/product_brand?post=9889"},{"taxonomy":"product_cat","embeddable":true,"href":"https:\/\/original-militaria.com\/en\/wp-json\/wp\/v2\/product_cat?post=9889"},{"taxonomy":"product_tag","embeddable":true,"href":"https:\/\/original-militaria.com\/en\/wp-json\/wp\/v2\/product_tag?post=9889"}],"curies":[{"name":"wp","href":"https:\/\/api.w.org\/{rel}","templated":true}]}}