{"id":9815,"date":"2017-09-05T11:50:27","date_gmt":"2017-09-05T11:50:27","guid":{"rendered":"https:\/\/original-militaria.com\/?post_type=product&#038;p=9815"},"modified":"2026-03-20T11:45:04","modified_gmt":"2026-03-20T10:45:04","slug":"falange-franco-pulsera-patriotica-anos-40","status":"publish","type":"product","link":"https:\/\/original-militaria.com\/en\/producto\/falange-franco-pulsera-patriotica-anos-40\/","title":{"rendered":"Falange\/Franco, Pulsera Patri\u00f3tica A\u00f1os 40"},"content":{"rendered":"<p align=\"justify\"><span style=\"font-family: Verdana;\"><span style=\"font-size: medium;\"><strong>DESCRIPCION:<\/strong> Patri\u00f3tica pulsera de los a\u00f1os <span style=\"color: #ff0000;\">40 <\/span>con <span style=\"color: #ff0000;\">10\u00a0<\/span>insignias de las Fuerzas Armadas Espa\u00f1olas, Falange etc, fabricadas el joyer\u00eda. Se vend\u00edan en las joyer\u00edas de la \u00e9poca. Mide 18,50 cm.<\/span> <\/span><\/p>\n","protected":false},"excerpt":{"rendered":"<p align=\"justify\"><span style=\"font-family: Verdana;\"><span style=\"font-size: medium;\"><strong>DESCRIPCION:<\/strong> Patri\u00f3tica pulsera de los a\u00f1os <span style=\"color: #ff0000;\">40 <\/span>con <span style=\"color: #ff0000;\">10\u00a0<\/span>insignias de las Fuerzas Armadas Espa\u00f1olas, Falange etc, fabricadas el joyer\u00eda. Se vend\u00edan en las joyer\u00edas de la \u00e9poca. Mide 18,50 cm.<\/span> <\/span><\/p>\n","protected":false},"featured_media":9816,"template":"","meta":[],"product_brand":[],"product_cat":[194],"product_tag":[],"class_list":{"0":"post-9815","1":"product","2":"type-product","3":"status-publish","4":"has-post-thumbnail","6":"product_cat-guerra-civil","7":"sales-flash-overlay","8":"woocommerce-text-align-center","9":"woocommerce-image-align-center","10":"do-quantity-buttons","12":"first","13":"instock","14":"purchasable","15":"product-type-simple"},"_links":{"self":[{"href":"https:\/\/original-militaria.com\/en\/wp-json\/wp\/v2\/product\/9815","targetHints":{"allow":["GET"]}}],"collection":[{"href":"https:\/\/original-militaria.com\/en\/wp-json\/wp\/v2\/product"}],"about":[{"href":"https:\/\/original-militaria.com\/en\/wp-json\/wp\/v2\/types\/product"}],"wp:featuredmedia":[{"embeddable":true,"href":"https:\/\/original-militaria.com\/en\/wp-json\/wp\/v2\/media\/9816"}],"wp:attachment":[{"href":"https:\/\/original-militaria.com\/en\/wp-json\/wp\/v2\/media?parent=9815"}],"wp:term":[{"taxonomy":"product_brand","embeddable":true,"href":"https:\/\/original-militaria.com\/en\/wp-json\/wp\/v2\/product_brand?post=9815"},{"taxonomy":"product_cat","embeddable":true,"href":"https:\/\/original-militaria.com\/en\/wp-json\/wp\/v2\/product_cat?post=9815"},{"taxonomy":"product_tag","embeddable":true,"href":"https:\/\/original-militaria.com\/en\/wp-json\/wp\/v2\/product_tag?post=9815"}],"curies":[{"name":"wp","href":"https:\/\/api.w.org\/{rel}","templated":true}]}}