{"id":9784,"date":"2017-09-05T11:50:18","date_gmt":"2017-09-05T11:50:18","guid":{"rendered":"https:\/\/original-militaria.com\/?post_type=product&#038;p=9784"},"modified":"2026-01-10T15:59:37","modified_gmt":"2026-01-10T14:59:37","slug":"lw-foto-de-prensa-de-un-junkers-ju-87-stuka","status":"publish","type":"product","link":"https:\/\/original-militaria.com\/en\/producto\/lw-foto-de-prensa-de-un-junkers-ju-87-stuka\/","title":{"rendered":"Luftwaffe\/ Press photo of a Junkers Ju 87 Stuka&#8212;LW\/ Foto de Prensa de un Junkers Ju 87 Stuka"},"content":{"rendered":"<p align=\"justify\"><span style=\"font-size: 12pt; font-family: verdana, geneva, sans-serif;\"><strong>ANTECEDENTES:<\/strong> El Junkers Ju 87 o Stuka (del alem\u00e1n Sturzkampfflugzeug, &#8220;bombardero en picado&#8221;) fue un avi\u00f3n de ataque a tierra empleado por la Luftwaffe durante la Segunda Guerra Mundial, f\u00e1cilmente reconocible por sus alas de gaviota invertida y su tren de aterrizaje fijo. Ning\u00fan otro avi\u00f3n ha resultado tan efectivo en condiciones de superioridad a\u00e9rea; ninguno tan vulnerable, cuando encontraba oposici\u00f3n. La terror\u00edfica leyenda del Stuka, forjada por sus \u00e9xitos en Polonia, Noruega, Pa\u00edses Bajos y Francia, se opaco m\u00e1s tarde, tras su bajo rendimiento frente a los cazas de la RAF. <\/span><\/p>\n<p align=\"justify\"><span style=\"font-size: medium;\"><span style=\"font-family: Verdana;\"><span style=\"font-size: 12pt;\"><span style=\"font-family: verdana, geneva, sans-serif;\"><strong>DESCRIPCION:<\/strong> Gran foto de prensa de un<\/span> &#8220;Ju 87 Stuka&#8221; en vuelo durante la campa\u00f1a de Rusia, mide <strong>24 cm x 19 cm<\/strong>. Excelente conservaci\u00f3n y foto.<\/span><br \/>\n<\/span><\/span><\/p>\n","protected":false},"excerpt":{"rendered":"<p align=\"justify\"><span style=\"font-size: medium;\"><span style=\"font-family: Verdana;\"><strong>ANTECEDENTES:<\/strong> El Junkers Ju 87 o Stuka (del alem\u00e1n Sturzkampfflugzeug, &#8220;bombardero en picado&#8221;) fue un avi\u00f3n de ataque a tierra empleado por la Luftwaffe durante la Segunda Guerra Mundial, f\u00e1cilmente reconocible por sus alas de gaviota invertida y su tren de aterrizaje fijo. Ning\u00fan otro avi\u00f3n ha resultado tan efectivo en condiciones de superioridad a\u00e9rea; ninguno tan vulnerable, cuando encontraba oposici\u00f3n. La terror\u00edfica leyenda del Stuka, forjada por sus \u00e9xitos en Polonia, Noruega, Pa\u00edses Bajos y Francia, se opaco m\u00e1s tarde, tras su bajo rendimiento frente a los cazas de la RAF. <\/span><\/span><\/p>\n<p align=\"justify\"><span style=\"font-size: medium;\"><span style=\"font-family: Verdana;\"><strong>DESCRIPCION:<\/strong> Gran foto de prensa de un <span style=\"color: #ff0000;\">&#8220;Ju 87 Stuka&#8221;<\/span> en vuelo deurante la campa\u00f1a de Rusia, mide<span style=\"color: #ff0000;\"> 24 cm<\/span> x <span style=\"color: #ff0000;\">19 cm<\/span>. Excelente conservaci\u00f3n y foto.<br \/>\n<\/span><\/span><\/p>\n","protected":false},"featured_media":9785,"template":"","meta":[],"product_brand":[],"product_cat":[224],"product_tag":[],"class_list":{"0":"post-9784","1":"product","2":"type-product","3":"status-publish","4":"has-post-thumbnail","6":"product_cat-archivo-vendidos","7":"sales-flash-overlay","8":"woocommerce-text-align-center","9":"woocommerce-image-align-center","10":"do-quantity-buttons","12":"first","13":"outofstock","14":"product-type-simple"},"_links":{"self":[{"href":"https:\/\/original-militaria.com\/en\/wp-json\/wp\/v2\/product\/9784","targetHints":{"allow":["GET"]}}],"collection":[{"href":"https:\/\/original-militaria.com\/en\/wp-json\/wp\/v2\/product"}],"about":[{"href":"https:\/\/original-militaria.com\/en\/wp-json\/wp\/v2\/types\/product"}],"wp:featuredmedia":[{"embeddable":true,"href":"https:\/\/original-militaria.com\/en\/wp-json\/wp\/v2\/media\/9785"}],"wp:attachment":[{"href":"https:\/\/original-militaria.com\/en\/wp-json\/wp\/v2\/media?parent=9784"}],"wp:term":[{"taxonomy":"product_brand","embeddable":true,"href":"https:\/\/original-militaria.com\/en\/wp-json\/wp\/v2\/product_brand?post=9784"},{"taxonomy":"product_cat","embeddable":true,"href":"https:\/\/original-militaria.com\/en\/wp-json\/wp\/v2\/product_cat?post=9784"},{"taxonomy":"product_tag","embeddable":true,"href":"https:\/\/original-militaria.com\/en\/wp-json\/wp\/v2\/product_tag?post=9784"}],"curies":[{"name":"wp","href":"https:\/\/api.w.org\/{rel}","templated":true}]}}