{"id":9732,"date":"2017-09-05T11:50:02","date_gmt":"2017-09-05T11:50:02","guid":{"rendered":"https:\/\/original-militaria.com\/?post_type=product&#038;p=9732"},"modified":"2026-04-12T13:22:12","modified_gmt":"2026-04-12T11:22:12","slug":"ss-maquina-de-escribir-continental","status":"publish","type":"product","link":"https:\/\/original-militaria.com\/en\/producto\/ss-maquina-de-escribir-continental\/","title":{"rendered":"Waffen SS\/ Typewriter &#8220;Continental&#8221; Brand&#8212;Waffen SS\/ M\u00e1quina de Escribir &#8220;Continental&#8221;"},"content":{"rendered":"<p align=\"justify\"><span style=\"font-size: medium;\"><span style=\"font-family: Verdana;\"><span style=\"font-size: 12pt;\"><span style=\"font-family: verdana, geneva, sans-serif;\">M\u00e1quina de escribir (SS-Schreibmaschine) de la marca<\/span> &#8220;Continental&#8221; en su caja de transporte, de color negro liso. Los registros de la Typewriter Database con n\u00famero de serie &#8220;R220682&#8221; (El prefijo &#8220;R&#8221; denota la serie de m\u00e1quinas port\u00e1tiles (Reiseschreibmaschinen) indica que fue fabricada en 1939. <\/span><\/span><\/span><span style=\"font-size: medium;\"><span style=\"font-family: Verdana;\"><span style=\"font-size: 12pt;\">Tiene las runas &#8220;SS&#8221; especiales en el bot\u00f3n n\u00famero &#8220;5&#8221;. Producida por Wanderer Werke &#8211; Sch\u00f6nau Chemnitz. Todav\u00eda conserva intacta la etiqueta de la casa comercializadora &#8220;B\u00fcromachinen -B\u00fcrobedarf, Germann Braun, Stuttgart-S M\u00fchlrain 14 RUF706213&#8221; (M\u00e1quinas de Oficina-Material de Oficina, Germann Braun de la ciudad de Stuttgart, calle M\u00fchlrain n\u00ba 14). Tiene bien definida la manufactura de la m\u00e1quina &#8220;Continental&#8221; encima del rodillo, y en la parte de atr\u00e1s. En perfecto funcionamiento. Esta magn\u00edfica m\u00e1quina viene acompa\u00f1ada de un estuche de madera negra, original de la m\u00e1quina, con una cubierta de imitaci\u00f3n de cuero negro. En muy buen estado. Estas m\u00e1quinas de escribir son dif\u00edciles de encontrar, ya que casi todas fueron reacondicionadas despu\u00e9s de la guerra, reemplazando la tecla SS, o simplemente destruidas. <\/span><\/span><\/span><span style=\"font-size: medium;\"><span style=\"font-family: Verdana;\"><span style=\"font-size: 12pt;\">Excelente conservaci\u00f3n y funcionamiento, tanto de la m\u00e1quina como de la caja.<\/span><\/span><\/span><\/p>\n","protected":false},"excerpt":{"rendered":"<p align=\"justify\"><span style=\"font-size: medium;\"><span style=\"font-family: Verdana;\"><strong>DESCRIPCION:<\/strong> M\u00e1quina de escribir (SS-Schreibmaschine) de la marca <span style=\"color: #ff0000;\">&#8220;Continental&#8221;<\/span> en su caja de transporte, de color negro liso, fabricada en <span style=\"color: #ff0000;\">1939<\/span>, con n\u00famero de serie<span style=\"color: #ff0000;\"> &#8220;R220682&#8221;<\/span>. Tiene\u00a0las runas <span style=\"color: #ff0000;\">&#8220;SS&#8221;<\/span> especiales en el bot\u00f3n n\u00famero <span style=\"color: #ff0000;\">&#8220;5&#8221;<\/span>. Todav\u00eda conserva intacta la etiqueta de la casa comercializadora <span style=\"color: #ff0000;\">&#8220;B\u00fcromachinen -B\u00fcrobedarf, Germann Braun, Stuttgart-S M\u00fchlrain 14 RUF706213&#8221;<\/span> (Maquinas de Oficina-Material de Oficina, Germann Braun de la ciudad de Stuttgart, calle M\u00fchlrain n\u00ba 14). Tiene bien definida la manufactura de la maquina <span style=\"color: #ff0000;\">&#8220;Continental&#8221;<\/span>\u00a0encima del rodillo, y en la parte de atr\u00e1s. En perfecto funcionamiento.\u00a0Excelente conservaci\u00f3n y funcionamiento, tanto de la m\u00e1quina como de la caja.<br \/>\n<\/span><\/span><\/p>\n","protected":false},"featured_media":9733,"template":"","meta":[],"product_brand":[],"product_cat":[224],"product_tag":[],"class_list":{"0":"post-9732","1":"product","2":"type-product","3":"status-publish","4":"has-post-thumbnail","6":"product_cat-archivo-vendidos","7":"sales-flash-overlay","8":"woocommerce-text-align-center","9":"woocommerce-image-align-center","10":"do-quantity-buttons","12":"first","13":"outofstock","14":"purchasable","15":"product-type-simple"},"_links":{"self":[{"href":"https:\/\/original-militaria.com\/en\/wp-json\/wp\/v2\/product\/9732","targetHints":{"allow":["GET"]}}],"collection":[{"href":"https:\/\/original-militaria.com\/en\/wp-json\/wp\/v2\/product"}],"about":[{"href":"https:\/\/original-militaria.com\/en\/wp-json\/wp\/v2\/types\/product"}],"wp:featuredmedia":[{"embeddable":true,"href":"https:\/\/original-militaria.com\/en\/wp-json\/wp\/v2\/media\/9733"}],"wp:attachment":[{"href":"https:\/\/original-militaria.com\/en\/wp-json\/wp\/v2\/media?parent=9732"}],"wp:term":[{"taxonomy":"product_brand","embeddable":true,"href":"https:\/\/original-militaria.com\/en\/wp-json\/wp\/v2\/product_brand?post=9732"},{"taxonomy":"product_cat","embeddable":true,"href":"https:\/\/original-militaria.com\/en\/wp-json\/wp\/v2\/product_cat?post=9732"},{"taxonomy":"product_tag","embeddable":true,"href":"https:\/\/original-militaria.com\/en\/wp-json\/wp\/v2\/product_tag?post=9732"}],"curies":[{"name":"wp","href":"https:\/\/api.w.org\/{rel}","templated":true}]}}