{"id":9718,"date":"2017-09-05T11:49:58","date_gmt":"2017-09-05T11:49:58","guid":{"rendered":"https:\/\/original-militaria.com\/?post_type=product&#038;p=9718"},"modified":"2021-09-02T14:27:12","modified_gmt":"2021-09-02T14:27:12","slug":"foto-privada-del-vagon-y-delegacion-francesa-del-armisticio-de-francia-en-compiegne","status":"publish","type":"product","link":"https:\/\/original-militaria.com\/en\/producto\/foto-privada-del-vagon-y-delegacion-francesa-del-armisticio-de-francia-en-compiegne\/","title":{"rendered":"Private Photo of the Wagon and French Delegation of the Armistice of France in Compiegne&#8212;Foto Privada del Vag\u00f3n y Delegaci\u00f3n Francesa del Armisticio de Francia en Compiegne"},"content":{"rendered":"<p align=\"justify\"><span style=\"font-size: 12pt;font-family: verdana, geneva, sans-serif\"><strong>ANTECEDENTES:<\/strong> El vag\u00f3n 2419-D donde se firm\u00f3 aquel 11 de noviembre el armisticio de Alemania en 1918. Durante la Segunda Guerra Mundial, Hitler se tom\u00f3 revancha e hizo que los franceses firmaran su rendici\u00f3n en el mismo vag\u00f3n de Compiegne el 22 de junio de 1940. Despu\u00e9s los alemanes se lo llevaron como trofeo de guerra, as\u00ed como la inscripci\u00f3n de piedra donde se hac\u00eda alusi\u00f3n a la capitulaci\u00f3n. Poco antes de que acabara la contienda, las SS se encargaron de su destrucci\u00f3n, ante el temor de que se les hiciera firmar la rendici\u00f3n en \u00e9l por segunda vez.. Unidades especiales alemanas se desplazan al claro de Rethondes, y proceden, tras volar la fachada de la edificaci\u00f3n que conten\u00eda el vag\u00f3n 2419-D, a colocarlo en el punto exacto en que se encontraba el 11 de Noviembre de 1918. Hitler quer\u00eda resarcirse de aquella humillaci\u00f3n y obliga a los franceses a desplazarse al claro de Rethondes. En la ma\u00f1ana del 22 de Junio de 1940, nuevamente se re\u00fanen dos delegaciones. Por parte alemana acuden Adolf Hitler; el mariscal Goering, el almirante Reader, Rudolf Hess y Von Ribbentrop, acompa\u00f1an al Jefe del Alto Mando de las Fuerzas Armadas, el coronel general Keitel, que presidir\u00e1 la delegaci\u00f3n, y sus ayudantes. Por parte francesa, preside el general Huntziger, al que acompa\u00f1an, el embajador Noel, el vicealmirante Le Luc, el general Parisot, el general Bergeret, y como int\u00e9rprete, el ministro plenipotenciario Paul Schmitd.\u00a0<\/span><\/p>\n<p align=\"justify\"><span style=\"font-size: 12pt;font-family: verdana, geneva, sans-serif\"><strong>DESCRIPCION:<\/strong> Foto hist\u00f3rica original\u00a0privada del &#8220;Armisticio el 22 de junio de 1940 de Francia&#8221; en el mismo vag\u00f3n donde hab\u00eda firmado Alemania el armisticio el 11 de noviembre de 1918 en la Primera Guerra Mundial. La foto muestra a la delegaci\u00f3n francesa saliendo de la firma en el mismo vag\u00f3n donde los alemanes lo firmaron durante la WW1, la delegaci\u00f3n est\u00e1 compuesta por &#8220;El General Huntziger, el embajador Noel, el vicealmirante Le Luc, el general Parisot, el general Bergeret, y como int\u00e9rprete, el ministro plenipotenciario Paul Schmitd. De 12 cm x 9 cm en papel &#8220;Agfa-Brovira&#8221;, proviene de una colecci\u00f3n de fotos y sellos que hemos comprado de un antiguo Oficial Alem\u00e1n afincado en Alicante.<\/span><\/p>\n","protected":false},"excerpt":{"rendered":"<p align=\"justify\"><span style=\"font-size: medium\"><span style=\"font-family: Verdana\"><strong>ANTECEDENTES:<\/strong> El vag\u00f3n 2419-D donde se firm\u00f3 aquel 11 de noviembre el armisticio de Alemania en 1918. Durante la Segunda Guerra Mundial, Hitler se tom\u00f3 revancha e hizo que los franceses firmaran su rendici\u00f3n en el mismo vag\u00f3n de Compiegne el 22 de junio de 1940. Despu\u00e9s los alemanes se lo llevaron como trofeo de guerra, as\u00ed como la inscripci\u00f3n de piedra donde se hac\u00eda alusi\u00f3n a la capitulaci\u00f3n. Poco antes de que acabara la contienda, las SS se encargaron de su destrucci\u00f3n, ante el temor de que se les hiciera firmar la rendici\u00f3n en \u00e9l por segunda vez.. Unidades especiales alemanas se desplazan al claro de Rethondes, y proceden, tras volar la fachada de la edificaci\u00f3n que conten\u00eda el vag\u00f3n 2419-D, a colocarlo en el punto exacto en que se encontraba el 11 de Noviembre de 1918. Hitler quer\u00eda resarcirse de aquella humillaci\u00f3n y obliga a los franceses a desplazarse al claro de Rethondes. En la ma\u00f1ana del 22 de Junio de 1940, nuevamente se re\u00fanen dos delegaciones. Por parte alemana acuden Adolf Hitler; el mariscal Goering, el almirante Reader, Rudolf Hess y Von Ribbentrop, acompa\u00f1an al Jefe del Alto Mando de las Fuerzas Armadas, el coronel general Keitel, que presidir\u00e1 la delegaci\u00f3n, y sus ayudantes. Por parte francesa, preside el general Huntziger, al que acompa\u00f1an, el embajador Noel, el vicealmirante Le Luc, el general Parisot, el general Bergeret, y como int\u00e9rprete, el ministro plenipotenciario Paul Schmitd.\u00a0<\/span><\/span><\/p>\n<p align=\"justify\"><span style=\"font-size: medium\"><span style=\"font-family: Verdana\"><strong>DESCRIPCION:<\/strong> Foto historica <span style=\"color: #ff0000\">original\u00a0privada <\/span>del <span style=\"color: #ff0000\">&#8220;Armisticio el 22 de junio de 1940 de Francia&#8221;<\/span> en el mismo vag\u00f3n donde hab\u00eda firmado Alemania el armisticio el 11 de noviembre de 1918 en la Primera Guerra Mundial. La foto muestra a la delegaci\u00f3n francesa saliendo de la firma en el mismo vag\u00f3n donde los alemanes lo firmar\u00f3n durante la WW1, la delegaci\u00f3n est\u00e1 compuesta por &#8220;El General Huntziger, el embajador Noel, el vicealmirante Le Luc, el general Parisot, el general Bergeret, y como int\u00e9rprete, el ministro plenipotenciario Paul Schmitd.\u00a0De <span style=\"color: #ff0000\">12 cm<\/span> x <span style=\"color: #ff0000\">9 cm<\/span> en papel <span style=\"color: #ff0000\">&#8220;Agfa-Brovira&#8221;<\/span>, proviene de una colecci\u00f3n de fotos y sellos que hemos comprado de un antiguo Oficial Alem\u00e1n afincado en Alicante.<\/span><\/span><\/p>\n","protected":false},"featured_media":9719,"template":"","meta":[],"product_brand":[],"product_cat":[203],"product_tag":[],"class_list":{"0":"post-9718","1":"product","2":"type-product","3":"status-publish","4":"has-post-thumbnail","6":"product_cat-albumes-de-fotos-fotos-y-postales","7":"sales-flash-overlay","8":"woocommerce-text-align-center","9":"woocommerce-image-align-center","10":"do-quantity-buttons","12":"first","13":"instock","14":"purchasable","15":"product-type-simple"},"_links":{"self":[{"href":"https:\/\/original-militaria.com\/en\/wp-json\/wp\/v2\/product\/9718","targetHints":{"allow":["GET"]}}],"collection":[{"href":"https:\/\/original-militaria.com\/en\/wp-json\/wp\/v2\/product"}],"about":[{"href":"https:\/\/original-militaria.com\/en\/wp-json\/wp\/v2\/types\/product"}],"wp:featuredmedia":[{"embeddable":true,"href":"https:\/\/original-militaria.com\/en\/wp-json\/wp\/v2\/media\/9719"}],"wp:attachment":[{"href":"https:\/\/original-militaria.com\/en\/wp-json\/wp\/v2\/media?parent=9718"}],"wp:term":[{"taxonomy":"product_brand","embeddable":true,"href":"https:\/\/original-militaria.com\/en\/wp-json\/wp\/v2\/product_brand?post=9718"},{"taxonomy":"product_cat","embeddable":true,"href":"https:\/\/original-militaria.com\/en\/wp-json\/wp\/v2\/product_cat?post=9718"},{"taxonomy":"product_tag","embeddable":true,"href":"https:\/\/original-militaria.com\/en\/wp-json\/wp\/v2\/product_tag?post=9718"}],"curies":[{"name":"wp","href":"https:\/\/api.w.org\/{rel}","templated":true}]}}