{"id":9683,"date":"2017-09-05T11:49:48","date_gmt":"2017-09-05T11:49:48","guid":{"rendered":"https:\/\/original-militaria.com\/?post_type=product&#038;p=9683"},"modified":"2021-09-02T14:28:17","modified_gmt":"2021-09-02T14:28:17","slug":"foto-original-privada-de-los-mariscales-de-campo-reichenau-y-fedor-von-bock","status":"publish","type":"product","link":"https:\/\/original-militaria.com\/en\/producto\/foto-original-privada-de-los-mariscales-de-campo-reichenau-y-fedor-von-bock\/","title":{"rendered":"Original Private Photo of Field Marshals \u00abReichenau\u00bb and \u00abFedor von Bock\u00bb&#8212;Foto Original Privada de los Mariscales de Campo &#8220;Reichenau&#8221; y &#8220;Fedor von Bock&#8221;"},"content":{"rendered":"<p align=\"justify\"><span style=\"font-size: 12pt;font-family: verdana, geneva, sans-serif\"><strong>ANTECEDENTES<\/strong>: <strong>Fedor von Bock<\/strong>, Mariscal de campo, considerado uno de los m\u00e1s grandes generales de la Wehrmacht. Particip\u00f3 en la Primera Guerra Mundial como oficial del Estado Mayor y comandante de batall\u00f3n. En 1918 es condecorado con la Pour le M\u00e9rite. Contin\u00faa en el ej\u00e9rcito durante la Rep\u00fablica de Weimar, llegando a ser comandante del II distrito militar, en Stettin (Polonia). Al iniciarse la guerra, von Bock fue asignado al mando del Grupo de Ej\u00e9rcitos Norte durante la exitosa invasi\u00f3n de Polonia, recibiendo por sus servicios la Cruz de Caballero de la Cruz de Hierro. Tras su \u00e9xito al aplicar la Blitzkrieg contra Francia, B\u00e9lgica y los Pa\u00edses Bajos, von Bock fue ascendido a Mariscal de Campo el 19 de julio de 1940. Fue entonces cuando se le encomend\u00f3 su misi\u00f3n m\u00e1s famosa: la Operaci\u00f3n Barbarroja, perdi\u00f3 el mando del Grupo de Ej\u00e9rcitos Centro el 12 de diciembre de 1941. El 18 de enero de 1942, tras la s\u00fabita muerte de Walther von Reichenau, von Bock se hizo cargo del Grupo de Ej\u00e9rcitos Sur, present\u00f3 su dimisi\u00f3n como comandante del Grupo de Ej\u00e9rcitos Sur el 15 de julio de 1942, tras lo cual se retir\u00f3 de la vida militar, y\u00e9ndose a vivir a Baviera. <strong>Walter von Reichenau<\/strong>, Mariscal de Campo.\u00a0Se le asign\u00f3 el mando del 6\u00ba Ej\u00e9rcito durante la campa\u00f1a de Francia, siendo ascendido a Mariscal de Campo el 19 de julio de 1940. Acompa\u00f1ado de su oficial adjunto, el General Friedrich Paulus, el General von Reichenau recibi\u00f3 la rendici\u00f3n de B\u00e9lgica de las manos de su rey, Leopoldo III. Aunque se opuso a la Operaci\u00f3n Barbarroja, tom\u00f3 parte en ella al mando del 6\u00ba Ej\u00e9rcito e involucr\u00f3 a los soldados bajo su mando en la colaboraci\u00f3n con los regimientos SD y SS en la ejecuci\u00f3n de jud\u00edos. El 30 de noviembre de 1941, el Mariscal de Campo von Reichenau tom\u00f3 el mando del Grupo de Ej\u00e9rcitos Sur, reemplazando al Mariscal de Campo Gerd von Rundstedt. Hitler lo confirm\u00f3 en el cargo a finales de diciembre y el mando del 6\u00ba Ej\u00e9rcito fue asumido por su otrora Jefe de Estado Mayor, Friedrich Paulus. <\/span><\/p>\n<p align=\"justify\"><span style=\"font-size: 12pt;font-family: verdana, geneva, sans-serif\"><strong>DESCRIPCION:<\/strong> Foto original\u00a0privada de los Mariscales de Campo &#8220;Reichenau&#8221; y &#8220;Fedor von Bock&#8221; durante la Campa\u00f1a de Francia en perfecto estado de 12 x 9 cm en papel &#8220;Agfa Brovira&#8221;, proviene de una colecci\u00f3n de fotos y sellos que hemos comprado de un antiguo Oficial Alem\u00e1n afincado en Alicante. <\/span><\/p>\n<p>&nbsp;<\/p>\n","protected":false},"excerpt":{"rendered":"<p align=\"justify\"><span style=\"font-size: medium\"><span style=\"font-family: Verdana\"><strong>ANTECEDENTES<\/strong>: <strong>Fedor von Bock<\/strong>, Mariscal de campo, considerado uno de los m\u00e1s grandes generales de la Wehrmacht. Particip\u00f3 en la Primera Guerra Mundial como oficial del Estado Mayor y comandante de batall\u00f3n. En 1918 es condecorado con la Pour le M\u00e9rite. Contin\u00faa en el ej\u00e9rcito durante la Rep\u00fablica de Weimar, llegando a ser comandante del II distrito militar, en Stettin (Polonia). Al iniciarse la guerra, von Bock fue asignado al mando del Grupo de Ej\u00e9rcitos Norte durante la exitosa invasi\u00f3n de Polonia, recibiendo por sus servicios la Cruz de Caballero de la Cruz de Hierro. Tras su \u00e9xito al aplicar la Blitzkrieg contra Francia, B\u00e9lgica y los Pa\u00edses Bajos, von Bock fue ascendido a Mariscal de Campo el 19 de julio de 1940. Fue entonces cuando se le encomend\u00f3 su misi\u00f3n m\u00e1s famosa: la Operaci\u00f3n Barbarroja, perdi\u00f3 el mando del Grupo de Ej\u00e9rcitos Centro el 12 de diciembre de 1941. El 18 de enero de 1942, tras la s\u00fabita muerte de Walther von Reichenau, von Bock se hizo cargo del Grupo de Ej\u00e9rcitos Sur, present\u00f3 su dimisi\u00f3n como comandante del Grupo de Ej\u00e9rcitos Sur el 15 de julio de 1942, tras lo cual se retir\u00f3 de la vida militar, y\u00e9ndose a vivir a Baviera. <strong>Walter von Reichenau<\/strong>, Mariscal de Campo.\u00a0Se le asign\u00f3 el mando del 6\u00ba Ej\u00e9rcito durante la campa\u00f1a de Francia, siendo ascendido a Mariscal de Campo el 19 de julio de 1940. Acompa\u00f1ado de su oficial adjunto, el General Friedrich Paulus, el General von Reichenau recibi\u00f3 la rendici\u00f3n de B\u00e9lgica de las manos de su rey, Leopoldo III. Aunque se opuso a la Operaci\u00f3n Barbarroja, tom\u00f3 parte en ella al mando del 6\u00ba Ej\u00e9rcito e involucr\u00f3 a los soldados bajo su mando en la colaboraci\u00f3n con los regimientos SD y SS en la ejecuci\u00f3n de jud\u00edos. El 30 de noviembre de 1941, el Mariscal de Campo von Reichenau tom\u00f3 el mando del Grupo de Ej\u00e9rcitos Sur, reemplazando al Mariscal de Campo Gerd von Rundstedt. Hitler lo confirm\u00f3 en el cargo a finales de diciembre y el mando del 6\u00ba Ej\u00e9rcito fue asumido por su otrora Jefe de Estado Mayor, Friedrich Paulus. <\/span><\/span><\/p>\n<p align=\"justify\"><span style=\"font-size: medium\"><span style=\"font-family: Verdana\"><strong>DESCRIPCION:<\/strong> Foto original\u00a0privada <span style=\"font-family: Arial\">de <\/span><span style=\"font-family: Verdana\">los Mariscales de Campo <span style=\"color: #ff0000\">&#8220;Reichenau&#8221;<\/span> y <span style=\"color: #ff0000\">&#8220;Fedor von Bock&#8221;<\/span> durante la Campa\u00f1a de Francia en perfecto estado de <span style=\"color: #ff0000\">12 x 9 cm<\/span> en papel <span style=\"color: #ff0000\">&#8220;Agfa Brovira&#8221;<\/span>, proviene de una colecci\u00f3n de fotos y sellos que hemos comprado de un antiguo Oficial Alem\u00e1n afincado en Alicante. <\/span><\/span><\/span><\/p>\n<p>&nbsp;<\/p>\n","protected":false},"featured_media":9684,"template":"","meta":[],"product_brand":[],"product_cat":[203],"product_tag":[],"class_list":{"0":"post-9683","1":"product","2":"type-product","3":"status-publish","4":"has-post-thumbnail","6":"product_cat-albumes-de-fotos-fotos-y-postales","7":"sales-flash-overlay","8":"woocommerce-text-align-center","9":"woocommerce-image-align-center","10":"do-quantity-buttons","12":"first","13":"instock","14":"purchasable","15":"product-type-simple"},"_links":{"self":[{"href":"https:\/\/original-militaria.com\/en\/wp-json\/wp\/v2\/product\/9683","targetHints":{"allow":["GET"]}}],"collection":[{"href":"https:\/\/original-militaria.com\/en\/wp-json\/wp\/v2\/product"}],"about":[{"href":"https:\/\/original-militaria.com\/en\/wp-json\/wp\/v2\/types\/product"}],"wp:featuredmedia":[{"embeddable":true,"href":"https:\/\/original-militaria.com\/en\/wp-json\/wp\/v2\/media\/9684"}],"wp:attachment":[{"href":"https:\/\/original-militaria.com\/en\/wp-json\/wp\/v2\/media?parent=9683"}],"wp:term":[{"taxonomy":"product_brand","embeddable":true,"href":"https:\/\/original-militaria.com\/en\/wp-json\/wp\/v2\/product_brand?post=9683"},{"taxonomy":"product_cat","embeddable":true,"href":"https:\/\/original-militaria.com\/en\/wp-json\/wp\/v2\/product_cat?post=9683"},{"taxonomy":"product_tag","embeddable":true,"href":"https:\/\/original-militaria.com\/en\/wp-json\/wp\/v2\/product_tag?post=9683"}],"curies":[{"name":"wp","href":"https:\/\/api.w.org\/{rel}","templated":true}]}}