{"id":9647,"date":"2017-09-05T11:49:39","date_gmt":"2017-09-05T11:49:39","guid":{"rendered":"https:\/\/original-militaria.com\/?post_type=product&#038;p=9647"},"modified":"2021-09-07T16:06:41","modified_gmt":"2021-09-07T16:06:41","slug":"sello-ein-volk-ein-reich-ein-fuhrer-2","status":"publish","type":"product","link":"https:\/\/original-militaria.com\/en\/producto\/sello-ein-volk-ein-reich-ein-fuhrer-2\/","title":{"rendered":"&#8220;Ein volk Ein Reich Ein Fuhrer&#8221; Stamp&#8212;Sello &#8220;Ein volk Ein Reich Ein Fuhrer&#8221;"},"content":{"rendered":"<p align=\"justify\"><span style=\"font-family: verdana, geneva, sans-serif;font-size: 12pt\">Sello &#8220;Ein volk Ein Reich Ein F\u00fchrer&#8221;, (Un pueblo, Un Imperio, Un L\u00edder), de 6 Pfennig, con matasellos, impreso en Berl\u00edn para el Refer\u00e9ndum en Austria, en perfecto estado, emitido por primera vez el 8 de abril de 1938. Con n\u00famero en el catalogo de Michel n\u00ba 662 (Deutsches Reich).<\/span><\/p>\n","protected":false},"excerpt":{"rendered":"<p align=\"justify\"><span style=\"font-family: Verdana\"><strong>DESCRIPCION:<\/strong> Sello <span style=\"color: #ff0000\">&#8220;Ein volk Ein Reich Ein F\u00fchrer&#8221;<\/span>, (Un pueblo, Un Imperio, Un L\u00edder), de 6 Pfennig, con matasellos, impreso en Berl\u00edn para el Refer\u00e9ndum en Austria, en perfecto estado, emitido por primera vez el <span style=\"color: #ff0000\">8 <\/span>de<span style=\"color: #ff0000\"> abril<\/span> de <span style=\"color: #ff0000\">1938<\/span>. Con n\u00famero en el catalogo de Michel n\u00ba 662 (Deutsches Reich).<\/span><\/p>\n","protected":false},"featured_media":9648,"template":"","meta":[],"product_brand":[],"product_cat":[181],"product_tag":[],"class_list":{"0":"post-9647","1":"product","2":"type-product","3":"status-publish","4":"has-post-thumbnail","6":"product_cat-miscelanea","7":"sales-flash-overlay","8":"woocommerce-text-align-center","9":"woocommerce-image-align-center","10":"do-quantity-buttons","12":"first","13":"instock","14":"purchasable","15":"product-type-simple"},"_links":{"self":[{"href":"https:\/\/original-militaria.com\/en\/wp-json\/wp\/v2\/product\/9647","targetHints":{"allow":["GET"]}}],"collection":[{"href":"https:\/\/original-militaria.com\/en\/wp-json\/wp\/v2\/product"}],"about":[{"href":"https:\/\/original-militaria.com\/en\/wp-json\/wp\/v2\/types\/product"}],"wp:featuredmedia":[{"embeddable":true,"href":"https:\/\/original-militaria.com\/en\/wp-json\/wp\/v2\/media\/9648"}],"wp:attachment":[{"href":"https:\/\/original-militaria.com\/en\/wp-json\/wp\/v2\/media?parent=9647"}],"wp:term":[{"taxonomy":"product_brand","embeddable":true,"href":"https:\/\/original-militaria.com\/en\/wp-json\/wp\/v2\/product_brand?post=9647"},{"taxonomy":"product_cat","embeddable":true,"href":"https:\/\/original-militaria.com\/en\/wp-json\/wp\/v2\/product_cat?post=9647"},{"taxonomy":"product_tag","embeddable":true,"href":"https:\/\/original-militaria.com\/en\/wp-json\/wp\/v2\/product_tag?post=9647"}],"curies":[{"name":"wp","href":"https:\/\/api.w.org\/{rel}","templated":true}]}}