{"id":9603,"date":"2017-09-05T11:49:26","date_gmt":"2017-09-05T11:49:26","guid":{"rendered":"https:\/\/original-militaria.com\/?post_type=product&#038;p=9603"},"modified":"2022-01-31T19:07:21","modified_gmt":"2022-01-31T18:07:21","slug":"winchester-m1873","status":"publish","type":"product","link":"https:\/\/original-militaria.com\/en\/producto\/winchester-m1873\/","title":{"rendered":"M 1873 Winchester&#8212;Winchester M1873"},"content":{"rendered":"<p style=\"text-align: justify\" align=\"justify\"><span style=\"font-family: verdana, geneva, sans-serif;font-size: 12pt\"><strong>ANTECEDENTES:<\/strong> El Winchester es un arma creada en 1866 que, producto de su amplia difusi\u00f3n y pese a no ser el primero en su tipo, ha llegado a ser sin\u00f3nimo del \u201cfusil de repetici\u00f3n\u201d de la segunda mitad del siglo XIX; es decir, de aquellos primeros fusiles y carabinas que permit\u00edan disparar varias veces sin necesidad de efectuar una recarga, desalojando el casquillo o cartucho usado y reemplaz\u00e1ndolo por uno nuevo mediante un movimiento de palanca. Este modelo fue fabricado por iniciativa de Oliver Winchester, presidente de Winchester Repeating Arms Company, en base a la copia y mejora del anterior fusil Henry, patentado en octubre de 1860 y que era fabricado en otra de las compa\u00f1\u00edas de propiedad del mismo empresario.\u00a0<\/span><\/p>\n<p style=\"text-align: justify\" align=\"justify\"><span style=\"font-size: 12pt;font-family: verdana, geneva, sans-serif\"><strong>DESCRIPCION:<\/strong> Tal vez uno de los m\u00e1s raros de ver, ponemos a la venta un &#8220;Winchester M1873&#8221; de repetici\u00f3n, calibre &#8220;44-40&#8221;, en un inmejorable estado de conservaci\u00f3n y funcionamiento, totalmente original al 100%. Tiene sistema de disparo manual por palanca accionada, por lo que para disparar, emplea la palanca que tiene situada unida al guardamonte, tiene un dep\u00f3sito tubular bajo el ca\u00f1\u00f3n con capacidad para 15 cartuchos, con un alcance efectivo de 200 m. Tiene el ca\u00f1\u00f3n octogonal con el dep\u00f3sito tubular debajo, en el ca\u00f1\u00f3n podemos leer claramente gravada a leyenda &#8220;Winchesters Repeating Arms. Ne453.w Haven. Conn. U.S.A &#8211; kings Improvement Patented March 29.1866 October 18. 1860&#8221;, y tambi\u00e9n &#8220;44 W.C.F&#8221;, tiene bien gravado el modelo &#8220;Model 1873&#8221;, y donde termina la palanca, junto al seguro, el n\u00famero de serie,\u00a0el &#8220;453.575B&#8221;. La ca\u00f1a es de madera de nogal oscuro, y est\u00e1 impecable. De este modelo por la numeraci\u00f3n que lleva de serie, est\u00e1 producido en 1893, solo se fabricaron &#8220;25.015&#8221; ejemplares, lo que lo hace todav\u00eda m\u00e1s raro si cabe. Mide 1,25 m.\u00a0\u00a0Se encuentra en perfecto funcionamiento. Inscrita en el libro de coleccionista como arma Hist\u00f3rica (con su correspondiente certificado).\u00a0<\/span><\/p>\n<p style=\"text-align: justify\" align=\"justify\"><span style=\"font-size: 12pt;font-family: verdana, geneva, sans-serif\"><strong>Nota.-<\/strong> Est\u00e1 inscrito en el libro de coleccionista, lo puede solicitar gratuitamente sin tener licencia en su Intervenci\u00f3n de armas de la Guardia Civil. <\/span><\/p>\n","protected":false},"excerpt":{"rendered":"<p align=\"justify\"><span style=\"font-family: Verdana\"><span style=\"font-size: medium\"><strong>ANTECEDENTES:<\/strong> El Winchester es un arma creada en 1866 que, producto de su amplia difusi\u00f3n y pese a no ser el primero en su tipo, ha llegado a ser sin\u00f3nimo del \u201cfusil de repetici\u00f3n\u201d de la segunda mitad del siglo XIX; es decir, de aquellos primeros fusiles y carabinas que permit\u00edan disparar varias veces sin necesidad de efectuar una recarga, desalojando el casquillo o cartucho usado y reemplaz\u00e1ndolo por uno nuevo mediante un movimiento de palanca. Este modelo fue fabricado por iniciativa de Oliver Winchester, presidente de Winchester Repeating Arms Company, en base a la copia y mejora del anterior fusil Henry, patentado en octubre de 1860 y que era fabricado en otra de las compa\u00f1\u00edas de propiedad del mismo empresario.\u00a0<\/span><\/span><\/p>\n<p align=\"justify\"><span style=\"font-size: medium\"><span style=\"font-family: Verdana\"><strong>DESCRIPCION:<\/strong> Tal vez uno de los m\u00e1s raros de ver, ponemos a la venta un <span style=\"color: #ff0000\">&#8220;Winchester M1873&#8221;<\/span> de repetici\u00f3n, calibre <span style=\"color: #ff0000\">&#8220;44-40&#8221;<\/span>, en un inmejorable estado de conservaci\u00f3n y funcionamiento, totalmente original al 100%. Tiene sistema de disparo manual por palanca accionada, por lo que para disparar, emplea la palanca que tiene situada unida al guardamonte, tiene un dep\u00f3sito tubular bajo el ca\u00f1\u00f3n con capacidad para 15 cartuchos, con un alcance efectivo de 200 m. Tiene el ca\u00f1\u00f3n octogonal con el dep\u00f3sito tubular debajo, en el ca\u00f1\u00f3n podemos leer claramente gravada a leyenda <span style=\"color: #ff0000\">&#8220;Winchesters Repeating Arms. Ne453.w Haven. Conn. U.S.A &#8211; kings Improvement Patented March 29.1866 October 18. 1860&#8221;<\/span>, y tambi\u00e9n <span style=\"color: #ff0000\">&#8220;44 W.C.F&#8221;<\/span>, tiene bien gravado el modelo &#8220;<span style=\"color: #ff0000\">Model 1873&#8243;<\/span>, y donde termina la palanca, junto al seguro, el n\u00famero de serie,\u00a0el<span style=\"color: #ff0000\"> &#8220;453.575B&#8221;<\/span>. La ca\u00f1a es de madera de nogal oscuro, y est\u00e1 impecable. De este modelo por la numeraci\u00f3n que lleva de serie, est\u00e1 producido en 1893, solo se fabricaron <span style=\"color: #ff0000\">&#8220;25.015&#8221;<\/span> ejemplares, lo que lo hace todav\u00eda m\u00e1s raro si cabe. Mide 1,25 m.\u00a0\u00a0Se encuentra en perfecto funcionamiento. <span style=\"color: #ff0000\">Inscrita en el libro de coleccionista como arma Hist\u00f3rica (con su correspondiente certificado).\u00a0<\/span><\/span><\/span><\/p>\n<p align=\"justify\"><strong><span style=\"font-family: Verdana\"><span style=\"font-size: medium\">Nota.-<\/span><\/span><\/strong><span style=\"font-size: medium\"><span style=\"font-family: Verdana\"> Est\u00e1 inscrito en el libro de coleccionista, lo puede solicitar gratuitamente sin tener licencia en su Intervenci\u00f3n de armas de la Guardia Civil. <\/span><\/span><\/p>\n<p><strong><span style=\"font-family: Verdana\">Nota 2.-<\/span><\/strong> Seg\u00fan el <strong><span style=\"font-family: Verdana\">Art. 107<\/span><\/strong>,\u00a0<strong><span style=\"font-family: Verdana\">Cap\u00edtulo V<\/span><\/strong>, <strong><span style=\"font-family: Verdana\">Secci\u00f3n I<\/span><\/strong>, <strong><span style=\"font-family: Verdana\">p\u00e1rrafo E<\/span><\/strong>, del Reglamento de Armas, tambi\u00e9n se puede comprar <strong><span style=\"font-family: Verdana\">sin tener libro de coleccionista<\/span><\/strong> ateni\u00e9ndose a la siguiente disposici\u00f3n:<\/p>\n<p>No obstante lo dispuesto en otros preceptos de este Reglamento, se considerar\u00e1 autorizada la posesi\u00f3n en el propio domicilio, sin los requisitos determinados en ellos, de <strong><span style=\"font-family: Verdana\">un arma de fuego corta o larga<\/span><\/strong> de las no prohibidas a particulares, <strong><span style=\"font-family: Verdana\">acreditando su especial valor hist\u00f3rico o art\u00edstico<\/span><\/strong>, o de <strong><span style=\"font-family: Verdana\">dos armas de avancarga<\/span><\/strong>, documentadas con las correspondientes gu\u00edas de pertenencia, <strong><span style=\"font-family: Verdana\">previa aportaci\u00f3n del informe de aptitud regulado en el art\u00edculo 98<\/span><\/strong>, adoptando las medidas de seguridad necesarias para su custodia y no pudiendo utilizarlas ni enajenarlas, salvo dando cumplimiento a lo dispuesto al respecto en los preceptos espec\u00edficos de este Reglamento. La infracci\u00f3n de lo dispuesto en este apartado tendr\u00e1 la consideraci\u00f3n de grave y llevar\u00e1 aparejada en todo caso la retirada definitiva de las armas de que se trate.<\/p>\n","protected":false},"featured_media":9604,"template":"","meta":[],"product_brand":[],"product_cat":[224],"product_tag":[],"class_list":{"0":"post-9603","1":"product","2":"type-product","3":"status-publish","4":"has-post-thumbnail","6":"product_cat-archivo-vendidos","7":"sales-flash-overlay","8":"woocommerce-text-align-center","9":"woocommerce-image-align-center","10":"do-quantity-buttons","12":"first","13":"outofstock","14":"purchasable","15":"product-type-simple"},"_links":{"self":[{"href":"https:\/\/original-militaria.com\/en\/wp-json\/wp\/v2\/product\/9603","targetHints":{"allow":["GET"]}}],"collection":[{"href":"https:\/\/original-militaria.com\/en\/wp-json\/wp\/v2\/product"}],"about":[{"href":"https:\/\/original-militaria.com\/en\/wp-json\/wp\/v2\/types\/product"}],"wp:featuredmedia":[{"embeddable":true,"href":"https:\/\/original-militaria.com\/en\/wp-json\/wp\/v2\/media\/9604"}],"wp:attachment":[{"href":"https:\/\/original-militaria.com\/en\/wp-json\/wp\/v2\/media?parent=9603"}],"wp:term":[{"taxonomy":"product_brand","embeddable":true,"href":"https:\/\/original-militaria.com\/en\/wp-json\/wp\/v2\/product_brand?post=9603"},{"taxonomy":"product_cat","embeddable":true,"href":"https:\/\/original-militaria.com\/en\/wp-json\/wp\/v2\/product_cat?post=9603"},{"taxonomy":"product_tag","embeddable":true,"href":"https:\/\/original-militaria.com\/en\/wp-json\/wp\/v2\/product_tag?post=9603"}],"curies":[{"name":"wp","href":"https:\/\/api.w.org\/{rel}","templated":true}]}}