{"id":9573,"date":"2017-09-05T11:49:18","date_gmt":"2017-09-05T11:49:18","guid":{"rendered":"https:\/\/original-militaria.com\/?post_type=product&#038;p=9573"},"modified":"2022-01-31T19:07:20","modified_gmt":"2022-01-31T18:07:20","slug":"tercerola-espanola-m1871-de-1875","status":"publish","type":"product","link":"https:\/\/original-militaria.com\/en\/producto\/tercerola-espanola-m1871-de-1875\/","title":{"rendered":"Tercerola Espa\u00f1ola M1871 de 1875"},"content":{"rendered":"<p align=\"justify\"><span style=\"font-family: Verdana\"><span style=\"font-size: medium\"><strong>ANTECEDENTES:<\/strong> Esta carabina est\u00e1 basada en el dise\u00f1o del fusil que fabric\u00f3 Remington a partir de 1865 y que goz\u00f3 de gran popularidad tanto por parte civil como militar. Declarada reglamentaria para la tropa de Caballer\u00eda por R.O. de 24 de febrero de 1871, su duraci\u00f3n reglamentaria fue establecida en 25 a\u00f1os por R.O. de 8 de noviembre del mismo a\u00f1o. La Orden de 26 de Enero de 1875 dispon\u00eda que el Remington fuese el \u00fanico fusil del ej\u00e9rcito y ordenaba la inmediata sustituci\u00f3n de cualquier otro modelo que se usase. En 1895, la f\u00e1brica de Oviedo ces\u00f3 su producci\u00f3n, habiendo producido 350.000 fusiles y 50.000 tercerolas que lentamente fueron sustituidos por el magn\u00edfico fusil Mauser espa\u00f1ol, Modelo 1893, pasando los Remington a formar parte de la dotaci\u00f3n de las tropas ind\u00edgenas. <\/span><\/span><\/p>\n<p align=\"justify\"><span style=\"font-family: Verdana\"><span style=\"font-size: medium\"><strong>DESCRIPCION:<\/strong> Tercerola Espa\u00f1ola <span style=\"color: #ff0000\">M1871<\/span> de <span style=\"color: #ff0000\">1875 <\/span>de calibre 11, est\u00e1 dotada de un cierre de tipo basculante denominado <span style=\"color: #ff0000\">&#8220;Sistema Remington&#8221;<\/span> en Espa\u00f1a, con el ca\u00f1\u00f3n rayado (6 rayas) m\u00e1s corto que su hermano el fusil 1871, tiene la ca\u00f1a de madera de nogal hasta algo menos de su mitad, estando desprovista de casquillo y dotada de una sola abrazadera con su muelle. Tiene dos anillas para el portaarma, una en la abrazadera, y otra en la culata, en el caj\u00f3n de los mecanismos tiene punz\u00f3n de la <span style=\"color: #ff0000\">&#8220;F\u00e1brica de Oviedo&#8221;<\/span>, tambi\u00e9n tiene punz\u00f3n en el ca\u00f1\u00f3n, mide 963 mm. Muy buen estado y perfecto funcionamiento.<\/span><\/span><span style=\"font-family: Verdana\"><span style=\"font-size: medium\">\u00a0\u00a0 <\/span><\/span><\/p>\n<p style=\"text-align: justify\" align=\"justify\"><span style=\"font-size: small\"><span style=\"font-family: Verdana\"><strong>N<span style=\"font-family: verdana, geneva, sans-serif;font-size: 12pt\">ota.-<\/span><\/strong><span style=\"font-family: verdana, geneva, sans-serif;font-size: 12pt\"> Est\u00e1 inscrito en el libro de coleccionista, lo puede solicitar gratuitamente sin tener licencia en su Intervenci\u00f3n de armas de <\/span><\/span><\/span><span style=\"font-size: 12pt;font-family: verdana, geneva, sans-serif\">la Guardia Civil. <\/span><\/p>\n<p style=\"text-align: justify\"><span style=\"font-family: verdana, geneva, sans-serif;font-size: 12pt\"><strong>Nota 2.-<\/strong> Seg\u00fan el <strong>Art. 107<\/strong>,\u00a0<strong>Cap\u00edtulo V<\/strong>, <strong>Secci\u00f3n I<\/strong>, <strong>p\u00e1rrafo E<\/strong>, del Reglamento de Armas, tambi\u00e9n se puede comprar <strong>sin tener libro de coleccionista<\/strong> ateni\u00e9ndose a la siguiente disposici\u00f3n:<\/span><\/p>\n<p style=\"text-align: justify\"><span style=\"font-family: verdana, geneva, sans-serif;font-size: 12pt\">No obstante lo dispuesto en otros preceptos de este Reglamento, se considerar\u00e1 autorizada la posesi\u00f3n en el propio domicilio, sin los requisitos determinados en ellos, de <strong>un arma de fuego corta o larga<\/strong> de las no prohibidas a particulares, <strong>acreditando su especial valor hist\u00f3rico o art\u00edstico<\/strong>, o de <strong>dos armas de avancarga<\/strong>, documentadas con las correspondientes gu\u00edas de pertenencia, <strong>previa aportaci\u00f3n del informe de aptitud regulado en el art\u00edculo 98<\/strong>, adoptando las medidas de seguridad necesarias para su custodia y no pudiendo utilizarlas ni enajenarlas, salvo dando cumplimiento a lo dispuesto al respecto en los preceptos espec\u00edficos de este Reglamento. La infracci\u00f3n de lo dispuesto en este apartado tendr\u00e1 la consideraci\u00f3n de grave y llevar\u00e1 aparejada en todo caso la retirada definitiva de las armas de que se trate.<\/span><\/p>\n<p><span style=\"font-family: verdana, geneva, sans-serif\"><strong>AVISO:<\/strong> Revisa la normativa espa\u00f1ola para la tenencia de armas antes de realizar la compra<\/span><br \/>\n<span style=\"font-family: verdana, geneva, sans-serif\"> <small><a title=\"Normativa espa\u00f1ola para la tenencia de armas. Guardia Civil.\" href=\"http:\/\/www.guardiacivil.es\/es\/servicios\/armasyexplosivo\/index.html\" target=\"_blank\" rel=\"noopener noreferrer nofollow\"> Guardia Civil (Intervenci\u00f3n de Armas Virtual)<\/a><\/small><\/span><\/p>\n","protected":false},"excerpt":{"rendered":"<p align=\"justify\"><span style=\"font-family: Verdana\"><span style=\"font-size: medium\"><strong>ANTECEDENTES:<\/strong> Esta carabina est\u00e1 basada en el dise\u00f1o del fusil que fabric\u00f3 Remington a partir de 1865 y que goz\u00f3 de gran popularidad tanto por parte civil como militar. Declarada reglamentaria para la tropa de Caballer\u00eda por R.O. de 24 de febrero de 1871, su duraci\u00f3n reglamentaria fue establecida en 25 a\u00f1os por R.O. de 8 de noviembre del mismo a\u00f1o. La Orden de 26 de Enero de 1875 dispon\u00eda que el Remington fuese el \u00fanico fusil del ej\u00e9rcito y ordenaba la inmediata sustituci\u00f3n de cualquier otro modelo que se usase. En 1895, la f\u00e1brica de Oviedo ces\u00f3 su producci\u00f3n, habiendo producido 350.000 fusiles y 50.000 tercerolas que lentamente fueron sustituidos por el magn\u00edfico fusil Mauser espa\u00f1ol, Modelo 1893, pasando los Remington a formar parte de la dotaci\u00f3n de las tropas ind\u00edgenas. <\/span><\/span><\/p>\n<p align=\"justify\"><span style=\"font-family: Verdana\"><span style=\"font-size: medium\"><strong>DESCRIPCION:<\/strong> Tercerola Espa\u00f1ola <span style=\"color: #ff0000\">M1871<\/span> de <span style=\"color: #ff0000\">1875 <\/span>de calibre 11, est\u00e1 dotada de un cierre de tipo basculante denominado <span style=\"color: #ff0000\">&#8220;Sistema Remington&#8221;<\/span> en Espa\u00f1a, con el ca\u00f1\u00f3n rayado (6 rayas) m\u00e1s corto que su hermano el fusil 1871, tiene la ca\u00f1a de madera de nogal hasta algo menos de su mitad, estando desprovista de casquillo y dotada de una sola abrazadera con su muelle. Tiene dos anillas para el portaarma, una en la abrazadera, y otra en la culata, en el caj\u00f3n de los mecanismos tiene punz\u00f3n de la <span style=\"color: #ff0000\">&#8220;F\u00e1brica de Oviedo&#8221;<\/span>, tambi\u00e9n tiene punz\u00f3n en el ca\u00f1\u00f3n, mide 963 mm. Muy buen estado y perfecto funcionamiento.<\/span><\/span><span style=\"font-family: Verdana\"><span style=\"font-size: medium\">\u00a0\u00a0 <\/span><\/span><\/p>\n<p align=\"justify\"><span style=\"font-size: small\"><span style=\"font-family: Verdana\"><strong>Nota.-<\/strong> Est\u00e1 inscrito en el libro de coleccionista, lo puede solicitar gratuitamente sin tener licencia en su Intervenci\u00f3n de armas de <\/span><\/span><span style=\"font-size: small\"><span style=\"font-family: Verdana\"><span style=\"font-family: Verdana\">la Guardia Civil.<\/span><\/span> <\/span><\/p>\n<p><strong>Nota 2.-<\/strong> Seg\u00fan el <strong>Art. 107<\/strong>,\u00a0<strong>Cap\u00edtulo V<\/strong>, <strong>Secci\u00f3n I<\/strong>, <strong>p\u00e1rrafo E<\/strong>, del Reglamento de Armas, tambi\u00e9n se puede comprar <strong>sin tener libro de coleccionista<\/strong> ateni\u00e9ndose a la siguiente disposici\u00f3n:<\/p>\n<p>No obstante lo dispuesto en otros preceptos de este Reglamento, se considerar\u00e1 autorizada la posesi\u00f3n en el propio domicilio, sin los requisitos determinados en ellos, de <strong>un arma de fuego corta o larga<\/strong> de las no prohibidas a particulares, <strong>acreditando su especial valor hist\u00f3rico o art\u00edstico<\/strong>, o de <strong>dos armas de avancarga<\/strong>, documentadas con las correspondientes gu\u00edas de pertenencia, <strong>previa aportaci\u00f3n del informe de aptitud regulado en el art\u00edculo 98<\/strong>, adoptando las medidas de seguridad necesarias para su custodia y no pudiendo utilizarlas ni enajenarlas, salvo dando cumplimiento a lo dispuesto al respecto en los preceptos espec\u00edficos de este Reglamento. La infracci\u00f3n de lo dispuesto en este apartado tendr\u00e1 la consideraci\u00f3n de grave y llevar\u00e1 aparejada en todo caso la retirada definitiva de las armas de que se trate.<\/p>\n","protected":false},"featured_media":9574,"template":"","meta":[],"product_brand":[],"product_cat":[224],"product_tag":[],"class_list":{"0":"post-9573","1":"product","2":"type-product","3":"status-publish","4":"has-post-thumbnail","6":"product_cat-archivo-vendidos","7":"sales-flash-overlay","8":"woocommerce-text-align-center","9":"woocommerce-image-align-center","10":"do-quantity-buttons","12":"first","13":"outofstock","14":"product-type-simple"},"_links":{"self":[{"href":"https:\/\/original-militaria.com\/en\/wp-json\/wp\/v2\/product\/9573","targetHints":{"allow":["GET"]}}],"collection":[{"href":"https:\/\/original-militaria.com\/en\/wp-json\/wp\/v2\/product"}],"about":[{"href":"https:\/\/original-militaria.com\/en\/wp-json\/wp\/v2\/types\/product"}],"wp:featuredmedia":[{"embeddable":true,"href":"https:\/\/original-militaria.com\/en\/wp-json\/wp\/v2\/media\/9574"}],"wp:attachment":[{"href":"https:\/\/original-militaria.com\/en\/wp-json\/wp\/v2\/media?parent=9573"}],"wp:term":[{"taxonomy":"product_brand","embeddable":true,"href":"https:\/\/original-militaria.com\/en\/wp-json\/wp\/v2\/product_brand?post=9573"},{"taxonomy":"product_cat","embeddable":true,"href":"https:\/\/original-militaria.com\/en\/wp-json\/wp\/v2\/product_cat?post=9573"},{"taxonomy":"product_tag","embeddable":true,"href":"https:\/\/original-militaria.com\/en\/wp-json\/wp\/v2\/product_tag?post=9573"}],"curies":[{"name":"wp","href":"https:\/\/api.w.org\/{rel}","templated":true}]}}