{"id":9517,"date":"2017-09-05T11:49:02","date_gmt":"2017-09-05T11:49:02","guid":{"rendered":"https:\/\/original-militaria.com\/?post_type=product&#038;p=9517"},"modified":"2022-01-31T19:07:17","modified_gmt":"2022-01-31T18:07:17","slug":"nsdap-nuremberg-guila","status":"publish","type":"product","link":"https:\/\/original-militaria.com\/en\/producto\/nsdap-nuremberg-guila\/","title":{"rendered":"NSDAP\/ N\u00faremberg Table Eagle&#8212;NSDAP\/ N\u00faremberg, \u00c1guila de Mesa"},"content":{"rendered":"<p style=\"text-align: justify\"><span style=\"font-family: verdana, geneva, sans-serif;font-size: 12pt\"><strong>ANTECEDENTES:<\/strong> Los congresos de Nuremberg (Reichsparteitag), literalmente &#8220;D\u00eda nacional del partido&#8221; eran las reuniones anuales organizadas por el partido Nazi entre 1923 y 1938. Despu\u00e9s de la subida al poder de Hitler en 1933, estas reuniones transcurrieron en Nuremberg hasta 1938, y consist\u00edan en grandes espect\u00e1culos de propaganda. Estas reuniones organizadas por Goebbels y Julius Streicher, Gauleiter de Nuremberg, son consideradas por muchos la mayor arma propagand\u00edstica ya inventada. La ciudad de Nuremberg fue la escogida debido a su aire medieval y sus estrechas calles. El principal aspecto de los Congresos de N\u00fcrnberg era el foco casi religioso en Adolf Hitler, retratado como el salvador de Alemania, escogido de la providencia. Como representaci\u00f3n del conjunto de la Comunidad Nacional, los Congresos serv\u00edan para demostrar el poder del pueblo alem\u00e1n y su lealtad hacia el Nacionalsocialismo y el F\u00fchrer. Los asistentes a los Congresos, por su propia voluntad, quedaban subordinados al orden y disciplina en que el pueblo alem\u00e1n renacer\u00eda, gracias al Partido. El congreso m\u00e1s peque\u00f1o fue realizado en 1923 con unos 20.000 participantes, y la mayor de ellas fue el \u00faltimo en 1938 que llev\u00f3 millones de nazis y tuvo como misi\u00f3n preparar al pueblo alem\u00e1n para la Segunda Guerra Mundial. <\/span><\/p>\n<p style=\"text-align: justify\"><span style=\"font-family: verdana, geneva, sans-serif;font-size: 12pt\"><strong>DESCRIPCION:<\/strong><\/span><span style=\"font-family: Verdana\"><span style=\"font-size: medium\"><span style=\"font-family: verdana, geneva, sans-serif\"><span style=\"font-size: 12pt\"> Miniatura del \u00e1guila del NSDAP que presid\u00eda la &#8220;Luitpold arena de N\u00faremberg&#8221;<\/span> (Hoheitsadler des N\u00fcrnberger), Hoheitsadler es el t\u00e9rmino oficial del NSDAP para su \u00e1guila identificativa que era montada en todos los edificios oficiales o lugares de importancia para el Partido Nazi. El \u00e1guila para mesa de despacho oficial de la \u00e9poca que se ofrece aqu\u00ed, es una copia muy detallada de la enorme \u00e1guila que presid\u00eda la Luitpold arena en N\u00faremberg, fabricada por el artista del Tercer Reich &#8220;Kurt Schmid-Ehmen&#8221; para el Reichsparteitags der NSDAP. Fabricada en metal sobre peana de m\u00e1rmol. Mide 22,50 cm de alta. Excelente estado.<\/span><br \/>\n<\/span><\/span><\/p>\n","protected":false},"excerpt":{"rendered":"<p style=\"text-align: justify\"><strong><span style=\"font-family: Verdana\"><span style=\"font-size: medium\">ANTECEDENTES:<\/span><\/span><\/strong><span style=\"font-family: Verdana\"><span style=\"font-size: medium\"> Los congresos de Nuremberg (Reichsparteitag), literalmente &#8220;D\u00eda nacional del partido&#8221; eran las reuniones anuales organizadas por el partido Nazi entre 1923 y 1938. Despu\u00e9s de la subida al poder de Hitler en 1933, estas reuniones transcurrieron en Nuremberg hasta 1938, y consist\u00edan en grandes espect\u00e1culos de propaganda. Estas reuniones organizadas por Goebbels y Julius Streicher, Gauleiter de Nuremberg, son consideradas por muchos la mayor arma propagand\u00edstica ya inventada. La ciudad de Nuremberg fue la escogida debido a su aire medieval y sus estrechas calles. El principal aspecto de los Congresos de N\u00fcrnberg era el foco casi religioso en Adolf Hitler, retratado como el salvador de Alemania, escogido de la providencia. Como representaci\u00f3n del conjunto de la Comunidad Nacional, los Congresos serv\u00edan para demostrar el poder del pueblo alem\u00e1n y su lealtad hacia el Nacionalsocialismo y el F\u00fchrer. Los asistentes a los Congresos, por su propia voluntad, quedaban subordinados al orden y disciplina en que el pueblo alem\u00e1n renacer\u00eda, gracias al Partido. El congreso m\u00e1s peque\u00f1o fue realizado en 1923 con unos 20.000 participantes, y la mayor de ellas fue el \u00faltimo en 1938 que llev\u00f3 millones de nazis y tuvo como misi\u00f3n preparar al pueblo alem\u00e1n para la Segunda Guerra Mundial. <\/span><\/span><\/p>\n<p style=\"text-align: justify\"><strong><span style=\"font-family: Verdana\"><span style=\"font-size: medium\">DESCRIPCION:<\/span><\/span><\/strong><span style=\"font-family: Verdana\"><span style=\"font-size: medium\"> Miniatura del \u00e1guila del NSDAP que presid\u00eda la <span style=\"color: #ff0000\">&#8220;Luitpold arena de N\u00faremberg&#8221; <\/span>(Hoheitsadler des N\u00fcrnberger), Hoheitsadler es el t\u00e9rmino oficial del NSDAP para su \u00e1guila identificativa que era montada en todos los edificios oficiales o lugares de importancia para el Partido Nazi. El \u00e1guila para mesa de despacho oficial de la \u00e9poca que se ofrece aqu\u00ed, es una copia muy detallada de la enorme \u00e1guila que presid\u00eda la Luitpold arena en N\u00faremberg, fabricada por el artista del Tercer Reich &#8220;<span style=\"color: #ff0000\">Kurt Schmid-Ehmen&#8221;<\/span> para el Reichsparteitags der NSDAP. Fabricada en metal sobre peana de m\u00e1rmol. <span style=\"color: #ff0000\">Mide 22,50 cm de alta<\/span>. Excelente estado.<br \/>\n<\/span><\/span><\/p>\n","protected":false},"featured_media":9518,"template":"","meta":[],"product_brand":[],"product_cat":[224],"product_tag":[],"class_list":{"0":"post-9517","1":"product","2":"type-product","3":"status-publish","4":"has-post-thumbnail","6":"product_cat-archivo-vendidos","7":"sales-flash-overlay","8":"woocommerce-text-align-center","9":"woocommerce-image-align-center","10":"do-quantity-buttons","12":"first","13":"outofstock","14":"purchasable","15":"product-type-simple"},"_links":{"self":[{"href":"https:\/\/original-militaria.com\/en\/wp-json\/wp\/v2\/product\/9517","targetHints":{"allow":["GET"]}}],"collection":[{"href":"https:\/\/original-militaria.com\/en\/wp-json\/wp\/v2\/product"}],"about":[{"href":"https:\/\/original-militaria.com\/en\/wp-json\/wp\/v2\/types\/product"}],"wp:featuredmedia":[{"embeddable":true,"href":"https:\/\/original-militaria.com\/en\/wp-json\/wp\/v2\/media\/9518"}],"wp:attachment":[{"href":"https:\/\/original-militaria.com\/en\/wp-json\/wp\/v2\/media?parent=9517"}],"wp:term":[{"taxonomy":"product_brand","embeddable":true,"href":"https:\/\/original-militaria.com\/en\/wp-json\/wp\/v2\/product_brand?post=9517"},{"taxonomy":"product_cat","embeddable":true,"href":"https:\/\/original-militaria.com\/en\/wp-json\/wp\/v2\/product_cat?post=9517"},{"taxonomy":"product_tag","embeddable":true,"href":"https:\/\/original-militaria.com\/en\/wp-json\/wp\/v2\/product_tag?post=9517"}],"curies":[{"name":"wp","href":"https:\/\/api.w.org\/{rel}","templated":true}]}}