{"id":9295,"date":"2017-09-05T11:48:05","date_gmt":"2017-09-05T11:48:05","guid":{"rendered":"https:\/\/original-militaria.com\/?post_type=product&#038;p=9295"},"modified":"2022-01-31T19:07:10","modified_gmt":"2022-01-31T18:07:10","slug":"cappello-alpino-de-un-exmiembro-del-cuerpo","status":"publish","type":"product","link":"https:\/\/original-militaria.com\/en\/producto\/cappello-alpino-de-un-exmiembro-del-cuerpo\/","title":{"rendered":"Cappello Alpino de un Exmiembro del Cuerpo"},"content":{"rendered":"<p align=\"justify\"><span style=\"font-family: Verdana\"><span style=\"font-size: medium\"><strong>ANTECEDENTES:<\/strong> El cuerpo de los Alpini (Los \u201cAlpini\u201d son los soldados del Ejercito Italiano especialistas en Monta\u00f1a) naci\u00f3 para la defensa de los confines monta\u00f1osos italianos, a ra\u00edz de un proyecto presentado por el capit\u00e1n Giuseppe Perrucchetti (Este cuerpo de elite dentro de las fuerzas armadas italianas, se cre\u00f3 oficialmente el 15 de Octubre de 1.872,por el General Giuseppe Domenico Perucchetti). Sus primeros grupos fueron instituidos en el a\u00f1o 1872. Antes de la suspensi\u00f3n del servicio militar obligatorio, los Alpini eran reclutados localmente, pues as\u00ed se aprovechaba mejor el conocimiento del territorio y sus posibilidades, factor importante en un ambiente dif\u00edcil como el de las monta\u00f1as. Su \u201cbautismo de fuego\u201d fue en la batalla de Adua (1 de marzo de 1896). Durante la WW1 estaban organizados en 88 batallones reunidos en 20 grupos, 9 reagrupamientos y 4 divisiones. Despu\u00e9s del conflicto solo quedaron 8 regimientos a los que se uni\u00f3 el 9\u00ba constituido en el a\u00f1o 1919. En 1926 se formaron tres comandos de brigada, que luego fueron cuatro en 1933 y luego transformados en divisiones en 1935. Las divisiones aumentaron a seis durante la Segunda Guerra Mundial y luego todas fueron disueltas al final del conflicto. Su se\u00f1a de identidad y su insignia es la t\u00edpica prenda de cabeza tocada con una pluma llamada: &#8220;Il Cappello Alpino&#8221; y que fue usada por primera vez en Mayo de 1910. <\/span><\/span><\/p>\n<p style=\"text-align: justify\"><strong>D<span style=\"font-family: verdana, geneva, sans-serif\">ESCRIPCION:<\/span><\/strong><span style=\"font-family: verdana, geneva, sans-serif\"> Cappello Alpino de un exmiembro del cuerpo de artiller\u00eda de monta\u00f1a de tropas alpinas de WW2, viene con la fotograf\u00eda postal del mismo en 1940. Compuesto de varios elementos que representan el grado y la especialidad, tiene una larga pluma al lado izquierdo ligeramente inclinada hacia atr\u00e1s, tiene en la parte frontal del Cappello \u00e1guila negra con borde en hilo dorado para Oficial de artiller\u00eda de monta\u00f1a (\u00e1guila, corneta, ca\u00f1ones cruzados ), en el interior manufactura en el forro del fabricante.<\/span><\/p>\n","protected":false},"excerpt":{"rendered":"<p align=\"justify\"><span style=\"font-family: Verdana\"><span style=\"font-size: medium\"><strong>ANTECEDENTES:<\/strong> El cuerpo de los Alpini (Los \u201cAlpini\u201d son los soldados del Ejercito Italiano especialistas en Monta\u00f1a) naci\u00f3 para la defensa de los confines monta\u00f1osos italianos, a ra\u00edz de un proyecto presentado por el capit\u00e1n Giuseppe Perrucchetti (Este cuerpo de elite dentro de las fuerzas armadas italianas, se cre\u00f3 oficialmente el 15 de Octubre de 1.872,por el General Giuseppe Domenico Perucchetti). Sus primeros grupos fueron instituidos en el a\u00f1o 1872. Antes de la suspensi\u00f3n del servicio militar obligatorio, los Alpini eran reclutados localmente, pues as\u00ed se aprovechaba mejor el conocimiento del territorio y sus posibilidades, factor importante en un ambiente dif\u00edcil como el de las monta\u00f1as. Su \u201cbautismo de fuego\u201d fue en la batalla de Adua (1 de marzo de 1896). Durante la WW1 estaban organizados en 88 batallones reunidos en 20 grupos, 9 reagrupamientos y 4 divisiones. Despu\u00e9s del conflicto solo quedaron 8 regimientos a los que se uni\u00f3 el 9\u00ba constituido en el a\u00f1o 1919. En 1926 se formaron tres comandos de brigada, que luego fueron cuatro en 1933 y luego transformados en divisiones en 1935. Las divisiones aumentaron a seis durante la Segunda Guerra Mundial y luego todas fueron disueltas al final del conflicto. Su se\u00f1a de identidad y su insignia es la t\u00edpica prenda de cabeza tocada con una pluma llamada: &#8220;Il Cappello Alpino&#8221; y que fue usada por primera vez en Mayo de 1910. <\/span><\/span><\/p>\n<p><strong>DESCRIPCION:<\/strong> Cappello Alpino de un exmiembro del cuerpo de artiller\u00eda de monta\u00f1a de tropas alpinas de WW2, viene con la fotograf\u00eda postal del mismo en 1940. Compuesto de varios elementos que representan el grado y la especialidad, tiene una larga pluma al lado izquierdo ligeramente inclinada hacia atr\u00e1s, tiene en la parte frontal del Cappello \u00e1guila negra con borde en hilo dorado para Oficial de artiller\u00eda de monta\u00f1a (\u00e1guila, corneta, ca\u00f1ones cruzados ), en el interior manufactura en el forro del fabricante.<\/p>\n","protected":false},"featured_media":9296,"template":"","meta":[],"product_brand":[],"product_cat":[224],"product_tag":[],"class_list":{"0":"post-9295","1":"product","2":"type-product","3":"status-publish","4":"has-post-thumbnail","6":"product_cat-archivo-vendidos","7":"sales-flash-overlay","8":"woocommerce-text-align-center","9":"woocommerce-image-align-center","10":"do-quantity-buttons","12":"first","13":"outofstock","14":"product-type-simple"},"_links":{"self":[{"href":"https:\/\/original-militaria.com\/en\/wp-json\/wp\/v2\/product\/9295","targetHints":{"allow":["GET"]}}],"collection":[{"href":"https:\/\/original-militaria.com\/en\/wp-json\/wp\/v2\/product"}],"about":[{"href":"https:\/\/original-militaria.com\/en\/wp-json\/wp\/v2\/types\/product"}],"wp:featuredmedia":[{"embeddable":true,"href":"https:\/\/original-militaria.com\/en\/wp-json\/wp\/v2\/media\/9296"}],"wp:attachment":[{"href":"https:\/\/original-militaria.com\/en\/wp-json\/wp\/v2\/media?parent=9295"}],"wp:term":[{"taxonomy":"product_brand","embeddable":true,"href":"https:\/\/original-militaria.com\/en\/wp-json\/wp\/v2\/product_brand?post=9295"},{"taxonomy":"product_cat","embeddable":true,"href":"https:\/\/original-militaria.com\/en\/wp-json\/wp\/v2\/product_cat?post=9295"},{"taxonomy":"product_tag","embeddable":true,"href":"https:\/\/original-militaria.com\/en\/wp-json\/wp\/v2\/product_tag?post=9295"}],"curies":[{"name":"wp","href":"https:\/\/api.w.org\/{rel}","templated":true}]}}