{"id":9279,"date":"2017-09-05T11:48:01","date_gmt":"2017-09-05T11:48:01","guid":{"rendered":"https:\/\/original-militaria.com\/?post_type=product&#038;p=9279"},"modified":"2022-01-31T19:07:10","modified_gmt":"2022-01-31T18:07:10","slug":"abrigo-de-cuero-de-oficial-de-infanteria","status":"publish","type":"product","link":"https:\/\/original-militaria.com\/en\/producto\/abrigo-de-cuero-de-oficial-de-infanteria\/","title":{"rendered":"Wehrmacht\/Heer Infantry Officer\u00b4s Leather Coat &#8212; Wehrmacht\/Heer,  Abrigo de Cuero de Oficial de Infanter\u00eda"},"content":{"rendered":"<p align=\"justify\"><span style=\"font-family: Verdana\"><strong>ANTECEDENTES:<\/strong> El abrigo era un elemento esencial en el uniforme, utilizado por todos los grados, con peque\u00f1as variaciones, sigui\u00f3 el dise\u00f1o b\u00e1sico de abrigo del ej\u00e9rcito imperial alem\u00e1n. Durante la Segunda Guerra Mundial el ej\u00e9rcito alem\u00e1n utiliz\u00f3 al menos trece diferentes estilos de abrigos con numerosas variaciones y fines previstos. Durante la guerra el abrigo est\u00e1ndar sufri\u00f3 algunas modificaciones de menor importancia. Los abrigos de producci\u00f3n temprana llegaron con ojales en ambos lados, a la izquierda ya la derecha y paneles de cierre frontal, lo que permiti\u00f3 cerrar a la izquierda o la derecha, pero las regulaciones del 1 de diciembre de 1939 abolieron todos los ojales menos uno en la parte derecha. Los funcionarios y militares con rango de oficial, ten\u00edan derecho a llevar abrigos de cuero (hubieron hasta trece modelos diferentes), una versi\u00f3n del est\u00e1ndar, como un elemento privado de compra, de forma opcional. Los reglamentos dictaron que la insignia de rango desmontable, era la \u00fanica que pod\u00eda ser usado en los abrigos de piel. Debido a la escasez de cuero, la fabricaci\u00f3n de este tipo de abrigos, fue suspendida por la normativa del 29 de febrero de 1944, aunque siguieron siendo usados hasta el final de la guerra. Oficiales de alto rango y algunos suboficiales fueron responsables de la compra de sus propios uniformes, y como resultado se le asign\u00f3 una cantidad para ropa, a trav\u00e9s de la Kleiderkasse del ej\u00e9rcito. Los oficiales y suboficiales superiores pod\u00edan optar por comprar los uniformes en los dep\u00f3sitos de ropa de las fuerzas armadas o de forma privada las prendas de mayor calidad. Aunque el personal alistado se les emiti\u00f3 los uniformes suministrados por el gobierno, tambi\u00e9n se les permiti\u00f3 la compra de uniformes adaptados de confecci\u00f3n privada, aunque el precio pod\u00eda ser muy alto. <\/span><\/p>\n<p style=\"text-align: justify\"><span style=\"font-family: verdana, geneva, sans-serif\"><strong>DESCRIPCION:<\/strong> Abrigo (Capote) de cuero color marr\u00f3n (Ledermantel f\u00fcr Offizier) todav\u00eda muy flexible M1939 de un Leutnant de infanter\u00eda, de excelente calidad, de compra privada, es multi-panel, con solapas muy anchas, con ojales para abrochar de cuerpo entero. El capote tiene en su frontal dos filas paralelas de seis botones cada una, estos son plateados para Oficial y est\u00e1n marcados. Tiene bocamanga francesa y dos bolsillos con tapa. En la espalda tiene un ce\u00f1idor con dos botones. El interior esta forrado, tiene dos peque\u00f1os desperfectos sin importancia, tiene un bolsillo con bot\u00f3n marcado y un bolsillo multiuso con cremallera marcada en la parte inferior. Tiene un color excelente, y se encuentra en excelente estado. Talla aproximada espa\u00f1ola 44.<\/span><\/p>\n<p>&nbsp;<\/p>\n","protected":false},"excerpt":{"rendered":"<p align=\"justify\"><span style=\"font-family: Verdana\"><strong>ANTECEDENTES:<\/strong> El abrigo era un elemento esencial en el uniforme, utilizado por todos los grados, con peque\u00f1as variaciones, sigui\u00f3 el dise\u00f1o b\u00e1sico de abrigo del ej\u00e9rcito imperial alem\u00e1n. Durante la Segunda Guerra Mundial el ej\u00e9rcito alem\u00e1n utiliz\u00f3 al menos trece diferentes estilos de abrigos con numerosas variaciones y fines previstos. Durante la guerra el abrigo est\u00e1ndar sufri\u00f3 algunas modificaciones de menor importancia. Los abrigos de producci\u00f3n temprana llegaron con ojales en ambos lados, a la izquierda ya la derecha y paneles de cierre frontal, lo que permiti\u00f3 cerrar a la izquierda o la derecha, pero las regulaciones del 1 de diciembre de 1939 abolieron todos los ojales menos uno en la parte derecha. Los funcionarios y militares con rango de oficial, ten\u00edan derecho a llevar abrigos de cuero (hubieron hasta trece modelos diferentes), una versi\u00f3n del est\u00e1ndar, como un elemento privado de compra, de forma opcional. Los reglamentos dictaron que la insignia de rango desmontable, era la \u00fanica que pod\u00eda ser usado en los abrigos de piel. Debido a la escasez de cuero, la fabricaci\u00f3n de este tipo de abrigos, fue suspendida por la normativa del 29 de febrero de 1944, aunque siguieron siendo usados hasta el final de la guerra. Oficiales de alto rango y algunos suboficiales fueron responsables de la compra de sus propios uniformes, y como resultado se le asign\u00f3 una cantidad para ropa, a trav\u00e9s de la Kleiderkasse del ej\u00e9rcito. Los oficiales y suboficiales superiores pod\u00edan optar por comprar los uniformes en los dep\u00f3sitos de ropa de las fuerzas armadas o de forma privada las prendas de mayor calidad. Aunque el personal alistado se les emiti\u00f3 los uniformes suministrados por el gobierno, tambi\u00e9n se les permiti\u00f3 la compra de uniformes adaptados de confecci\u00f3n privada, aunque el precio pod\u00eda ser muy alto. <\/span><\/p>\n<p><strong>DESCRIPCION:<\/strong> Abrigo (Capote) de cuero color marr\u00f3n (Ledermantel f\u00fcr Offizier) todav\u00eda muy flexible <span style=\"color: #ff0000\">M1939<\/span> de un Leutnant de infanter\u00eda, de excelente calidad, de compra privada, es multi-panel, con solapas muy anchas, con ojales para abrochar de cuerpo entero. El capote tiene en su frontal dos filas paralelas de seis botones cada una, estos son plateados para Oficial y est\u00e1n marcados. Tiene bocamanga francesa y dos bolsillos con tapa. En la espalda tiene un ce\u00f1idor con dos botones. El interior esta forrado, tiene dos peque\u00f1os desperfectos sin importancia, tiene un bolsillo con bot\u00f3n marcado y un bolsillo multiuso con cremallera marcada en la parte inferior. Tiene un color excelente, y se encuentra en excelente estado. Talla aproximada espa\u00f1ola 44.<\/p>\n<p>&nbsp;<\/p>\n","protected":false},"featured_media":9280,"template":"","meta":[],"product_brand":[],"product_cat":[224],"product_tag":[],"class_list":{"0":"post-9279","1":"product","2":"type-product","3":"status-publish","4":"has-post-thumbnail","6":"product_cat-archivo-vendidos","7":"sales-flash-overlay","8":"woocommerce-text-align-center","9":"woocommerce-image-align-center","10":"do-quantity-buttons","12":"first","13":"outofstock","14":"purchasable","15":"product-type-simple"},"_links":{"self":[{"href":"https:\/\/original-militaria.com\/en\/wp-json\/wp\/v2\/product\/9279","targetHints":{"allow":["GET"]}}],"collection":[{"href":"https:\/\/original-militaria.com\/en\/wp-json\/wp\/v2\/product"}],"about":[{"href":"https:\/\/original-militaria.com\/en\/wp-json\/wp\/v2\/types\/product"}],"wp:featuredmedia":[{"embeddable":true,"href":"https:\/\/original-militaria.com\/en\/wp-json\/wp\/v2\/media\/9280"}],"wp:attachment":[{"href":"https:\/\/original-militaria.com\/en\/wp-json\/wp\/v2\/media?parent=9279"}],"wp:term":[{"taxonomy":"product_brand","embeddable":true,"href":"https:\/\/original-militaria.com\/en\/wp-json\/wp\/v2\/product_brand?post=9279"},{"taxonomy":"product_cat","embeddable":true,"href":"https:\/\/original-militaria.com\/en\/wp-json\/wp\/v2\/product_cat?post=9279"},{"taxonomy":"product_tag","embeddable":true,"href":"https:\/\/original-militaria.com\/en\/wp-json\/wp\/v2\/product_tag?post=9279"}],"curies":[{"name":"wp","href":"https:\/\/api.w.org\/{rel}","templated":true}]}}