{"id":9266,"date":"2017-09-05T11:47:57","date_gmt":"2017-09-05T11:47:57","guid":{"rendered":"https:\/\/original-militaria.com\/?post_type=product&#038;p=9266"},"modified":"2025-11-01T19:36:27","modified_gmt":"2025-11-01T18:36:27","slug":"pistola-francesa-de-percusion-arlot-a-paris","status":"publish","type":"product","link":"https:\/\/original-militaria.com\/en\/producto\/pistola-francesa-de-percusion-arlot-a-paris\/","title":{"rendered":"French Percussion Pistol &#8220;Arlot a Paris&#8221;&#8212; Pistola Francesa de Percusi\u00f3n &#8220;Arlot a Paris&#8221;"},"content":{"rendered":"<p style=\"text-align: justify;\" align=\"justify\"><span style=\"font-family: Verdana;\"><span style=\"font-size: medium;\"><strong>A<span style=\"font-family: verdana, geneva, sans-serif; font-size: 12pt;\">NTECEDENTES:<\/span><\/strong><span style=\"font-family: verdana, geneva, sans-serif; font-size: 12pt;\"> Arlot (Arleau), Paris, Francia, 1764-1828, 29 rue Gren\u00e9ta. En 1796, hay una petici\u00f3n de la armer\u00eda de Par\u00eds para la fabricaci\u00f3n con &#8220;Manufactura de Versalles&#8221;, de 1800-28 hay un Arlot en el 19 de la calle Gren\u00e9ta, se cree que fue el hijo. En 1786, hay firmada por Arlot, una pistola del Emperador &#8220;Napole\u00f3n&#8221;, firmada, como &#8220;Arcabucero du Roy&#8221;. <\/span><\/span><\/span><\/p>\n<p style=\"text-align: justify;\" align=\"justify\"><span style=\"font-family: verdana, geneva, sans-serif; font-size: 12pt;\"><strong>DESCRIPCION:<\/strong> Peque\u00f1a pistola sistema de percusi\u00f3n firmada en la platina &#8220;Arlot \u00e0 Paris&#8221; de la primera mitad del siglo XIX, est\u00e1 en excelente estado de conservaci\u00f3n y funcionamiento. El ca\u00f1\u00f3n de \u00e1nima lisa, es de forma octogonal en la cara superior con la inscripci\u00f3n gravada en oro &#8220;CANON TORDU&#8221;, indicativo de excelente calidad en el acero, todas las guarniciones niqueladas est\u00e1n ornamentadas con motivos florales, tiene su baqueta de hierro original, la caja es de madera de nogal acharolada, con empu\u00f1adura cuadrillada. Excelente estado. Longitud 25 cm.\u00a0 <\/span><\/p>\n<p style=\"text-align: justify;\" align=\"justify\"><span style=\"font-family: verdana, geneva, sans-serif; font-size: 12pt;\"><strong>Nota.-<\/strong> Est\u00e1 inscrito en el libro de coleccionista, lo puede solicitar gratuitamente sin tener licencia en su Intervenci\u00f3n de armas de la Guardia Civil. <\/span><\/p>\n<p><span style=\"font-family: verdana, geneva, sans-serif;\"><strong>AVISO:<\/strong> Revisa la normativa espa\u00f1ola para la tenencia de armas antes de realizar la compra<\/span><br \/>\n<span style=\"font-family: verdana, geneva, sans-serif;\"> <small><a title=\"Normativa espa\u00f1ola para la tenencia de armas. Guardia Civil.\" href=\"http:\/\/www.guardiacivil.es\/es\/servicios\/armasyexplosivo\/index.html\" target=\"_blank\" rel=\"noopener noreferrer nofollow\"> Guardia Civil (Intervenci\u00f3n de Armas Virtual)<\/a><\/small><\/span><\/p>\n","protected":false},"excerpt":{"rendered":"<p align=\"justify\"><span style=\"font-family: Verdana;\"><span style=\"font-size: medium;\"><strong>ANTECEDENTES:<\/strong> Arlot (Arleau), Paris, Francia, 1764-1828, 29 rue Gren\u00e9ta. En 1796, hay una petici\u00f3n de la armer\u00eda de Par\u00eds para la fabricaci\u00f3n con &#8220;Manufactura de Versalles&#8221;, de 1800-28 hay un Arlot en el 19 de la calle Gren\u00e9ta, se cree que fue el hijo. En 1786, hay firmada por Arlot, una pistola del Emperador &#8220;Napole\u00f3n&#8221;, firmada, como &#8220;Arcabucero du Roy&#8221;. <\/span><\/span><\/p>\n<p align=\"justify\"><span style=\"font-family: Verdana;\"><span style=\"font-size: medium;\"><strong>DESCRIPCION:<\/strong> Peque\u00f1a pistola sistema de percusi\u00f3n firmada en la platina <span style=\"color: #ff0000;\">&#8220;Arlot \u00e0 Paris&#8221;<\/span> de la primera mitad del siglo <span style=\"color: #ff0000;\">XIX<\/span>, est\u00e1 en excelente estado de conservaci\u00f3n y funcionamiento. El ca\u00f1\u00f3n de \u00e1nima lisa, es de forma octogonal en la cara superior con la inscripci\u00f3n gravada en oro <span style=\"color: #ff0000;\">&#8220;CANON TORDU&#8221;<\/span>, indicativo de excelente calidad en el acero, todas las guarniciones niqueladas est\u00e1n ornamentadas con motivos florales, tiene su baqueta de hierro original, la caja es de madera de nogal acharolada, con empu\u00f1adura cuadrillada. Excelente estado. <span style=\"color: #ff0000;\">Longitud 25 cm<\/span>.<\/span><\/span><span style=\"font-family: Verdana;\"><span style=\"font-size: medium;\">\u00a0 <\/span><\/span><\/p>\n<p align=\"justify\"><strong><span style=\"font-family: Verdana;\"><span style=\"font-size: medium;\">Nota.-<\/span><\/span><\/strong><span style=\"font-size: medium;\"><span style=\"font-family: Verdana;\"> Est\u00e1 inscrito en el libro de coleccionista, lo puede solicitar gratuitamente sin tener licencia en su Intervenci\u00f3n de armas de la Guardia Civil. <\/span><\/span><\/p>\n<p><strong><span style=\"font-family: Verdana;\">Nota 2.-<\/span><\/strong> Seg\u00fan el <strong><span style=\"font-family: Verdana;\">Art. 107<\/span><\/strong>,\u00a0<strong><span style=\"font-family: Verdana;\">Cap\u00edtulo V<\/span><\/strong>, <strong><span style=\"font-family: Verdana;\">Secci\u00f3n I<\/span><\/strong>, <strong><span style=\"font-family: Verdana;\">p\u00e1rrafo E<\/span><\/strong>, del Reglamento de Armas, tambi\u00e9n se puede comprar <strong><span style=\"font-family: Verdana;\">sin tener libro de coleccionista<\/span><\/strong> ateni\u00e9ndose a la siguiente disposici\u00f3n:<\/p>\n<p>No obstante lo dispuesto en otros preceptos de este Reglamento, se considerar\u00e1 autorizada la posesi\u00f3n en el propio domicilio, sin los requisitos determinados en ellos, de <strong><span style=\"font-family: Verdana;\">un arma de fuego corta o larga<\/span><\/strong> de las no prohibidas a particulares, <strong><span style=\"font-family: Verdana;\">acreditando su especial valor hist\u00f3rico o art\u00edstico<\/span><\/strong>, o de <strong><span style=\"font-family: Verdana;\">dos armas de avancarga<\/span><\/strong>, documentadas con las correspondientes gu\u00edas de pertenencia, <strong><span style=\"font-family: Verdana;\">previa aportaci\u00f3n del informe de aptitud regulado en el art\u00edculo 98<\/span><\/strong>, adoptando las medidas de seguridad necesarias para su custodia y no pudiendo utilizarlas ni enajenarlas, salvo dando cumplimiento a lo dispuesto al respecto en los preceptos espec\u00edficos de este Reglamento. La infracci\u00f3n de lo dispuesto en este apartado tendr\u00e1 la consideraci\u00f3n de grave y llevar\u00e1 aparejada en todo caso la retirada definitiva de las armas de que se trate.<\/p>\n","protected":false},"featured_media":9267,"template":"","meta":[],"product_brand":[],"product_cat":[235],"product_tag":[],"class_list":{"0":"post-9266","1":"product","2":"type-product","3":"status-publish","4":"has-post-thumbnail","6":"product_cat-armas-historicas","7":"sales-flash-overlay","8":"woocommerce-text-align-center","9":"woocommerce-image-align-center","10":"do-quantity-buttons","12":"first","13":"instock","14":"purchasable","15":"product-type-simple"},"_links":{"self":[{"href":"https:\/\/original-militaria.com\/en\/wp-json\/wp\/v2\/product\/9266","targetHints":{"allow":["GET"]}}],"collection":[{"href":"https:\/\/original-militaria.com\/en\/wp-json\/wp\/v2\/product"}],"about":[{"href":"https:\/\/original-militaria.com\/en\/wp-json\/wp\/v2\/types\/product"}],"wp:featuredmedia":[{"embeddable":true,"href":"https:\/\/original-militaria.com\/en\/wp-json\/wp\/v2\/media\/9267"}],"wp:attachment":[{"href":"https:\/\/original-militaria.com\/en\/wp-json\/wp\/v2\/media?parent=9266"}],"wp:term":[{"taxonomy":"product_brand","embeddable":true,"href":"https:\/\/original-militaria.com\/en\/wp-json\/wp\/v2\/product_brand?post=9266"},{"taxonomy":"product_cat","embeddable":true,"href":"https:\/\/original-militaria.com\/en\/wp-json\/wp\/v2\/product_cat?post=9266"},{"taxonomy":"product_tag","embeddable":true,"href":"https:\/\/original-militaria.com\/en\/wp-json\/wp\/v2\/product_tag?post=9266"}],"curies":[{"name":"wp","href":"https:\/\/api.w.org\/{rel}","templated":true}]}}