{"id":9254,"date":"2017-09-05T11:47:54","date_gmt":"2017-09-05T11:47:54","guid":{"rendered":"https:\/\/original-militaria.com\/?post_type=product&#038;p=9254"},"modified":"2022-01-31T19:07:10","modified_gmt":"2022-01-31T18:07:10","slug":"pistola-inglesa-circa-1850-para-la-cia-de-indias-orientales","status":"publish","type":"product","link":"https:\/\/original-militaria.com\/en\/producto\/pistola-inglesa-circa-1850-para-la-cia-de-indias-orientales\/","title":{"rendered":"English Piston Gun, 1850&#8211;  Pistola Inglesa circa 1850 para la Cia de Indias Orientales"},"content":{"rendered":"<p align=\"justify\"><span style=\"font-family: Verdana\"><span style=\"font-size: medium\"><strong>ANTECEDENTES:<\/strong> En 1780, la Compa\u00f1\u00eda de las Indias Orientales controlaba la mayor parte de las zonas m\u00e1s pr\u00f3speras de la India, pero en 1784 el Gobierno brit\u00e1nico detuvo su expansi\u00f3n, a pesar de que los jefes de la Compa\u00f1\u00eda pensaban de otra forma. Cuando los estados indios entablaban luchas entre s\u00ed, la Compa\u00f1\u00eda simplemente se desplazaba al lugar del conflicto. En torno a 1800, la ambici\u00f3n de Napole\u00f3n de construir un imperio en la India asust\u00f3 a los brit\u00e1nicos y el Gobierno cambi\u00f3 su pol\u00edtica para hacerla m\u00e1s activa. Desde 1803 a 1815, la Compa\u00f1\u00eda luch\u00f3 contra los mahratas, que gobernaban la India central, acabando con su poder. En otros casos adoptaron un m\u00e9todo \u00abm\u00e1s suave\u00bb, utilizando el comercio para favorecer a ciertos estados indios e instalando all\u00ed sus tropas \u00abpara protegerlos\u00bb. La Compa\u00f1\u00eda luch\u00f3 en Birmania, donde los gobernadores locales amenazaron Bengala, y tambi\u00e9n en la frontera noroeste y en Afganist\u00e1n, donde tem\u00edan la influencia rusa. En 1843-1849, se anexionaron el Punjab. Donde ca\u00eda una dinast\u00eda o si un estado estaba d\u00e9bilmente gobernado, all\u00ed se desplazaba la Compa\u00f1\u00eda. Durante la d\u00e9cada de 1830, el gobernador de la Compa\u00f1\u00eda invalid\u00f3 ostentosamente varias tradiciones indias e introdujo misioneros para convertir a los indios al cristianismo. La Compa\u00f1\u00eda construy\u00f3 carreteras, v\u00edas de ferrocarril y edificios, y expandi\u00f3 los negocios brit\u00e1nicos, insistiendo en utilizar el ingl\u00e9s como idioma para la educaci\u00f3n y los negocios. Como resultado de ello, el rechazo entre los indios fue poco a poco en aumento. Surgieron problemas entre los cipayos, los soldados indios del ej\u00e9rcito de la Compa\u00f1\u00eda. Suscitado por una terrible hambruna, el Mot\u00edn indio comenz\u00f3 en 1857. Los cipayos tomaron varias ciudades, incluida la capital, Delhi, y fueron asesinados hombres, mujeres y ni\u00f1os brit\u00e1nicos. El mot\u00edn fue sofocado violentamente por las tropas brit\u00e1nicas. A partir de entonces, rein\u00f3 la desconfianza entre ambos bandos. Los brit\u00e1nicos comenzaron a vivir m\u00e1s separados de los indios, a los que manten\u00edan aislados. El Gobierno brit\u00e1nico se hizo con el control de la Compa\u00f1\u00eda de las Indias Orientales en 1858 y la clausur\u00f3.<\/span><\/span><\/p>\n<p align=\"justify\"><span style=\"font-family: Verdana\"><span style=\"font-size: medium\"><strong>DESCRIPCION:<\/strong> Pistola militar de artiller\u00eda con sistema de percusi\u00f3n circa 1850, ca\u00f1\u00f3n con anima lisa de gran calibre. Lleva en la platina la figura del &#8220;Le\u00f3n Coronado&#8221;, lo que indica que es para la &#8220;Compa\u00f1ia de Indias Orientales&#8221;, la varilla articulada se mantiene se su lugar por un resorte largo por debajo de la boquilla de rosca, este tipo es bastante inusual, la caja de madera de nogal tiene por debajo grabados &#8220;los datos y n\u00famero del Regimiento&#8221; al que pertenec\u00eda. Discreta condici\u00f3n, Longitud 40 cm<\/span>.\u00a0<\/span><\/p>\n<p style=\"text-align: justify\" align=\"justify\"><strong><span style=\"font-family: Verdana\"><span style=\"font-size: medium\">N<span style=\"font-family: verdana, geneva, sans-serif\">ota.-<\/span><\/span><\/span><\/strong><span style=\"font-size: medium;font-family: verdana, geneva, sans-serif\"> Est\u00e1 inscrito en el libro de coleccionista, lo puede solicitar gratuitamente sin tener licencia en su Intervenci\u00f3n de armas de la Guardia Civil. <\/span><\/p>\n<p style=\"text-align: justify\"><span style=\"font-family: verdana, geneva, sans-serif\"><strong>Nota 2.-<\/strong> Seg\u00fan el <strong>Art. 107<\/strong>,\u00a0<strong>Cap\u00edtulo V<\/strong>, <strong>Secci\u00f3n I<\/strong>, <strong>p\u00e1rrafo E<\/strong>, del Reglamento de Armas, tambi\u00e9n se puede comprar <strong>sin tener libro de coleccionista<\/strong> ateni\u00e9ndose a la siguiente disposici\u00f3n:<\/span><\/p>\n<p style=\"text-align: justify\"><span style=\"font-family: verdana, geneva, sans-serif\">No obstante lo dispuesto en otros preceptos de este Reglamento, se considerar\u00e1 autorizada la posesi\u00f3n en el propio domicilio, sin los requisitos determinados en ellos, de <strong>un arma de fuego corta o larga<\/strong> de las no prohibidas a particulares, <strong>acreditando su especial valor hist\u00f3rico o art\u00edstico<\/strong>, o de <strong>dos armas de avancarga<\/strong>, documentadas con las correspondientes gu\u00edas de pertenencia, <strong>previa aportaci\u00f3n del informe de aptitud regulado en el art\u00edculo 98<\/strong>, adoptando las medidas de seguridad necesarias para su custodia y no pudiendo utilizarlas ni enajenarlas, salvo dando cumplimiento a lo dispuesto al respecto en los preceptos espec\u00edficos de este Reglamento. La infracci\u00f3n de lo dispuesto en este apartado tendr\u00e1 la consideraci\u00f3n de grave y llevar\u00e1 aparejada en todo caso la retirada definitiva de las armas de que se trate.<\/span><\/p>\n<p><span style=\"font-family: verdana, geneva, sans-serif\"><strong>AVISO:<\/strong> Revisa la normativa espa\u00f1ola para la tenencia de armas antes de realizar la compra<\/span><br \/>\n<span style=\"font-family: verdana, geneva, sans-serif\"> <small><a title=\"Normativa espa\u00f1ola para la tenencia de armas. Guardia Civil.\" href=\"http:\/\/www.guardiacivil.es\/es\/servicios\/armasyexplosivo\/index.html\" target=\"_blank\" rel=\"noopener noreferrer nofollow\"> Guardia Civil (Intervenci\u00f3n de Armas Virtual)<\/a><\/small><\/span><\/p>\n","protected":false},"excerpt":{"rendered":"<p align=\"justify\"><span style=\"font-family: Verdana\"><span style=\"font-size: medium\"><strong>ANTECEDENTES:<\/strong> En 1780, la Compa\u00f1\u00eda de las Indias Orientales controlaba la mayor parte de las zonas m\u00e1s pr\u00f3speras de la India, pero en 1784 el Gobierno brit\u00e1nico detuvo su expansi\u00f3n, a pesar de que los jefes de la Compa\u00f1\u00eda pensaban de otra forma. Cuando los estados indios entablaban luchas entre s\u00ed, la Compa\u00f1\u00eda simplemente se desplazaba al lugar del conflicto. En torno a 1800, la ambici\u00f3n de Napole\u00f3n de construir un imperio en la India asust\u00f3 a los brit\u00e1nicos y el Gobierno cambi\u00f3 su pol\u00edtica para hacerla m\u00e1s activa. Desde 1803 a 1815, la Compa\u00f1\u00eda luch\u00f3 contra los mahratas, que gobernaban la India central, acabando con su poder. En otros casos adoptaron un m\u00e9todo \u00abm\u00e1s suave\u00bb, utilizando el comercio para favorecer a ciertos estados indios e instalando all\u00ed sus tropas \u00abpara protegerlos\u00bb. La Compa\u00f1\u00eda luch\u00f3 en Birmania, donde los gobernadores locales amenazaron Bengala, y tambi\u00e9n en la frontera noroeste y en Afganist\u00e1n, donde tem\u00edan la influencia rusa. En 1843-1849, se anexionaron el Punjab. Donde ca\u00eda una dinast\u00eda o si un estado estaba d\u00e9bilmente gobernado, all\u00ed se desplazaba la Compa\u00f1\u00eda. Durante la d\u00e9cada de 1830, el gobernador de la Compa\u00f1\u00eda invalid\u00f3 ostentosamente varias tradiciones indias e introdujo misioneros para convertir a los indios al cristianismo. La Compa\u00f1\u00eda construy\u00f3 carreteras, v\u00edas de ferrocarril y edificios, y expandi\u00f3 los negocios brit\u00e1nicos, insistiendo en utilizar el ingl\u00e9s como idioma para la educaci\u00f3n y los negocios. Como resultado de ello, el rechazo entre los indios fue poco a poco en aumento. Surgieron problemas entre los cipayos, los soldados indios del ej\u00e9rcito de la Compa\u00f1\u00eda. Suscitado por una terrible hambruna, el Mot\u00edn indio comenz\u00f3 en 1857. Los cipayos tomaron varias ciudades, incluida la capital, Delhi, y fueron asesinados hombres, mujeres y ni\u00f1os brit\u00e1nicos. El mot\u00edn fue sofocado violentamente por las tropas brit\u00e1nicas. A partir de entonces, rein\u00f3 la desconfianza entre ambos bandos. Los brit\u00e1nicos comenzaron a vivir m\u00e1s separados de los indios, a los que manten\u00edan aislados. El Gobierno brit\u00e1nico se hizo con el control de la Compa\u00f1\u00eda de las Indias Orientales en 1858 y la clausur\u00f3.<\/span><\/span><\/p>\n<p align=\"justify\"><span style=\"font-family: Verdana\"><span style=\"font-size: medium\"><strong>DESCRIPCION:<\/strong> Pistola militar de artiller\u00eda con sistema de percusi\u00f3n circa <span style=\"color: #ff0000\">1850<\/span>, ca\u00f1\u00f3n con anima lisa de gran calibre. Lleva en la platina la figura del <span style=\"color: #ff0000\">&#8220;Le\u00f3n Coronado&#8221;<\/span>, lo que indica que es para la <span style=\"color: #ff0000\">&#8220;Compa\u00f1ia de Indias Orientales&#8221;<\/span>, la varilla articulada se mantiene se su lugar por un resorte largo por debajo de la boquilla de rosca, este tipo es bastante inusual, la caja de madera de nogal tiene por debajo grabados <span style=\"color: #ff0000\">&#8220;los datos y n\u00famero del Regimiento&#8221;<\/span> al que pertenec\u00eda. Discreta condici\u00f3n, <span style=\"color: #ff0000\">Longitud 40 cm<\/span><\/span>.\u00a0<\/span><\/p>\n<p align=\"justify\"><strong><span style=\"font-family: Verdana\"><span style=\"font-size: medium\">Nota.-<\/span><\/span><\/strong><span style=\"font-size: medium\"><span style=\"font-family: Verdana\"> Est\u00e1 inscrito en el libro de coleccionista, lo puede solicitar gratuitamente sin tener licencia en su Intervenci\u00f3n de armas de la Guardia Civil. <\/span><\/span><\/p>\n<p><strong><span style=\"font-family: Verdana\">Nota 2.-<\/span><\/strong> Seg\u00fan el <strong><span style=\"font-family: Verdana\">Art. 107<\/span><\/strong>,\u00a0<strong><span style=\"font-family: Verdana\">Cap\u00edtulo V<\/span><\/strong>, <strong><span style=\"font-family: Verdana\">Secci\u00f3n I<\/span><\/strong>, <strong><span style=\"font-family: Verdana\">p\u00e1rrafo E<\/span><\/strong>, del Reglamento de Armas, tambi\u00e9n se puede comprar <strong><span style=\"font-family: Verdana\">sin tener libro de coleccionista<\/span><\/strong> ateni\u00e9ndose a la siguiente disposici\u00f3n:<\/p>\n<p>No obstante lo dispuesto en otros preceptos de este Reglamento, se considerar\u00e1 autorizada la posesi\u00f3n en el propio domicilio, sin los requisitos determinados en ellos, de <strong><span style=\"font-family: Verdana\">un arma de fuego corta o larga<\/span><\/strong> de las no prohibidas a particulares, <strong><span style=\"font-family: Verdana\">acreditando su especial valor hist\u00f3rico o art\u00edstico<\/span><\/strong>, o de <strong><span style=\"font-family: Verdana\">dos armas de avancarga<\/span><\/strong>, documentadas con las correspondientes gu\u00edas de pertenencia, <strong><span style=\"font-family: Verdana\">previa aportaci\u00f3n del informe de aptitud regulado en el art\u00edculo 98<\/span><\/strong>, adoptando las medidas de seguridad necesarias para su custodia y no pudiendo utilizarlas ni enajenarlas, salvo dando cumplimiento a lo dispuesto al respecto en los preceptos espec\u00edficos de este Reglamento. La infracci\u00f3n de lo dispuesto en este apartado tendr\u00e1 la consideraci\u00f3n de grave y llevar\u00e1 aparejada en todo caso la retirada definitiva de las armas de que se trate.<\/p>\n","protected":false},"featured_media":9255,"template":"","meta":[],"product_brand":[],"product_cat":[224],"product_tag":[],"class_list":{"0":"post-9254","1":"product","2":"type-product","3":"status-publish","4":"has-post-thumbnail","6":"product_cat-archivo-vendidos","7":"sales-flash-overlay","8":"woocommerce-text-align-center","9":"woocommerce-image-align-center","10":"do-quantity-buttons","12":"first","13":"outofstock","14":"product-type-simple"},"_links":{"self":[{"href":"https:\/\/original-militaria.com\/en\/wp-json\/wp\/v2\/product\/9254","targetHints":{"allow":["GET"]}}],"collection":[{"href":"https:\/\/original-militaria.com\/en\/wp-json\/wp\/v2\/product"}],"about":[{"href":"https:\/\/original-militaria.com\/en\/wp-json\/wp\/v2\/types\/product"}],"wp:featuredmedia":[{"embeddable":true,"href":"https:\/\/original-militaria.com\/en\/wp-json\/wp\/v2\/media\/9255"}],"wp:attachment":[{"href":"https:\/\/original-militaria.com\/en\/wp-json\/wp\/v2\/media?parent=9254"}],"wp:term":[{"taxonomy":"product_brand","embeddable":true,"href":"https:\/\/original-militaria.com\/en\/wp-json\/wp\/v2\/product_brand?post=9254"},{"taxonomy":"product_cat","embeddable":true,"href":"https:\/\/original-militaria.com\/en\/wp-json\/wp\/v2\/product_cat?post=9254"},{"taxonomy":"product_tag","embeddable":true,"href":"https:\/\/original-militaria.com\/en\/wp-json\/wp\/v2\/product_tag?post=9254"}],"curies":[{"name":"wp","href":"https:\/\/api.w.org\/{rel}","templated":true}]}}