{"id":9240,"date":"2017-09-05T11:47:51","date_gmt":"2017-09-05T11:47:51","guid":{"rendered":"https:\/\/original-militaria.com\/?post_type=product&#038;p=9240"},"modified":"2022-01-31T19:07:09","modified_gmt":"2022-01-31T18:07:09","slug":"luftwaffe-rock-de-leutnant","status":"publish","type":"product","link":"https:\/\/original-militaria.com\/en\/producto\/luftwaffe-rock-de-leutnant\/","title":{"rendered":"Luftwaffe\/ Officer\u00b4s Service Tunic&#8211;Luftwaffe, Guerrera-uniforme para un Teniente de Vuelo"},"content":{"rendered":"<p align=\"justify\"><span style=\"font-family: Verdana\"><strong>ANTECEDENTES:<\/strong> El Reichsluftwaffe oficial fue establecido el 26 de febrero de 1935 como la tercera rama del servicio de las Fuerzas Armadas. En marzo de 1935 la formaci\u00f3n del nuevo Reichsluftwaffe se anunci\u00f3 a la prensa extranjera y 16 de marzo se volvi\u00f3 a introducir la conscripci\u00f3n para las tres ramas del servicio. el 21 de mayo de 1935 la designaci\u00f3n se modific\u00f3 Reichsluftwaffe a Luftwaffe. El modelo est\u00e1ndar de uniforme de servicio fue aprobado por la Luftwaffe en marzo de 1935, y se bas\u00f3 en los uniformes utilizados por el personal de la Verband Deutscher Luftsport, (Federaci\u00f3n de Deportes del aire alemana). El modelo de uniforme en 1935 fue designado Tuchrock, (t\u00fanica de tela), y era abierta en el cuello. el 11 de noviembre de 1938 un nuevo modelo de guerrera se hab\u00eda introducido con el uso cerrado del cuello. El 1938 fue designado un nuevo modelo, la t\u00fanica Anzugrock, (Uniforme t\u00fanica), y fue destinado a reemplazar el modelo 1935 tanto del Tuchrock como de la Fliegerbluse, (Blusa de vuelo). En 1938 un nuevo modelo sustituyo al Tuchrock, pero no la Fliegerbluse. Oficiales, suboficiales y ciertos altos rangos fueron responsables de la compra de sus propios uniformes y, en consecuencia, recibieron un subsidio para prendas de vestir a trav\u00e9s de la Luftwaffe del Verkaufsabteilung, (Fuerza A\u00e9rea-Departamento de Ventas). Se pod\u00eda optar por la compra de los uniformes en los dep\u00f3sitos de ropa asi como los accesorios de los uniformes, pero tambi\u00e9n de forma privada, que eran de mayor calidad. A las distintas ramas de servicio dentro de la Luftwaffe le fueron asignados colores espec\u00edficos, la determinaci\u00f3n de waffenfarbe, (Servicio de la Subdivisi\u00f3n de colores). <\/span><\/p>\n<p style=\"text-align: justify\"><span style=\"font-size: 12pt;font-family: verdana, geneva, sans-serif\"><strong>DESCRIPCION:<\/strong> Rock de servicio en tela de gabardina de 4 bolsillos\u00a0para un Leutnant de personal de vuelo del ejercito del a\u00edre (Luftwaffe) o de paracaidistas (Fallschirmtruppe). Vivo amarillo del color del arma (wanferfarbe). \u00c4guila de oficial en hilo de plata. Tela de gabardina con botones de plata. Etiqueta de sastre \u201cKubista Magdeburg\u201d y otra etiqueta en el bolsillo interior del sastre \u201cKubista Magdeburg\u201d con el &#8220;n\u00ba 248&#8221; y el nombre del oficial &#8220;Hisbock&#8221;. Botones de plata y cuello ribeteado con hilo de plata, forro de seda azul, lleva lazo para Cruz de Hierro de 1\u00aa clase y colgante para la daga. El cord\u00f3n no entra en el precio.<\/span><\/p>\n<p>&nbsp;<\/p>\n","protected":false},"excerpt":{"rendered":"<p align=\"justify\"><span style=\"font-family: Verdana\"><strong>ANTECEDENTES:<\/strong> El Reichsluftwaffe oficial fue establecido el 26 de febrero de 1935 como la tercera rama del servicio de las Fuerzas Armadas. En marzo de 1935 la formaci\u00f3n del nuevo Reichsluftwaffe se anunci\u00f3 a la prensa extranjera y 16 de marzo se volvi\u00f3 a introducir la conscripci\u00f3n para las tres ramas del servicio. el 21 de mayo de 1935 la designaci\u00f3n se modific\u00f3 Reichsluftwaffe a Luftwaffe. El modelo est\u00e1ndar de uniforme de servicio fue aprobado por la Luftwaffe en marzo de 1935, y se bas\u00f3 en los uniformes utilizados por el personal de la Verband Deutscher Luftsport, (Federaci\u00f3n de Deportes del aire alemana). El modelo de uniforme en 1935 fue designado Tuchrock, (t\u00fanica de tela), y era abierta en el cuello. el 11 de noviembre de 1938 un nuevo modelo de guerrera se hab\u00eda introducido con el uso cerrado del cuello. El 1938 fue designado un nuevo modelo, la t\u00fanica Anzugrock, (Uniforme t\u00fanica), y fue destinado a reemplazar el modelo 1935 tanto del Tuchrock como de la Fliegerbluse, (Blusa de vuelo). En 1938 un nuevo modelo sustituyo al Tuchrock, pero no la Fliegerbluse. Oficiales, suboficiales y ciertos altos rangos fueron responsables de la compra de sus propios uniformes y, en consecuencia, recibieron un subsidio para prendas de vestir a trav\u00e9s de la Luftwaffe del Verkaufsabteilung, (Fuerza A\u00e9rea-Departamento de Ventas). Se pod\u00eda optar por la compra de los uniformes en los dep\u00f3sitos de ropa asi como los accesorios de los uniformes, pero tambi\u00e9n de forma privada, que eran de mayor calidad. A las distintas ramas de servicio dentro de la Luftwaffe le fueron asignados colores espec\u00edficos, la determinaci\u00f3n de waffenfarbe, (Servicio de la Subdivisi\u00f3n de colores). <\/span><\/p>\n<p><strong>DESCRIPCION:<\/strong> Rock de servicio en tela de gabardina de 4 bolsillos\u00a0para un Leutnant de personal de vuelo del ejercito del a\u00edre (Luftwaffe) o de paracaidistas (Fallschirmtruppe). Vivo amarillo del color del arma (wanferfarbe). \u00c4guila de oficial en hilo de plata. Tela de gabardina con botones de plata. Etiqueta de sastre<span style=\"color: #ff0000\"> \u201cKubista Magdeburg\u201d<\/span> y otra etiqueta en el bolsillo interior del sastre <span style=\"color: #ff0000\">\u201cKubista Magdeburg\u201d<\/span> con el <span style=\"color: #ff0000\">&#8220;n\u00ba 248&#8221;<\/span> y el nombre del oficial <span style=\"color: #ff0000\">&#8220;Hisbock&#8221;<\/span>. Botones de plata y cuello ribeteado con hilo de plata, forro de seda azul, lleva lazo para Cruz de Hierro de 1\u00aa clase y colgante para la daga. El cord\u00f3n no entra en el precio.<\/p>\n<p>&nbsp;<\/p>\n","protected":false},"featured_media":9241,"template":"","meta":[],"product_brand":[],"product_cat":[224],"product_tag":[],"class_list":{"0":"post-9240","1":"product","2":"type-product","3":"status-publish","4":"has-post-thumbnail","6":"product_cat-archivo-vendidos","7":"sales-flash-overlay","8":"woocommerce-text-align-center","9":"woocommerce-image-align-center","10":"do-quantity-buttons","12":"first","13":"outofstock","14":"purchasable","15":"product-type-simple"},"_links":{"self":[{"href":"https:\/\/original-militaria.com\/en\/wp-json\/wp\/v2\/product\/9240","targetHints":{"allow":["GET"]}}],"collection":[{"href":"https:\/\/original-militaria.com\/en\/wp-json\/wp\/v2\/product"}],"about":[{"href":"https:\/\/original-militaria.com\/en\/wp-json\/wp\/v2\/types\/product"}],"wp:featuredmedia":[{"embeddable":true,"href":"https:\/\/original-militaria.com\/en\/wp-json\/wp\/v2\/media\/9241"}],"wp:attachment":[{"href":"https:\/\/original-militaria.com\/en\/wp-json\/wp\/v2\/media?parent=9240"}],"wp:term":[{"taxonomy":"product_brand","embeddable":true,"href":"https:\/\/original-militaria.com\/en\/wp-json\/wp\/v2\/product_brand?post=9240"},{"taxonomy":"product_cat","embeddable":true,"href":"https:\/\/original-militaria.com\/en\/wp-json\/wp\/v2\/product_cat?post=9240"},{"taxonomy":"product_tag","embeddable":true,"href":"https:\/\/original-militaria.com\/en\/wp-json\/wp\/v2\/product_tag?post=9240"}],"curies":[{"name":"wp","href":"https:\/\/api.w.org\/{rel}","templated":true}]}}