{"id":9225,"date":"2017-09-05T11:47:46","date_gmt":"2017-09-05T11:47:46","guid":{"rendered":"https:\/\/original-militaria.com\/?post_type=product&#038;p=9225"},"modified":"2022-01-31T19:07:09","modified_gmt":"2022-01-31T18:07:09","slug":"kriegsmarine-uniforme-de-verano-de-un-leutnant","status":"publish","type":"product","link":"https:\/\/original-militaria.com\/en\/producto\/kriegsmarine-uniforme-de-verano-de-un-leutnant\/","title":{"rendered":"Kriegsmarine\/ Summer Uniform of a Lieutenant &#8212;  Kriegsmarine, Uniforme de Verano de un Teniente"},"content":{"rendered":"<p align=\"justify\"><span style=\"font-family: Verdana\"><span style=\"font-size: medium\"><strong>ANTECEDENTES:<\/strong> Los uniformes y prendas de cabeza de la Marina de Guerra alemana, se basaron en los tradicionales que se remontan a la creaci\u00f3n de la Marina de Prusia en 1848, y aunque los uniformes y la sombrerer\u00eda hab\u00eda evolucionado durante los a\u00f1os intermedios, muchos art\u00edculos utilizados durante el Tercer Reich, todav\u00eda eran reconocibles por su uso en la Marina Imperial. El uniforme blanco fue originalmente introducido en la Marina de Prusia y fue trasladado a la Reichsmarine y finalmente, la Kriegsmarine, con variaciones menores. <\/span><\/span><\/p>\n<p align=\"justify\"><span style=\"font-family: Verdana\"><span style=\"font-size: medium\"><strong>DESCRIPCION:<\/strong> Uniforme de verano (Sommerrock) de 1939 de un Leutnant de la Kriegsmarine, buena talla, estado excelente, lleva dos lazos para sujetar el excelente \u00e1guila nacional de la KM que lleva, est\u00e1 fabricado por &#8220;Assmann&#8221;, tiene cuatro bolsillos de tapa apuntada con fuelle, en el frontal, cuatro botones, todos los botones marcados &#8220;Kriegsmarine 1939&#8221; desmontables\u00a0para facilitar el constante lavado, al igual que los dos de las hombreras y los de los 4 bolsillos. Las hombreras son desmontables de pala. En el interior debajo de la solapa que cubre los pasadores de los botones tiene bien definido en tinta negra, la manufactura del fabricante, las tallas y el deposito &#8220;Hamburgo&#8221;.<br \/>\n<\/span><\/span><\/p>\n","protected":false},"excerpt":{"rendered":"<p align=\"justify\"><span style=\"font-family: Verdana\"><span style=\"font-size: medium\"><strong>ANTECEDENTES:<\/strong> Los uniformes y prendas de cabeza de la Marina de Guerra alemana, se basaron en los tradicionales que se remontan a la creaci\u00f3n de la Marina de Prusia en 1848, y aunque los uniformes y la sombrerer\u00eda hab\u00eda evolucionado durante los a\u00f1os intermedios, muchos art\u00edculos utilizados durante el Tercer Reich, todav\u00eda eran reconocibles por su uso en la Marina Imperial. El uniforme blanco fue originalmente introducido en la Marina de Prusia y fue trasladado a la Reichsmarine y finalmente, la Kriegsmarine, con variaciones menores. <\/span><\/span><\/p>\n<p align=\"justify\"><span style=\"font-family: Verdana\"><span style=\"font-size: medium\"><strong>DESCRIPCION:<\/strong> Uniforme de verano (Sommerrock) de <span style=\"color: #ff0000\">1939 <\/span>de un Leutnant de la Kriegsmarine, buena talla, estado excelente, lleva dos lazos para sujetar el excelente \u00e1guila nacional de la KM que lleva, est\u00e1 fabricado por <span style=\"color: #ff0000\">&#8220;Assmann&#8221;<\/span>, tiene cuatro bolsillos de tapa apuntada con fuelle, en el frontal, cuatro botones, todos los botones marcados <span style=\"color: #ff0000\">&#8220;Kriegsmarine 1939&#8221;<\/span> desmontables\u00a0para facilitar el constante lavado, al igual que los dos de las hombreras y los de los 4 bolsillos. Las hombreras son desmontables de pala. En el interior debajo de la solapa que cubre los pasadores de los botones tiene bien definido en tinta negra, la manufactura del fabricante, las tallas y el deposito <span style=\"color: #ff0000\">&#8220;Hamburgo&#8221;<\/span>.<br \/>\n<\/span><\/span><\/p>\n","protected":false},"featured_media":9226,"template":"","meta":[],"product_brand":[],"product_cat":[224],"product_tag":[],"class_list":{"0":"post-9225","1":"product","2":"type-product","3":"status-publish","4":"has-post-thumbnail","6":"product_cat-archivo-vendidos","7":"sales-flash-overlay","8":"woocommerce-text-align-center","9":"woocommerce-image-align-center","10":"do-quantity-buttons","12":"first","13":"outofstock","14":"product-type-simple"},"_links":{"self":[{"href":"https:\/\/original-militaria.com\/en\/wp-json\/wp\/v2\/product\/9225","targetHints":{"allow":["GET"]}}],"collection":[{"href":"https:\/\/original-militaria.com\/en\/wp-json\/wp\/v2\/product"}],"about":[{"href":"https:\/\/original-militaria.com\/en\/wp-json\/wp\/v2\/types\/product"}],"wp:featuredmedia":[{"embeddable":true,"href":"https:\/\/original-militaria.com\/en\/wp-json\/wp\/v2\/media\/9226"}],"wp:attachment":[{"href":"https:\/\/original-militaria.com\/en\/wp-json\/wp\/v2\/media?parent=9225"}],"wp:term":[{"taxonomy":"product_brand","embeddable":true,"href":"https:\/\/original-militaria.com\/en\/wp-json\/wp\/v2\/product_brand?post=9225"},{"taxonomy":"product_cat","embeddable":true,"href":"https:\/\/original-militaria.com\/en\/wp-json\/wp\/v2\/product_cat?post=9225"},{"taxonomy":"product_tag","embeddable":true,"href":"https:\/\/original-militaria.com\/en\/wp-json\/wp\/v2\/product_tag?post=9225"}],"curies":[{"name":"wp","href":"https:\/\/api.w.org\/{rel}","templated":true}]}}