{"id":9126,"date":"2017-09-05T11:47:20","date_gmt":"2017-09-05T11:47:20","guid":{"rendered":"https:\/\/original-militaria.com\/?post_type=product&#038;p=9126"},"modified":"2024-03-10T21:51:53","modified_gmt":"2024-03-10T20:51:53","slug":"sa-banderin-de-vehiculo","status":"publish","type":"product","link":"https:\/\/original-militaria.com\/en\/producto\/sa-banderin-de-vehiculo\/","title":{"rendered":"SA, Bander\u00edn de Veh\u00edculo"},"content":{"rendered":"<p align=\"justify\"><span style=\"font-size: medium;\"><span style=\"font-family: Verdana;\"><strong>ANTECEDENTES:<\/strong> Las Sturmabteilung o \u00abSA\u00bb (que se puede traducir por \u00abtropas de asalto\u00bb) funcion\u00f3 como una organizaci\u00f3n paramilitar del NSDAP, el Partido Nazi alem\u00e1n. A los hombres de las SA se les conoc\u00eda como \u00abcamisas pardas\u00bb, por el color de su camisa y uniforme, para distinguirlos de las \u00abSS\u00bb, que llevaban uniformes negros y camisa blanca, a diferencia de los camisas negras italianos. Se eligieron las camisas pardas como uniforme para la SA porque un lote de ellas era mucho m\u00e1s barato que otros, ya que exist\u00edan muchos rezagos provenientes de la Primera Guerra Mundial para las tropas coloniales alemanas estacionadas en \u00c1frica. Las SA fueron el primer grupo paramilitar nazi que desarroll\u00f3 t\u00edtulos y rangos pseudo militares para sus miembros; posteriormente, los rangos de las SA fueron adoptados tambi\u00e9n por otros grupos del NSDAP. Las SA jugaron un importante papel en el ascenso al poder de Adolf Hitler en los primeros a\u00f1os de la d\u00e9cada de 1930, hasta que fueron completamente desarticuladas en 1934 e integradas en las SS. Las SA utilizaron banderines de servicio en los veh\u00edculos, de manera similar a las Fuerzas Armadas. Estos banderines se llevaban en el guardabarros delantero derecho del veh\u00edculo cuando un oficial uniformado estaba en el veh\u00edculo. <\/span><\/span><\/p>\n<p align=\"justify\"><span style=\"font-size: medium;\"><span style=\"font-family: Verdana;\"><strong>DESCRIPCION:<\/strong> Bander\u00edn o gallardete a doble cara multipieza, fabricado en algod\u00f3n, en dos piezas, de forma triangular. Con base de algod\u00f3n color rojo, cuenta con con un disco circular central blanco cosido a m\u00e1quina con la runa estilizada de los <span style=\"color: #000000;\">&#8220;SA&#8221;<\/span> de ray\u00f3n negro y un borde circular negro. Los bordes del bander\u00edn est\u00e1n reforzados con doble costura, al igual que la punta, todav\u00eda mantiene la cuerda y el mosquet\u00f3n, sin ning\u00fan agujero de polilla.<\/span><\/span><\/p>\n","protected":false},"excerpt":{"rendered":"<p align=\"justify\"><span style=\"font-size: medium;\"><span style=\"font-family: Verdana;\"><strong>ANTECEDENTES:<\/strong> Las Sturmabteilung o \u00abSA\u00bb (que se puede traducir por \u00abtropas de asalto\u00bb) funcion\u00f3 como una organizaci\u00f3n paramilitar del NSDAP, el Partido Nazi alem\u00e1n. A los hombres de las SA se les conoc\u00eda como \u00abcamisas pardas\u00bb, por el color de su camisa y uniforme, para distinguirlos de las \u00abSS\u00bb, que llevaban uniformes negros y camisa blanca, a diferencia de los camisas negras italianos. Se eligieron las camisas pardas como uniforme para la SA porque un lote de ellas era mucho m\u00e1s barato que otros, ya que exist\u00edan muchos rezagos provenientes de la Primera Guerra Mundial para las tropas coloniales alemanas estacionadas en \u00c1frica. Las SA fueron el primer grupo paramilitar nazi que desarroll\u00f3 t\u00edtulos y rangos pseudo militares para sus miembros; posteriormente, los rangos de las SA fueron adoptados tambi\u00e9n por otros grupos del NSDAP. Las SA jugaron un importante papel en el ascenso al poder de Adolf Hitler en los primeros a\u00f1os de la d\u00e9cada de 1930, hasta que fueron completamente desarticuladas en 1934 e integradas en las SS. Las SA utilizaron banderines de servicio en los veh\u00edculos, de manera similar a las Fuerzas Armadas. Estos banderines se llevaban en el guardabarros delantero derecho del veh\u00edculo cuando un oficial uniformado estaba en el veh\u00edculo. <\/span><\/span><\/p>\n<p align=\"justify\"><span style=\"font-size: medium;\"><span style=\"font-family: Verdana;\"><strong>DESCRIPCION:<\/strong> Bander\u00edn o gallardete a doble cara multipieza, fabricado en algod\u00f3n, en dos piezas, de forma triangular. Con base de algod\u00f3n color rojo, cuenta con con un disco circular central blanco cosido a m\u00e1quina con la runa estilizada de los <span style=\"color: #ff0000;\">&#8220;SA&#8221;<\/span> de ray\u00f3n negro y un borde circular negro. Los bordes del bander\u00edn est\u00e1n reforzados con doble costura, al igual que la punta, todav\u00eda mantiene la cuerda y el mosquet\u00f3n, sin ning\u00fan agujero de polilla.<\/span><\/span><\/p>\n","protected":false},"featured_media":9127,"template":"","meta":[],"product_brand":[],"product_cat":[224],"product_tag":[],"class_list":{"0":"post-9126","1":"product","2":"type-product","3":"status-publish","4":"has-post-thumbnail","6":"product_cat-archivo-vendidos","7":"sales-flash-overlay","8":"woocommerce-text-align-center","9":"woocommerce-image-align-center","10":"do-quantity-buttons","12":"first","13":"outofstock","14":"product-type-simple"},"_links":{"self":[{"href":"https:\/\/original-militaria.com\/en\/wp-json\/wp\/v2\/product\/9126","targetHints":{"allow":["GET"]}}],"collection":[{"href":"https:\/\/original-militaria.com\/en\/wp-json\/wp\/v2\/product"}],"about":[{"href":"https:\/\/original-militaria.com\/en\/wp-json\/wp\/v2\/types\/product"}],"wp:featuredmedia":[{"embeddable":true,"href":"https:\/\/original-militaria.com\/en\/wp-json\/wp\/v2\/media\/9127"}],"wp:attachment":[{"href":"https:\/\/original-militaria.com\/en\/wp-json\/wp\/v2\/media?parent=9126"}],"wp:term":[{"taxonomy":"product_brand","embeddable":true,"href":"https:\/\/original-militaria.com\/en\/wp-json\/wp\/v2\/product_brand?post=9126"},{"taxonomy":"product_cat","embeddable":true,"href":"https:\/\/original-militaria.com\/en\/wp-json\/wp\/v2\/product_cat?post=9126"},{"taxonomy":"product_tag","embeddable":true,"href":"https:\/\/original-militaria.com\/en\/wp-json\/wp\/v2\/product_tag?post=9126"}],"curies":[{"name":"wp","href":"https:\/\/api.w.org\/{rel}","templated":true}]}}