{"id":9080,"date":"2017-09-05T11:47:07","date_gmt":"2017-09-05T11:47:07","guid":{"rendered":"https:\/\/original-militaria.com\/?post_type=product&#038;p=9080"},"modified":"2022-08-30T20:43:57","modified_gmt":"2022-08-30T18:43:57","slug":"waffen-ss-silbato-con-su-cordon-y-etiqueta-rzm","status":"publish","type":"product","link":"https:\/\/original-militaria.com\/en\/producto\/waffen-ss-silbato-con-su-cordon-y-etiqueta-rzm\/","title":{"rendered":"Schutzstaffel SS\/ Whistle with RZM  &#8212; Schutzstaffel SS, Silbato con su Cord\u00f3n y Etiqueta &#8220;RZM&#8221;"},"content":{"rendered":"<p style=\"text-align: justify;\" align=\"justify\"><span style=\"font-family: Verdana; font-size: 12pt;\">Silbato (Dienst-Pfeife mit RZM-Etikett) de acero para los SS con su correspondiente cord\u00f3n negro trenzado de algod\u00f3n y su etiqueta &#8220;RZM&#8221;, tiene e el frontal dentro de un circulo las runas de los SS. Est\u00e1 en excelente estado y funcionamiento. Muy raro y escaso ya.<\/span><\/p>\n<p align=\"justify\">\n","protected":false},"excerpt":{"rendered":"<p align=\"justify\"><span style=\"font-family: Verdana; font-size: medium;\"><strong>DESCRIPCION:<\/strong> Silbato (Dienst-Pfeife mit RZM-Etikett) de acero para los SS con su correspondiente cord\u00f3n negro trenzado de algod\u00f3n y su etiqueta <span style=\"color: #ff0000;\">&#8220;RZM&#8221;<\/span>, tiene e el frontal dentro de un circulo las runas de los SS. Est\u00e1 en excelente estado y funcionamiento. Muy raro y escaso ya.<\/span><\/p>\n<p align=\"justify\">\n","protected":false},"featured_media":9081,"template":"","meta":[],"product_brand":[],"product_cat":[172,224],"product_tag":[],"class_list":{"0":"post-9080","1":"product","2":"type-product","3":"status-publish","4":"has-post-thumbnail","6":"product_cat-militaria-alemana-ww2","7":"product_cat-archivo-vendidos","8":"sales-flash-overlay","9":"woocommerce-text-align-center","10":"woocommerce-image-align-center","11":"do-quantity-buttons","13":"first","14":"outofstock","15":"product-type-simple"},"_links":{"self":[{"href":"https:\/\/original-militaria.com\/en\/wp-json\/wp\/v2\/product\/9080","targetHints":{"allow":["GET"]}}],"collection":[{"href":"https:\/\/original-militaria.com\/en\/wp-json\/wp\/v2\/product"}],"about":[{"href":"https:\/\/original-militaria.com\/en\/wp-json\/wp\/v2\/types\/product"}],"wp:featuredmedia":[{"embeddable":true,"href":"https:\/\/original-militaria.com\/en\/wp-json\/wp\/v2\/media\/9081"}],"wp:attachment":[{"href":"https:\/\/original-militaria.com\/en\/wp-json\/wp\/v2\/media?parent=9080"}],"wp:term":[{"taxonomy":"product_brand","embeddable":true,"href":"https:\/\/original-militaria.com\/en\/wp-json\/wp\/v2\/product_brand?post=9080"},{"taxonomy":"product_cat","embeddable":true,"href":"https:\/\/original-militaria.com\/en\/wp-json\/wp\/v2\/product_cat?post=9080"},{"taxonomy":"product_tag","embeddable":true,"href":"https:\/\/original-militaria.com\/en\/wp-json\/wp\/v2\/product_tag?post=9080"}],"curies":[{"name":"wp","href":"https:\/\/api.w.org\/{rel}","templated":true}]}}