{"id":9035,"date":"2017-09-05T11:46:53","date_gmt":"2017-09-05T11:46:53","guid":{"rendered":"https:\/\/original-militaria.com\/?post_type=product&#038;p=9035"},"modified":"2022-02-12T12:38:56","modified_gmt":"2022-02-12T11:38:56","slug":"panzer-parches-o-espejos-de-cuello-de-tropa","status":"publish","type":"product","link":"https:\/\/original-militaria.com\/en\/producto\/panzer-parches-o-espejos-de-cuello-de-tropa\/","title":{"rendered":"Panzer, EM\/NCO&#8217;S Collart Tabs &#8212; Parches o Espejos de Cuello de Tropa y Suboficiales Panzer"},"content":{"rendered":"<p style=\"text-align: justify;\" align=\"justify\"><span style=\"font-size: 12pt; font-family: verdana, geneva, sans-serif;\"><strong>ANTECEDENTES:<\/strong> El uso de los parches de cuello como ornamentaci\u00f3n en los uniformes militares fue utilizado por una variedad de numerosas naciones con la funci\u00f3n principal de indicar el rango y a que cuerpo pertenec\u00edan. Durante el Tercer Reich estos parches de cuellos (litzen) sufrieron al menos cinco peque\u00f1as reformas, la mayor modificaci\u00f3n fue el material utilizado y la coloraci\u00f3n. Este nuevo modelo fue presentado el 10 de septiembre de 1935. Fue utilizado tanto para soldados como para suboficiales. A las distintas ramas de servicio en el ej\u00e9rcito alem\u00e1n les fue asignado un color espec\u00edfico, el waffenfarbe, (Subdivisi\u00f3n de Servicios de Color), el color negro fue elegido para la caballer\u00eda. <\/span><\/p>\n<p style=\"text-align: justify;\"><span style=\"font-size: 12pt; font-family: verdana, geneva, sans-serif;\"><strong>DESCRIPCI\u00d3N:<\/strong> Parches o espejos de cuello (Kragenpatten) para tropa y suboficiales de panzer, tal como se compraban en las tiendas de efectos militares, modelo de septiembre de 1935 sin estrenar, con su envoltorio original sin abrir, est\u00e1n fabricados en ray\u00f3n, cosido a m\u00e1quina sobre base gris un entretejido de color rosado indicativo del arma. De una f\u00e1brica de Viena. Excelente condici\u00f3n.<\/span><\/p>\n<p>&nbsp;<\/p>\n","protected":false},"excerpt":{"rendered":"<p align=\"justify\"><span style=\"font-size: medium;\"><span style=\"font-family: Verdana;\"><strong>ANTECEDENTES:<\/strong> El uso de los parches de cuello como ornamentaci\u00f3n en los uniformes militares fue utilizado por una variedad de numerosas naciones con la funci\u00f3n principal de indicar el rango y a que cuerpo pertenec\u00edan. Durante el Tercer Reich estos parches de cuellos (litzen) sufrieron al menos cinco peque\u00f1as reformas, la mayor modificaci\u00f3n fue el material utilizado y la coloraci\u00f3n. Este nuevo modelo fue presentado el 10 de septiembre de 1935. Fue utilizado tanto para soldados como para suboficiales. A las distintas ramas de servicio en el ej\u00e9rcito alem\u00e1n les fue asignado un color espec\u00edfico, el waffenfarbe, (Subdivisi\u00f3n de Servicios de Color), el color negro fue elegido para la caballer\u00eda. <\/span><\/span><\/p>\n<p><strong>DESCRIPCI\u00d3N:<\/strong> Parches o espejos de cuello (Kragenpatten) para tropa y suboficiales de panzer, tal como se compraban en las tiendas de efectos militares, modelo de septiembre de 1935 sin estrenar, con su envoltorio original sin abrir, est\u00e1n fabricados en ray\u00f3n, cosido a m\u00e1quina sobre base gris un entretejido de color rosado indicativo del arma. De una f\u00e1brica de Viena. Excelente condici\u00f3n.<\/p>\n<p>&nbsp;<\/p>\n","protected":false},"featured_media":9036,"template":"","meta":[],"product_brand":[],"product_cat":[224],"product_tag":[],"class_list":{"0":"post-9035","1":"product","2":"type-product","3":"status-publish","4":"has-post-thumbnail","6":"product_cat-archivo-vendidos","7":"sales-flash-overlay","8":"woocommerce-text-align-center","9":"woocommerce-image-align-center","10":"do-quantity-buttons","12":"first","13":"outofstock","14":"product-type-simple"},"_links":{"self":[{"href":"https:\/\/original-militaria.com\/en\/wp-json\/wp\/v2\/product\/9035","targetHints":{"allow":["GET"]}}],"collection":[{"href":"https:\/\/original-militaria.com\/en\/wp-json\/wp\/v2\/product"}],"about":[{"href":"https:\/\/original-militaria.com\/en\/wp-json\/wp\/v2\/types\/product"}],"wp:featuredmedia":[{"embeddable":true,"href":"https:\/\/original-militaria.com\/en\/wp-json\/wp\/v2\/media\/9036"}],"wp:attachment":[{"href":"https:\/\/original-militaria.com\/en\/wp-json\/wp\/v2\/media?parent=9035"}],"wp:term":[{"taxonomy":"product_brand","embeddable":true,"href":"https:\/\/original-militaria.com\/en\/wp-json\/wp\/v2\/product_brand?post=9035"},{"taxonomy":"product_cat","embeddable":true,"href":"https:\/\/original-militaria.com\/en\/wp-json\/wp\/v2\/product_cat?post=9035"},{"taxonomy":"product_tag","embeddable":true,"href":"https:\/\/original-militaria.com\/en\/wp-json\/wp\/v2\/product_tag?post=9035"}],"curies":[{"name":"wp","href":"https:\/\/api.w.org\/{rel}","templated":true}]}}