{"id":8936,"date":"2017-09-05T11:46:15","date_gmt":"2017-09-05T11:46:15","guid":{"rendered":"https:\/\/original-militaria.com\/?post_type=product&#038;p=8936"},"modified":"2022-01-31T19:07:03","modified_gmt":"2022-01-31T18:07:03","slug":"machete-cubano-de-jefes-y-oficiales-de-infanteria-del-ejercito-espanol-de-ultramar-en-cuba","status":"publish","type":"product","link":"https:\/\/original-militaria.com\/en\/producto\/machete-cubano-de-jefes-y-oficiales-de-infanteria-del-ejercito-espanol-de-ultramar-en-cuba\/","title":{"rendered":"Machete &#8220;Cubano&#8221; de Jefes y Oficiales de Infanter\u00eda del Ej\u00e9rcito Espa\u00f1ol de Ultramar en Cuba"},"content":{"rendered":"<p align=\"justify\"><span style=\"font-size: medium\"><font face=\"Verdana\"><strong>ANTECEDENTES:<\/strong> En las Antillas, le vegetaci&oacute;n hac&iacute;a de los machetes de jungla un &uacute;til cotidiano de trabajo, y su introducci&oacute;n como equipo de las fuerzas de guarnici&oacute;n se evidencia anterior a 1868, en que se inici&oacute; en Cuba el movimiento unsurreccional. cabe establecer dos modelos de machetes &quot;cubanos&quot;, unos con hoja estrecha, recta, de regular grosor y longitud, con vaceos de media ca&ntilde;a en el segundo tercio, y otros con hoja de inferior grosor y mayor anchura, sin vaceos. Los segundos se generalizar&iacute;an m&aacute;s tarde, durante la guerra de los Diez A&ntilde;os (1868-78), abundando entre &eacute;stos los ejemplares cuyas hojas muestran marcas alemanas, inscritas en idioma espa&ntilde;ol como destinadas al mercado hispano.<\/font><\/span><\/p>\n<p align=\"justify\"><span style=\"font-size: medium\"><font face=\"Verdana\"><strong>DESCRIPCION:<\/strong> Machete reglamentario en excelente estado para Jefes y Oficiales de Infanter&iacute;a para las tropas de ultramar, Guerra de los Diez a&ntilde;os. Tiene la empu&ntilde;adura de alpaca con cachas de resina cuadrilladas, el pomo conformando testa de &aacute;guila con taladro en el pico para la correa fiador, cruz de gavilanes vueltos en sentidos opuestos. La hoja esta marcada por un lado <font color=\"#ff0000\">&quot;Machete Reglamentario&quot;<\/font>&nbsp; y el n&uacute;mero <font color=\"#ff0000\">&quot;877 C&quot;<\/font>. Por otro lado lleva la manufactura del fabricante alem&aacute;n <font color=\"#ff0000\">&quot;Luckhaus &amp; G&uuml;nther&quot;<\/font> y otros. La vaina en perfecto estado, es de cuero marr&oacute;n, con los juegos en lat&oacute;n, tiene una presilla a lo largo en vez de bot&oacute;n y la contera es de anchura constante. <\/font><\/span><\/p>\n","protected":false},"excerpt":{"rendered":"<p align=\"justify\"><span style=\"font-size: medium\"><font face=\"Verdana\"><strong>ANTECEDENTES:<\/strong> En las Antillas, le vegetaci&oacute;n hac&iacute;a de los machetes de jungla un &uacute;til cotidiano de trabajo, y su introducci&oacute;n como equipo de las fuerzas de guarnici&oacute;n se evidencia anterior a 1868, en que se inici&oacute; en Cuba el movimiento unsurreccional. cabe establecer dos modelos de machetes &quot;cubanos&quot;, unos con hoja estrecha, recta, de regular grosor y longitud, con vaceos de media ca&ntilde;a en el segundo tercio, y otros con hoja de inferior grosor y mayor anchura, sin vaceos. Los segundos se generalizar&iacute;an m&aacute;s tarde, durante la guerra de los Diez A&ntilde;os (1868-78), abundando entre &eacute;stos los ejemplares cuyas hojas muestran marcas alemanas, inscritas en idioma espa&ntilde;ol como destinadas al mercado hispano.<\/font><\/span><\/p>\n<p align=\"justify\"><span style=\"font-size: medium\"><font face=\"Verdana\"><strong>DESCRIPCION:<\/strong> Machete reglamentario en excelente estado para Jefes y Oficiales de Infanter&iacute;a para las tropas de ultramar, Guerra de los Diez a&ntilde;os. Tiene la empu&ntilde;adura de alpaca con cachas de resina cuadrilladas, el pomo conformando testa de &aacute;guila con taladro en el pico para la correa fiador, cruz de gavilanes vueltos en sentidos opuestos. La hoja esta marcada por un lado <font color=\"#ff0000\">&quot;Machete Reglamentario&quot;<\/font>&nbsp; y el n&uacute;mero <font color=\"#ff0000\">&quot;877 C&quot;<\/font>. Por otro lado lleva la manufactura del fabricante alem&aacute;n <font color=\"#ff0000\">&quot;Luckhaus &amp; G&uuml;nther&quot;<\/font> y otros. La vaina en perfecto estado, es de cuero marr&oacute;n, con los juegos en lat&oacute;n, tiene una presilla a lo largo en vez de bot&oacute;n y la contera es de anchura constante. <\/font><\/span><\/p>\n","protected":false},"featured_media":8937,"template":"","meta":[],"product_brand":[],"product_cat":[224],"product_tag":[],"class_list":{"0":"post-8936","1":"product","2":"type-product","3":"status-publish","4":"has-post-thumbnail","6":"product_cat-archivo-vendidos","7":"sales-flash-overlay","8":"woocommerce-text-align-center","9":"woocommerce-image-align-center","10":"do-quantity-buttons","12":"first","13":"outofstock","14":"purchasable","15":"product-type-simple"},"_links":{"self":[{"href":"https:\/\/original-militaria.com\/en\/wp-json\/wp\/v2\/product\/8936","targetHints":{"allow":["GET"]}}],"collection":[{"href":"https:\/\/original-militaria.com\/en\/wp-json\/wp\/v2\/product"}],"about":[{"href":"https:\/\/original-militaria.com\/en\/wp-json\/wp\/v2\/types\/product"}],"wp:featuredmedia":[{"embeddable":true,"href":"https:\/\/original-militaria.com\/en\/wp-json\/wp\/v2\/media\/8937"}],"wp:attachment":[{"href":"https:\/\/original-militaria.com\/en\/wp-json\/wp\/v2\/media?parent=8936"}],"wp:term":[{"taxonomy":"product_brand","embeddable":true,"href":"https:\/\/original-militaria.com\/en\/wp-json\/wp\/v2\/product_brand?post=8936"},{"taxonomy":"product_cat","embeddable":true,"href":"https:\/\/original-militaria.com\/en\/wp-json\/wp\/v2\/product_cat?post=8936"},{"taxonomy":"product_tag","embeddable":true,"href":"https:\/\/original-militaria.com\/en\/wp-json\/wp\/v2\/product_tag?post=8936"}],"curies":[{"name":"wp","href":"https:\/\/api.w.org\/{rel}","templated":true}]}}