{"id":8932,"date":"2017-09-05T11:46:14","date_gmt":"2017-09-05T11:46:14","guid":{"rendered":"https:\/\/original-militaria.com\/?post_type=product&#038;p=8932"},"modified":"2022-01-31T19:07:03","modified_gmt":"2022-01-31T18:07:03","slug":"pistola-de-pedernal-francesa-modelo-xiii-de-1811-n-n","status":"publish","type":"product","link":"https:\/\/original-militaria.com\/en\/producto\/pistola-de-pedernal-francesa-modelo-xiii-de-1811-n-n\/","title":{"rendered":"French Flint Pistol Model XIII of 1811 &#8220;N-N&#8221;&#8212;Pistola de Pedernal Francesa Modelo XIII de 1811 &#8220;N-N&#8221;"},"content":{"rendered":"<p align=\"justify\"><span style=\"font-family: verdana, geneva, sans-serif;font-size: 12pt\"><strong>ANTECEDENTES:<\/strong> En 1800, el futuro emperador de los franceses siempre deseoso de orden y organizaci\u00f3n, designa una comisi\u00f3n formada por oficiales de artiller\u00eda cuya tarea es encontrar una nueva pistola para sustituir a la antigua pistola M1777 de caballer\u00eda as\u00ed nace la pistola M IX, una novedad. La labor de estos especialistas se refleja en la resoluci\u00f3n n\u00ba 21 del 11 de febrero de 1801 firmada por el General de Saint-Germain. Bas\u00e1ndose en parte en el modelo 1763-1766, pero bas\u00e1ndose tambi\u00e9n en otras armas realizadas en el marco de la revoluci\u00f3n, nace una pistola m\u00e1s corta que sus predecesoras que es producida por 4 fabricas francesas con manufacturas de Charleville, Saint-Etienne, Versalles y Maubege. Cuatro a\u00f1os despu\u00e9s del lanzamiento de este modelo sale otro modelo modificado la M XIII. La pistola M IX queda modificada, incorporando elementos de la pistola de marina M1786, ya que la Armada est\u00e1 muy interesada, dando lugar a la pistola M XIII. Debido a sus grandes cualidades, la pistola XIII, un modelo producido entre 1806 y 1819, fue ampliamente copiado no solo en toda la Europa Napole\u00f3nica, incluido el reino de N\u00e1poles, Holanda, Sajonia, en W\u00fcrttemberg, en Hanover, Espa\u00f1a, Piamonte, sino tambi\u00e9n en Am\u00e9rica del Norte. <\/span><\/p>\n<p align=\"justify\"><span style=\"font-family: Verdana\"><span style=\"font-family: verdana, geneva, sans-serif;font-size: 12pt\"><strong>DESCRIPCION:<\/strong> Pistola militar francesa de pedernal o chispa en excelente (limpiada), marcada en la contra platina &#8220;N-N&#8221; refiri\u00e9ndose a &#8220;Napole\u00f3n&#8221;, para el uso principalmente de la caballer\u00eda, es heredera directa de la famosa &#8220;Pistola de Arz\u00f3n a la Mandar\u00edn&#8221; o simplemente modelo 1777. Tiene llave de s\u00edlex a la francesa, con ca\u00f1\u00f3n liso y carente de punto de mira. La guarnici\u00f3n es toda de lat\u00f3n, as\u00ed como la cazoleta. Presenta med\u00eda caja, con plancha de guardamonte de hierro, y una abrazadera-casquillo que une el extremo de la ca\u00f1a al ca\u00f1\u00f3n, dentro de la cual se encuentra en baquetero con la baqueta de hierro. Est\u00e1 arma fue realizada como indica la fecha gravada en el ca\u00f1\u00f3n en &#8220;1811&#8221; con &#8220;manufactura Real, no Imperial&#8221;, &#8220;Manufacture Roy de Maubeuge&#8221;, uno de los centros productores franceses m\u00e1s importantes desde el siglo XVIII. lleva punz\u00f3n &#8220;D&#8221; del controlador &#8220;Daniel Boussavy&#8221;. El pide de gato y muelle real perfectos. <\/span><br \/>\n<\/span><\/p>\n","protected":false},"excerpt":{"rendered":"<p align=\"justify\"><span style=\"font-family: Verdana\"><strong>ANTECEDENTES:<\/strong> En 1800, el futuro emperador de los franceses siempre deseoso de orden y organizaci\u00f3n, designa una comisi\u00f3n formada por oficiales de artiller\u00eda cuya tarea es encontrar una nueva pistola para sustituir a la antigua pistola M1777 de caballer\u00eda as\u00ed nace la pistola M IX, una novedad. La labor de estos especialistas se refleja en la resoluci\u00f3n n\u00ba 21 del 11 de febrero de 1801 firmada por el General de Saint-Germain. Bas\u00e1ndose en parte en el modelo 1763-1766, pero bas\u00e1ndose tambi\u00e9n en otras armas realizadas en el marco de la revoluci\u00f3n, nace una pistola m\u00e1s corta que sus predecesoras que es producida por 4 fabricas francesas con manufacturas de Charleville, Saint-Etienne, Versalles y Maubege. Cuatro a\u00f1os despu\u00e9s del lanzamiento de este modelo sale otro modelo modificado la M XIII. La pistola M IX queda modificada, incorporando elementos de la pistola de marina M1786, ya que la Armada est\u00e1 muy interesada, dando lugar a la pistola M XIII. Debido a sus grandes cualidades, la pistola XIII, un modelo producido entre 1806 y 1819, fue ampliamente copiado no solo en toda la Europa Napole\u00f3nica, incluido el reino de N\u00e1poles, Holanda, Sajonia, en W\u00fcrttemberg, en Hanover, Espa\u00f1a, Piamonte, sino tambi\u00e9n en Am\u00e9rica del Norte. <\/span><\/p>\n<p align=\"justify\"><span style=\"font-family: Verdana\"><strong>DESCRIPCION:<\/strong> Pistola militar francesa de pedernal o chispa en excelente (limpiada), marcada en la contra platina <span style=\"color: #ff0000\">&#8220;N-N&#8221;<\/span> refiriendose a <span style=\"color: #ff0000\">&#8220;Napole\u00f3n&#8221;<\/span>, para el uso principalmente de la caballer\u00eda, es heredera directa de la famosa <span style=\"color: #ff0000\">&#8220;Pistola de Arzon a la Mandarin&#8221;<\/span> o simplemente modelo <span style=\"color: #ff0000\">1777<\/span>. Tiene llave de s\u00edlex a la francesa, con ca\u00f1\u00f3n liso y carente de punto de mira. La guarnici\u00f3n es toda de lat\u00f3n, as\u00ed como la cazoleta. Presenta med\u00eda caja, con plancha de guardamonte de hierro, y una abrazadera-casquillo que une el extremo de la ca\u00f1a al ca\u00f1\u00f3n, dentro de la cual se encuentra en baquetero con la baqueta de hierro. Est\u00e1 arma fue realizada como indica la fecha gravada en el ca\u00f1\u00f3n en <span style=\"color: #ff0000\">&#8220;1811&#8221;<\/span> con <span style=\"color: #ff0000\">&#8220;manufactura Real, no Imperial&#8221;<\/span>,\u00a0<span style=\"color: #ff0000\">&#8220;Manufacture Roy de Maubeuge&#8221;<\/span>, uno de los centros productores franceses m\u00e1s importantes desde el siglo XVIII.\u00a0lleva punz\u00f3n <span style=\"color: #ff0000\">&#8220;D&#8221;<\/span> del controlador <span style=\"color: #ff0000\">&#8220;Daniel Boussavy&#8221;<\/span>. El pide de gato y muelle real perfectos.<br \/>\n<\/span><\/p>\n","protected":false},"featured_media":8933,"template":"","meta":[],"product_brand":[],"product_cat":[224],"product_tag":[],"class_list":{"0":"post-8932","1":"product","2":"type-product","3":"status-publish","4":"has-post-thumbnail","6":"product_cat-archivo-vendidos","7":"sales-flash-overlay","8":"woocommerce-text-align-center","9":"woocommerce-image-align-center","10":"do-quantity-buttons","12":"first","13":"outofstock","14":"purchasable","15":"product-type-simple"},"_links":{"self":[{"href":"https:\/\/original-militaria.com\/en\/wp-json\/wp\/v2\/product\/8932","targetHints":{"allow":["GET"]}}],"collection":[{"href":"https:\/\/original-militaria.com\/en\/wp-json\/wp\/v2\/product"}],"about":[{"href":"https:\/\/original-militaria.com\/en\/wp-json\/wp\/v2\/types\/product"}],"wp:featuredmedia":[{"embeddable":true,"href":"https:\/\/original-militaria.com\/en\/wp-json\/wp\/v2\/media\/8933"}],"wp:attachment":[{"href":"https:\/\/original-militaria.com\/en\/wp-json\/wp\/v2\/media?parent=8932"}],"wp:term":[{"taxonomy":"product_brand","embeddable":true,"href":"https:\/\/original-militaria.com\/en\/wp-json\/wp\/v2\/product_brand?post=8932"},{"taxonomy":"product_cat","embeddable":true,"href":"https:\/\/original-militaria.com\/en\/wp-json\/wp\/v2\/product_cat?post=8932"},{"taxonomy":"product_tag","embeddable":true,"href":"https:\/\/original-militaria.com\/en\/wp-json\/wp\/v2\/product_tag?post=8932"}],"curies":[{"name":"wp","href":"https:\/\/api.w.org\/{rel}","templated":true}]}}