{"id":8919,"date":"2017-09-05T11:46:11","date_gmt":"2017-09-05T11:46:11","guid":{"rendered":"https:\/\/original-militaria.com\/?post_type=product&#038;p=8919"},"modified":"2023-01-03T22:02:37","modified_gmt":"2023-01-03T21:02:37","slug":"pistola-reglamentaria-francesa-de-caballeria-m1777-1er-modelo-2","status":"publish","type":"product","link":"https:\/\/original-militaria.com\/en\/producto\/pistola-reglamentaria-francesa-de-caballeria-m1777-1er-modelo-2\/","title":{"rendered":"France, Cavalry Regulatory Pistol M1777, 1st Model&#8212;Pistola Reglamentar\u00eda Francesa de Caballer\u00eda M1777, 1er Modelo"},"content":{"rendered":"<p align=\"justify\"><span style=\"font-family: Verdana;\"><span style=\"font-size: medium;\"><strong>ANTECEDENTES:<\/strong> La pistola M1777 m\u00e1s conocida como &#8220;Pistola de arz\u00f3n a la mandar\u00edn o simplemente M1777&#8221; fue una pistola del periodo revolucionario franc\u00e9s especialmente dise\u00f1ada para la caballer\u00eda. Era una pistola fr\u00e1gil que se calentaba a los dos o tres disparos, inspirada en una modelo inglesa. Aproximadamente 500 pistolas de chispa M1777 fueron suministrados personalmente a los americanos, por Lafayette durante la Revoluci\u00f3n Americana. M\u00e1s tarde sirvi\u00f3 de modelo para la primera pistola militar de EE.UU., la M1799. Estas pistolas de caballer\u00eda se transportaban en unas pistoleras que colgaban en el arz\u00f3n de la silla de montar. Fue una pistola muy utilizada por &#8220;Los Dragones&#8221;. <\/span><\/span><\/p>\n<p align=\"justify\"><span style=\"font-family: Verdana;\"><span style=\"font-size: medium;\"><strong>DESCRIPCION:<\/strong> Magnifica y rara pistola reglamentar\u00eda <strong>M1777<\/strong> de <strong>1781<\/strong>, de caballer\u00eda francesa del <strong>1er modelo<\/strong> con sistema de pedernal o chispa, en excelente estado, la caja de buena madera de nogal tiene el ca\u00f1\u00f3n redondo de anima lisa con punzones (muy raro encontrarlas con estos punzones) del banco de pruebas franc\u00e9s de la \u00e9poca, guarniciones y platina tipo integral son de bronce, en la platina encima del muelle real bien marcada con la letra <strong>&#8220;L&#8221;<\/strong> coronada, punz\u00f3n perteneciente a <strong>Lambert<\/strong> (controlador de platinas 1777-80) y con manufactura imperial del arsenal de <strong>&#8220;St Etienne&#8221;<\/strong>. Tiene en la contra platina o portav\u00eds un arz\u00f3n o gancho de hierro para sujetar al cintur\u00f3n o a la pistolera. La llave en perfect\u00edsimo estado al igual que el pie de gato y el muelle real. En la empu\u00f1adura junto a la cantonera tiene gravadas unas iniciales y el a\u00f1o\u00a0<strong>&#8220;MAY A 1781&#8221;<\/strong>. Tiene su baqueta original de hierro. Esta arma no ha sido limpiada nunca.<\/span><\/span><\/p>\n<p style=\"text-align: justify;\" align=\"justify\"><span style=\"font-size: 12pt;\"><strong><span style=\"font-family: Verdana;\">Nota.-<\/span><\/strong><span style=\"font-family: Verdana;\"> Est\u00e1 inscrito en el libro de coleccionista, lo puede solicitar gratuitamente sin tener licencia en su Intervenci\u00f3n de armas de la Guardia Civil. <\/span><\/span><\/p>\n<p><span style=\"font-family: verdana, geneva, sans-serif;\"><strong>AVISO:<\/strong> Revisa la normativa espa\u00f1ola para la tenencia de armas antes de realizar la compra<\/span><br \/>\n<span style=\"font-family: verdana, geneva, sans-serif;\"> <small><a title=\"Normativa espa\u00f1ola para la tenencia de armas. Guardia Civil.\" href=\"http:\/\/www.guardiacivil.es\/es\/servicios\/armasyexplosivo\/index.html\" target=\"_blank\" rel=\"noopener noreferrer nofollow\"> Guardia Civil (Intervenci\u00f3n de Armas Virtual)<\/a><\/small><\/span><\/p>\n","protected":false},"excerpt":{"rendered":"<p align=\"justify\"><span style=\"font-family: Verdana;\"><span style=\"font-size: medium;\"><strong>ANTECEDENTES:<\/strong> La pistola M1777 m\u00e1s conocida como &#8220;Pistola de arz\u00f3n a la mandar\u00edn o simplemente M1777&#8221; fue una pistola del periodo revolucionario franc\u00e9s especialmente dise\u00f1ada para la caballer\u00eda. Era una pistola fr\u00e1gil que se calentaba a los dos o tres disparos, inspirada en una modelo inglesa. Aproximadamente 500 pistolas de chispa M1777 fueron suministrados personalmente a los americanos, por Lafayette durante la Revoluci\u00f3n Americana. M\u00e1s tarde sirvi\u00f3 de modelo para la primera pistola militar de EE.UU., la M1799. Estas pistolas de caballer\u00eda se transportaban en unas pistoleras que colgaban en el arz\u00f3n de la silla de montar. Fue una pistola muy utilizada por &#8220;Los Dragones&#8221;. <\/span><\/span><\/p>\n<p align=\"justify\"><span style=\"font-family: Verdana;\"><span style=\"font-size: medium;\"><strong>DESCRIPCION:<\/strong> Magnifica y rara pistola reglamentar\u00eda <span style=\"color: #ff0000;\">M1777<\/span> de <span style=\"color: #ff0000;\">1781<\/span>, de caballer\u00eda francesa del <span style=\"color: #ff0000;\">1er modelo<\/span> con sistema de pedernal o chispa, en excelente estado, la caja de buena madera de nogal tiene el ca\u00f1\u00f3n redondo de anima lisa con punzones <span style=\"color: #ff0000;\">(muy raro encontrarlas con estos punzones)<\/span> del banco de pruebas franc\u00e9s de la \u00e9poca, guarniciones y platina tipo integral son de bronce, en la platina encima del muelle real bien marcada con la letra <span style=\"color: #ff0000;\">&#8220;L&#8221;<\/span> coronada, punz\u00f3n perteneciente a <span style=\"color: #ff0000;\">Lambert<\/span> (controlador de platinas 1777-80) y con manufactura imperial del arsenal de <span style=\"color: #800000;\">&#8220;St Etienne&#8221;<\/span>. Tiene en la contra platina o portav\u00eds un arz\u00f3n o gancho de hierro para sujetar al cintur\u00f3n o a la pistolera. La llave en perfect\u00edsimo estado al igual que el pie de gato y el muelle real. En la empu\u00f1adura junto a la cantonera tiene gravadas unas iniciales y el a\u00f1o\u00a0<span style=\"color: #ff0000;\">&#8220;MAY A 1781&#8221;<\/span>. Tiene su baqueta original de hierro. Esta arma no ha sido limpiada nunca.<\/span><\/span><\/p>\n<p align=\"justify\"><strong><span style=\"font-family: Verdana;\"><span style=\"font-size: medium;\">Nota.-<\/span><\/span><\/strong><span style=\"font-size: medium;\"><span style=\"font-family: Verdana;\"> Est\u00e1 inscrito en el libro de coleccionista, lo puede solicitar gratuitamente sin tener licencia en su Intervenci\u00f3n de armas de la Guardia Civil. <\/span><\/span><\/p>\n<p><strong><span style=\"font-family: Verdana;\">Nota 2.-<\/span><\/strong> Seg\u00fan el <strong><span style=\"font-family: Verdana;\">Art. 107<\/span><\/strong>,\u00a0<strong><span style=\"font-family: Verdana;\">Cap\u00edtulo V<\/span><\/strong>, <strong><span style=\"font-family: Verdana;\">Secci\u00f3n I<\/span><\/strong>, <strong><span style=\"font-family: Verdana;\">p\u00e1rrafo E<\/span><\/strong>, del Reglamento de Armas, tambi\u00e9n se puede comprar <strong><span style=\"font-family: Verdana;\">sin tener libro de coleccionista<\/span><\/strong> ateni\u00e9ndose a la siguiente disposici\u00f3n:<\/p>\n<p>No obstante lo dispuesto en otros preceptos de este Reglamento, se considerar\u00e1 autorizada la posesi\u00f3n en el propio domicilio, sin los requisitos determinados en ellos, de <strong><span style=\"font-family: Verdana;\">un arma de fuego corta o larga<\/span><\/strong> de las no prohibidas a particulares, <strong><span style=\"font-family: Verdana;\">acreditando su especial valor hist\u00f3rico o art\u00edstico<\/span><\/strong>, o de <strong><span style=\"font-family: Verdana;\">dos armas de avancarga<\/span><\/strong>, documentadas con las correspondientes gu\u00edas de pertenencia, <strong><span style=\"font-family: Verdana;\">previa aportaci\u00f3n del informe de aptitud regulado en el art\u00edculo 98<\/span><\/strong>, adoptando las medidas de seguridad necesarias para su custodia y no pudiendo utilizarlas ni enajenarlas, salvo dando cumplimiento a lo dispuesto al respecto en los preceptos espec\u00edficos de este Reglamento. La infracci\u00f3n de lo dispuesto en este apartado tendr\u00e1 la consideraci\u00f3n de grave y llevar\u00e1 aparejada en todo caso la retirada definitiva de las armas de que se trate.<\/p>\n","protected":false},"featured_media":8920,"template":"","meta":[],"product_brand":[],"product_cat":[224],"product_tag":[],"class_list":{"0":"post-8919","1":"product","2":"type-product","3":"status-publish","4":"has-post-thumbnail","6":"product_cat-archivo-vendidos","7":"sales-flash-overlay","8":"woocommerce-text-align-center","9":"woocommerce-image-align-center","10":"do-quantity-buttons","12":"first","13":"outofstock","14":"product-type-simple"},"_links":{"self":[{"href":"https:\/\/original-militaria.com\/en\/wp-json\/wp\/v2\/product\/8919","targetHints":{"allow":["GET"]}}],"collection":[{"href":"https:\/\/original-militaria.com\/en\/wp-json\/wp\/v2\/product"}],"about":[{"href":"https:\/\/original-militaria.com\/en\/wp-json\/wp\/v2\/types\/product"}],"wp:featuredmedia":[{"embeddable":true,"href":"https:\/\/original-militaria.com\/en\/wp-json\/wp\/v2\/media\/8920"}],"wp:attachment":[{"href":"https:\/\/original-militaria.com\/en\/wp-json\/wp\/v2\/media?parent=8919"}],"wp:term":[{"taxonomy":"product_brand","embeddable":true,"href":"https:\/\/original-militaria.com\/en\/wp-json\/wp\/v2\/product_brand?post=8919"},{"taxonomy":"product_cat","embeddable":true,"href":"https:\/\/original-militaria.com\/en\/wp-json\/wp\/v2\/product_cat?post=8919"},{"taxonomy":"product_tag","embeddable":true,"href":"https:\/\/original-militaria.com\/en\/wp-json\/wp\/v2\/product_tag?post=8919"}],"curies":[{"name":"wp","href":"https:\/\/api.w.org\/{rel}","templated":true}]}}