{"id":8850,"date":"2017-09-05T11:45:50","date_gmt":"2017-09-05T11:45:50","guid":{"rendered":"https:\/\/original-militaria.com\/?post_type=product&#038;p=8850"},"modified":"2022-01-31T19:07:01","modified_gmt":"2022-01-31T18:07:01","slug":"pistola-militar-espanola-m1852-de-1857","status":"publish","type":"product","link":"https:\/\/original-militaria.com\/en\/producto\/pistola-militar-espanola-m1852-de-1857\/","title":{"rendered":"Spanish Military Pistol M1852 from 1857&#8212;Pistola Militar Espa\u00f1ola M1852 de 1857"},"content":{"rendered":"<p style=\"text-align: justify\" align=\"justify\"><span style=\"font-family: verdana, geneva, sans-serif;font-size: 12pt\">Pistola M1852 de percusi\u00f3n con llave provista de guardacebo\u00a0y ca\u00f1\u00f3n de \u00e1nima lisa, exteriormente pavonado, ochavado en la rec\u00e1mara y sin elementos de punter\u00eda. Lleva cure\u00f1a para la baqueta que es de acero con atacador de seta y tope para no salirse de la cure\u00f1a. la caja tiene su puerta protegida por un casquillo de lat\u00f3n y el extremo de la culata por una cantonera del mismo metal sujeta por un tornillo. Son tambi\u00e9n de lat\u00f3n la abrazadera y el arco del guardamonte, siendo de hierro el portav\u00eds y el gancho.<\/span><\/p>\n<p style=\"text-align: justify\" align=\"justify\"><span style=\"font-family: verdana, geneva, sans-serif;font-size: 12pt\">Esta pistola de manufactura Real &#8220;R&#8221;, posiblemente para alg\u00fan Oficial de la Nobleza. Fabricada en &#8220;EIBAR&#8221; (tiene punz\u00f3n) por tres grandes de la \u00e9poca &#8220;EGA\u00d1A&#8221; la ca\u00f1a (marcada), &#8220;UNZUETA&#8221; el ca\u00f1onista (Tiene punz\u00f3n), y &#8220;ZARAONDO&#8221; la llave (tiene punz\u00f3n), viene profusamente marcada con la fecha &#8220;1857&#8221; en el ca\u00f1\u00f3n y el n\u00famero de serie &#8220;675&#8221;, el mismo n\u00famero\u00a0de serie,\u00a0que aparece\u00a0en el ca\u00f1\u00f3n, la ca\u00f1a, la platina, etc, y la marca del examinador &#8220;EX&#8221;, muy conocido (tengo otras\u00a0tres pistolas con esta marca, lo que indica que se ha observado su sonido,\u00a0si tiene surcos, defectos,\u00a0etc, y hall\u00e1ndolo todo conforme ha estampado su marca.\u00a0Aparte de\u00a0otros punzones.<\/span><\/p>\n<p style=\"text-align: justify\" align=\"justify\"><span style=\"font-family: verdana, geneva, sans-serif;font-size: 12pt\"><strong>Nota.-<\/strong> La pistola est\u00e1 completa a falta de\u00a0tres tornillos, y\u00a0la llave no funciona, a\u00fan as\u00ed una gran pistola de\u00a0gran calidad y manufactura. <\/span><\/p>\n<p style=\"text-align: justify\" align=\"justify\"><span style=\"font-family: verdana, geneva, sans-serif;font-size: 12pt\"><strong>Nota 1.-<\/strong>\u00a0Se pueden encontrar los tornillos con tiempo, pero no lo tengo, tambi\u00e9n se puede arreglar la llave, pero este es territorio muy malo para mi.\u00a0<strong>Por este motivo el precio que le pongo, (muy por debajo de lo que costar\u00eda con sus tornillos y arreglara la llave), para que sea agradable para el que la adquiera y la restaure como se merece.\u00a0<\/strong><\/span><\/p>\n<p>&nbsp;<\/p>\n","protected":false},"excerpt":{"rendered":"<p align=\"justify\"><span style=\"font-family: Verdana;font-size: medium\"><strong>DESCRIPCION:<\/strong> Pistola M1852 de percusi\u00f3n con llave provista de guardacebo\u00a0y ca\u00f1\u00f3n de \u00e1nima lisa, exteriormente pavonado, ochavado en la rec\u00e1mara y sin elementos de punter\u00eda. Lleva cure\u00f1a para la baqueta que es de acero con atacador de seta y tope para no salirse de la cure\u00f1a. la caja tiene su puerta protegida por un casquillo de lat\u00f3n y el extremo de la culata por una cantonera del mismo metal sujeta por un tornillo. Son tambi\u00e9n de lat\u00f3n la abrazadera y el arco del guardamonte, siendo de hierro el portav\u00eds y el gancho.<\/span><\/p>\n<p align=\"justify\"><span style=\"font-family: Verdana;font-size: medium\">Esta pistola de manufactura Real <span style=\"color: #ff0000\">&#8220;R&#8221;<\/span>, posiblemente para alg\u00fan Oficial de la Nobleza. Fabricada en <span style=\"color: #ff0000\">&#8220;EIBAR&#8221;<\/span> (tiene punz\u00f3n) por tres grandes de la \u00e9poca <span style=\"color: #ff0000\">&#8220;EGA\u00d1A&#8221;<\/span> la ca\u00f1a (marcada), <span style=\"color: #ff0000\">&#8220;UNZUETA&#8221;<\/span> el ca\u00f1onista (Tiene punz\u00f3n), y <span style=\"color: #ff0000\">&#8220;ZARAONDO&#8221;<\/span> la llave (tiene punz\u00f3n), viene profusamente marcada con la fecha <span style=\"color: #ff0000\">&#8220;1857&#8221;<\/span> en el ca\u00f1\u00f3n y el n\u00famero de serie <span style=\"color: #ff0000\">&#8220;675&#8221;<\/span>, el mismo n\u00famero\u00a0de serie,\u00a0que aparece\u00a0en el ca\u00f1\u00f3n, la ca\u00f1a, la platina, etc, y la marca del examinador <span style=\"color: #ff0000\">&#8220;EX&#8221;<\/span>, muy conocido (tengo otras\u00a0tres pistolas con esta marca, lo que indica que se ha observado su sonido,\u00a0si tiene surcos, defectos,\u00a0etc, y hall\u00e1ndolo todo conforme ha estampado su marca.\u00a0Aparte de\u00a0otros punzones.<\/span><\/p>\n<p align=\"justify\"><span style=\"font-family: Verdana;font-size: medium\"><strong>Nota.-<\/strong> La pistola est\u00e1 completa a falta de\u00a0tres tornillos, y\u00a0la llave no funciona, a\u00fan as\u00ed una gran pistola de\u00a0gran calidad y manufactura. <\/span><\/p>\n<p align=\"justify\"><span style=\"font-family: Verdana;font-size: medium\"><strong>Nota 1.-<\/strong>\u00a0Se pueden encontrar los tornillos con tiempo, pero no lo tengo, tambi\u00e9n se puede arreglar la llave, pero este es territorio muy malo para mi.\u00a0<strong>Por este motivo el precio que le pongo, (muy por debajo de lo que costar\u00eda con sus tornillos y arreglara la llave), para que sea agradable para el que la adquiera y la restaure como se merece.\u00a0<\/strong><\/span><\/p>\n<p>&nbsp;<\/p>\n","protected":false},"featured_media":8851,"template":"","meta":[],"product_brand":[],"product_cat":[224],"product_tag":[],"class_list":{"0":"post-8850","1":"product","2":"type-product","3":"status-publish","4":"has-post-thumbnail","6":"product_cat-archivo-vendidos","7":"sales-flash-overlay","8":"woocommerce-text-align-center","9":"woocommerce-image-align-center","10":"do-quantity-buttons","12":"first","13":"outofstock","14":"purchasable","15":"product-type-simple"},"_links":{"self":[{"href":"https:\/\/original-militaria.com\/en\/wp-json\/wp\/v2\/product\/8850","targetHints":{"allow":["GET"]}}],"collection":[{"href":"https:\/\/original-militaria.com\/en\/wp-json\/wp\/v2\/product"}],"about":[{"href":"https:\/\/original-militaria.com\/en\/wp-json\/wp\/v2\/types\/product"}],"wp:featuredmedia":[{"embeddable":true,"href":"https:\/\/original-militaria.com\/en\/wp-json\/wp\/v2\/media\/8851"}],"wp:attachment":[{"href":"https:\/\/original-militaria.com\/en\/wp-json\/wp\/v2\/media?parent=8850"}],"wp:term":[{"taxonomy":"product_brand","embeddable":true,"href":"https:\/\/original-militaria.com\/en\/wp-json\/wp\/v2\/product_brand?post=8850"},{"taxonomy":"product_cat","embeddable":true,"href":"https:\/\/original-militaria.com\/en\/wp-json\/wp\/v2\/product_cat?post=8850"},{"taxonomy":"product_tag","embeddable":true,"href":"https:\/\/original-militaria.com\/en\/wp-json\/wp\/v2\/product_tag?post=8850"}],"curies":[{"name":"wp","href":"https:\/\/api.w.org\/{rel}","templated":true}]}}