{"id":8787,"date":"2017-09-05T11:45:32","date_gmt":"2017-09-05T11:45:32","guid":{"rendered":"https:\/\/original-militaria.com\/?post_type=product&#038;p=8787"},"modified":"2022-01-31T19:07:00","modified_gmt":"2022-01-31T18:07:00","slug":"hj-brujula-completa-con-drp","status":"publish","type":"product","link":"https:\/\/original-militaria.com\/en\/producto\/hj-brujula-completa-con-drp\/","title":{"rendered":"Hitler Youth\/ Map\/Dispatch March Compass with DRP&#8212;HJ\/ Br\u00fajula Completa con DRP"},"content":{"rendered":"<p align=\"justify\"><span style=\"font-family: Verdana\"><span style=\"font-size: 12pt\"><span style=\"font-family: verdana, geneva, sans-serif\">Br\u00fajula de 1935 (Kompas) para las juventudes Hitlerianas, aunque al final muchas fueron utilizadas por fuerzas del Heer, sin estrenar, mantiene su correa de cuero original, fabricada en baquelita color negro las tapas y en aluminio y baquelita por dentro. En la tapa primera se puede leer claramente<\/span> &#8220;Marsch Kompas&#8221;, y en la tapa trasera dentro de un diamante se\u00f1a de la manufactura del fabricante &#8220;S&#8221; y debajo marcado el &#8220;DRP&#8221;, (Deutsches Reich Patent). Tiene una peque\u00f1a regla de\u00a05 cm en un lado.<\/span><br \/>\n<\/span><\/p>\n","protected":false},"excerpt":{"rendered":"<p align=\"justify\"><span style=\"font-family: Verdana\"><strong>ANTECEDENTES:<\/strong> El origen de las Juventudes Hitlerianas quiz\u00e1s se remonta a marzo de 1922 cuando se fund\u00f3 la Liga de estudiantes nacionalsocialistas alemanes (Jugendbund der NSDAP), bajo el control de Partido Nazi. En abril de 1924 la &#8220;Jugendbund der NSDAP&#8221; fue renombrada como \u201cGran movimiento de la juventud alemana\u201d (Grossdeutsche Jugendbewegung) y en julio de 1926 volvi\u00f3 a cambiar su nombre con la denominaci\u00f3n oficial \u201cLiga de juventudes hitlerianas de los j\u00f3venes trabajadores alemanes\u201d (Hitlerjugend Bund der deutschen Arbeiterjugend) o &#8220;Juventudes Hitlerianas&#8221;. Antes de 1925, varios tipos de uniformes fueron utilizados por los miembros de las juventudes hitlerianas que consist\u00edan principalmente en una camisa y un brazalete de tela con la esv\u00e1stica, a la cual para distinguirla de las SA se la a\u00f1adi\u00f3 una flanja blanca horizontal. En un intento por su parte de acercamiento al Partido Nazi, las Juventudes Hitlerianas adoptaron la camisa marr\u00f3n del NSDAP de la Liga de estudiantes nacionalsocialistas alemanes en 1925. Su caracter\u00edstica hebilla y distintivos fueron incorporados en 1933.<\/span><\/p>\n<p align=\"justify\"><span style=\"font-family: Verdana\"><strong>DESCRIPCION:<\/strong> Br\u00fajula de 1935 (Kompas) para las Hitler Jurgen, aunque al final muchas fueron utilizadas por fuerzas del Heer, sin estrenar, mantiene su correa de cuero orginal, fabricada en baquelita color negro las tapas y en aluminio y baquelita por dentro. En la tapa primera se puede leer claramente <span style=\"color: #ff0000\">&#8220;Marsch Kompas&#8221;<\/span>, y en la tapa trasera denro de un diamantese\u00f1a de la manufactura del fabricante <span style=\"color: #ff0000\">&#8220;S&#8221;<\/span> y debajo marcado el <span style=\"color: #ff0000\">&#8220;DRP&#8221;<\/span>, (Deutsches Reich Patent). Tiene una peque\u00f1a regla de\u00a05 cm en un lado.<br \/>\n<\/span><\/p>\n","protected":false},"featured_media":8788,"template":"","meta":[],"product_brand":[],"product_cat":[224],"product_tag":[],"class_list":{"0":"post-8787","1":"product","2":"type-product","3":"status-publish","4":"has-post-thumbnail","6":"product_cat-archivo-vendidos","7":"sales-flash-overlay","8":"woocommerce-text-align-center","9":"woocommerce-image-align-center","10":"do-quantity-buttons","12":"first","13":"outofstock","14":"purchasable","15":"product-type-simple"},"_links":{"self":[{"href":"https:\/\/original-militaria.com\/en\/wp-json\/wp\/v2\/product\/8787","targetHints":{"allow":["GET"]}}],"collection":[{"href":"https:\/\/original-militaria.com\/en\/wp-json\/wp\/v2\/product"}],"about":[{"href":"https:\/\/original-militaria.com\/en\/wp-json\/wp\/v2\/types\/product"}],"wp:featuredmedia":[{"embeddable":true,"href":"https:\/\/original-militaria.com\/en\/wp-json\/wp\/v2\/media\/8788"}],"wp:attachment":[{"href":"https:\/\/original-militaria.com\/en\/wp-json\/wp\/v2\/media?parent=8787"}],"wp:term":[{"taxonomy":"product_brand","embeddable":true,"href":"https:\/\/original-militaria.com\/en\/wp-json\/wp\/v2\/product_brand?post=8787"},{"taxonomy":"product_cat","embeddable":true,"href":"https:\/\/original-militaria.com\/en\/wp-json\/wp\/v2\/product_cat?post=8787"},{"taxonomy":"product_tag","embeddable":true,"href":"https:\/\/original-militaria.com\/en\/wp-json\/wp\/v2\/product_tag?post=8787"}],"curies":[{"name":"wp","href":"https:\/\/api.w.org\/{rel}","templated":true}]}}