{"id":8659,"date":"2017-09-05T11:44:56","date_gmt":"2017-09-05T11:44:56","guid":{"rendered":"https:\/\/original-militaria.com\/?post_type=product&#038;p=8659"},"modified":"2022-01-31T19:06:54","modified_gmt":"2022-01-31T18:06:54","slug":"tres-cargadores-iguales-mp38-40-gqm-42","status":"publish","type":"product","link":"https:\/\/original-militaria.com\/en\/producto\/tres-cargadores-iguales-mp38-40-gqm-42\/","title":{"rendered":"Three MP40 Magazines &#8220;gqm 42&#8221;&#8212;WH\/  Tres Cargadores Iguales MP38\/40, &#8220;gqm 42&#8221;"},"content":{"rendered":"<p align=\"justify\"><span style=\"font-family: verdana, geneva, sans-serif;font-size: 12pt\">Tres cargadores iguales, del mismo fabricante y del mismo a\u00f1o para el MP38\/40, para 32 balas, est\u00e1n en excelente estado, para usar, el muelle perfecto, no tiene abolladuras, el pav\u00f3n excelente. Tienen estampados cada uno\u00a0su\u00a0&#8220;Waffenamt&#8221;, el c\u00f3digo del fabricante &#8220;gqm&#8221; y manufactura perteneciente a &#8220;Loch u. Hartenberger, Idar-Oberstein &#8221; y el a\u00f1o &#8220;1942&#8221;. Raro encontrar tres del mismo fabricante y a\u00f1o, ideal para completar porta cargadores.<\/span><\/p>\n","protected":false},"excerpt":{"rendered":"<p align=\"justify\"><strong><span style=\"font-family: Verdana;font-size: 9pt\">ANTECEDENTES:<\/span><\/strong><span style=\"font-family: Verdana;font-size: 9pt\">\u00a0La Maschinenpistole MP-40 introducida en 1938, en una \u00e9poca cuando el resto de las subametralladoras en el mundo era innecesariamente pesadas y costosas, la nueva MP-38 &#8220;Maschinenpistole&#8221; de la firma Erfurter Maschinenfabrik (Erma) revoluciono la idea de lo que una subametralladora deber\u00eda ser. La MP-38 y su compa\u00f1era la MP-40 permitieron establecer una producci\u00f3n en cadena, convirti\u00e9ndose en un arma muy efectiva para el combate cercano. Estuvo presente desde la Invasi\u00f3n de Polonia en Septiembre de 1939 hasta los d\u00edas finales del Tercer Reich en 1945. Aunque la MP-18 de Hugo Schmeisser llego muy tarde para influir en el desarrollo de la Primera Guerra Mundial; despu\u00e9s de ellas se presentaron gran cantidad de guerras civiles en las cuales se empleo masivamente la nueva arma; las f\u00e1bricas alemanas produjeron por esta \u00e9poca la Haenel MP-28, la Bergmann MP-34 y MP-35. En 1927 Heinrich Vollmer, un dise\u00f1ador de armas de Erma desarrollo una nueva arma con tres secciones ensambladas una dentro de otra, permitiendo ello una mayor confiabilidad, menos emisi\u00f3n de humo y facilidades en el desarmado para una limpieza m\u00e1s frecuente. El MP40\u00a0fue un subfusil autom\u00e1tico usado de manera extensa por las tropas alemanas\u00a0 (generalmente por oficiales y paracaidistas) durante la\u00a0Segunda Guerra Mundial. Arma excelente para el combate a corta distancia (zonas urbanas, bosques, etc.), era, sin embargo, poco efectiva en combate en terrenos abiertos por su escaso alcance. A comienzos de 1938, el directivo de Erma, Berthold Giepel fue citado a Berl\u00edn con el objetivo de pedirle apresurar el plan de desarrollo de una pistola ametralladora de asalto reservada a las fuerzas mecanizadas y los paracaidistas. La MP-40 apareci\u00f3 como una reducci\u00f3n de la MP-38, al simplificar el piezas elaboradas a maquina, por piezas estampadas, lo cual aligeraba su producci\u00f3n en masa y comprim\u00eda los costos, el nombre surgi\u00f3 como una contracci\u00f3n de Maschinenpistole del a\u00f1o 1940, tiempo en el que se introdujo.<\/span><\/p>\n<p align=\"justify\"><strong><span style=\"font-family: Verdana;font-size: 9pt\">DESCRIPCION:<\/span><\/strong><span style=\"font-family: Verdana;font-size: 9pt\"> Tres cargadores iguales, del mismo fabricante y del mismo a\u00f1o para el MP38\/40, para 32 balas, est\u00e1n en excelente estado, para usar, el muelle perfecto, no tiene abolladuras, el pav\u00f3n excelente. Tienen estampados cada uno\u00a0su\u00a0<span style=\"color: red\">&#8220;Waffenamt&#8221;<\/span>, el c\u00f3digo del fabricante <span style=\"color: red\">&#8220;gqm&#8221;<\/span> y manufactura perteneciente a <span style=\"color: #ff0000\">&#8220;Loch u. Hartenberger, Idar-Oberstein &#8221; <\/span>y el a\u00f1o <span style=\"color: red\">&#8220;1942&#8221;<\/span>. Raro encontrar tres del mismo fabricante y a\u00f1o, ideal para completar porta cargadores.<\/span><\/p>\n","protected":false},"featured_media":8660,"template":"","meta":[],"product_brand":[],"product_cat":[224],"product_tag":[],"class_list":{"0":"post-8659","1":"product","2":"type-product","3":"status-publish","4":"has-post-thumbnail","6":"product_cat-archivo-vendidos","7":"sales-flash-overlay","8":"woocommerce-text-align-center","9":"woocommerce-image-align-center","10":"do-quantity-buttons","12":"first","13":"outofstock","14":"purchasable","15":"product-type-simple"},"_links":{"self":[{"href":"https:\/\/original-militaria.com\/en\/wp-json\/wp\/v2\/product\/8659","targetHints":{"allow":["GET"]}}],"collection":[{"href":"https:\/\/original-militaria.com\/en\/wp-json\/wp\/v2\/product"}],"about":[{"href":"https:\/\/original-militaria.com\/en\/wp-json\/wp\/v2\/types\/product"}],"wp:featuredmedia":[{"embeddable":true,"href":"https:\/\/original-militaria.com\/en\/wp-json\/wp\/v2\/media\/8660"}],"wp:attachment":[{"href":"https:\/\/original-militaria.com\/en\/wp-json\/wp\/v2\/media?parent=8659"}],"wp:term":[{"taxonomy":"product_brand","embeddable":true,"href":"https:\/\/original-militaria.com\/en\/wp-json\/wp\/v2\/product_brand?post=8659"},{"taxonomy":"product_cat","embeddable":true,"href":"https:\/\/original-militaria.com\/en\/wp-json\/wp\/v2\/product_cat?post=8659"},{"taxonomy":"product_tag","embeddable":true,"href":"https:\/\/original-militaria.com\/en\/wp-json\/wp\/v2\/product_tag?post=8659"}],"curies":[{"name":"wp","href":"https:\/\/api.w.org\/{rel}","templated":true}]}}