{"id":8597,"date":"2017-09-05T11:44:40","date_gmt":"2017-09-05T11:44:40","guid":{"rendered":"https:\/\/original-militaria.com\/?post_type=product&#038;p=8597"},"modified":"2022-01-31T19:06:54","modified_gmt":"2022-01-31T18:06:54","slug":"ss-daga-m33-rzm-m7-81-1241-39-ss","status":"publish","type":"product","link":"https:\/\/original-militaria.com\/en\/producto\/ss-daga-m33-rzm-m7-81-1241-39-ss\/","title":{"rendered":"Waffen SS\/ M33 Dagger &#8220;RZM, M7\/81, 1241\/\/39 SS&#8221;&#8212;Waffen SS\/ Daga M33 &#8220;RZM, M7\/81, 1241\/\/39 SS&#8221;"},"content":{"rendered":"<p style=\"text-align: justify\" align=\"justify\"><strong><span style=\"font-family: Verdana;font-size: 9pt\">A<span style=\"font-size: 12pt;font-family: verdana, geneva, sans-serif\">NTECEDENTES:<\/span><\/span><\/strong><span style=\"font-family: verdana, geneva, sans-serif;font-size: 12pt\"> La daga de los SS fue introducida en diciembre de 1933 y basada en un dise\u00f1o similar de la \u201cdaga de Holbien\u201d. \u00a0La empu\u00f1adura era de\u00a0color negro,\u00a0ten\u00eda los runas de los SS insertados en la empu\u00f1adura en un \u201cbot\u00f3n circular peque\u00f1o\u201d. Las runas significan integridad y el sol y todo lo que es bueno, su significado es tambi\u00e9n utilizar las energ\u00edas del\u00a0bien para\u00a0vencer el mal.\u00a0\u00a0El \u00e1guila con las alas separadas que sosten\u00edan una guirnalda con el esv\u00e1stica nazi en su centro fue insertada en el centro de<br \/>\nla empu\u00f1adura. El \u00e1guila es un s\u00edmbolo de la energ\u00eda usado desde tiempos remotos.\u00a0\u00a0La hoja de acero tiene\u00a0el lema \u201cMeine Ehre Heist Treue\u201d de los SS\u00a0 (Mi Honor es Lealtad) grabado al acido en el centro en escritura g\u00f3tica.\u00a0La empu\u00f1adura se hace\u00a0de una madera oscura de \u00e9bano. En muchos casos esta madera\u00a0tenia demasiadas manchas marrones y fue te\u00f1ida con un pigmento vegetal negro para dar a la empu\u00f1adura un aspecto negro total. M\u00e1s tarde algunas de las empu\u00f1aduras de \u00faltima \u00e9poca eran hechas de una madera de roble llana que se coloreaba con\u00a0pigmento negro.\u00a0La vaina ten\u00eda un final negro con una capa de laca. Las guarniciones de la vaina en las dagas de primera \u00e9poca son\u00a0de n\u00edquel s\u00f3lido.\u00a0A partir del febrero de 1934 las dagas fueron pedidas solamente a trav\u00e9s de jefaturas de los SS y\u00a0distribuidas a trav\u00e9s de los tres centros de distribuci\u00f3n de uniformes\u00a0de los SS en Munich, Dresden y Berl\u00edn.\u00a0\u00a0La daga cuelga de un solo suspensor de cuero de la correa, provistas de una hebilla y un clip de n\u00edquel.\u00a0Fue unida a la correa por un lazo con el anillo en D de n\u00edquel para poner el clip.\u00a0A\u00a0finales de 1936 la daga de los SS vino bajo control completo de la autoridad de RZM con el resultado de que se estampada\u00a0la insignia de RZM y el n\u00famero del fabricante en la hoja.\u00a0La marca m\u00e1s com\u00fan de RZM es el n\u00famero 120\/34. Despu\u00e9s de 1936 la vaina de la daga fue pintada negra debido al coste de las primeras vainas. Todas las guarniciones fueron cambiadas a un metal de baja calidad.\u00a0 A la\u00a0daga de los SS le fue dado un estado especial y presentada solamente el 9 de noviembre cada a\u00f1o en los SS Anwarter, o a la ceremonia del candidato.\u00a0A partir del enero de 1935 cualquier SS\u00a0despedido de servicio tuvo que entregar su daga, sin embargo si los SS, eran jubilados o se jubilaban\u00a0voluntariamente, un certificado les permit\u00eda\u00a0que guardaran su daga.\u00a0La daga de los SS 1933 fue retirada de la producci\u00f3n en 1942.\u00a0\u00a0 <\/span><\/p>\n<p style=\"text-align: justify\" align=\"justify\"><span style=\"font-family: verdana, geneva, sans-serif;font-size: 12pt\"><strong>DESCRIPCION:<\/strong> Daga\u00a0M336 (SS Dolch) del a\u00f1o 1939 para miembros\u00a0de las\u00a0SS, fabricada bajo contrato de dos fabricantes &#8220;RZM&#8221;.\u00a0La hoja esta impecable, las guarniciones\u00a0de aluminio son excelentes. Los tornillos en la vaina y todos los accesorios est\u00e1n en su lugar, no hay abolladuras o golpes en cualquier parte. La daga en conjunto esta en excelente condici\u00f3n, sin picaduras, tiene\u00a0el lema \u201cMeine Ehre Heist Treue\u201d de los SS\u00a0 (Mi Honor es la Lealtad) grabado al acido en el centro en escritura g\u00f3tica<span>\u00a0 <\/span>y en el reverso de la hoja dentro de su doble c\u00edrculo\u00a0sus dos fabricantes &#8220;RZM&#8221; (El contrato, en algunos casos, se ha dividido entre 2 o m\u00e1s fabricantes),\u00a0&#8220;RZM M7 \/ 81, RZM 1241 \/ 39 SS&#8221;, el c\u00f3digo del fabricante &#8220;RZM M7 \/ 81&#8221;, pertenece\u00a0a &#8220;Karl Tiegel, Riemberg&#8221;, y el n\u00famero de contrato &#8220;RZM 1241\/39 SS&#8221;, que pertenece a\u00a0&#8220;Mack &amp; Eicklenberg, Solingen&#8221; con el a\u00f1o de fabricaci\u00f3n &#8220;1939&#8221;. Las guarniciones excelentes as\u00ed como\u00a0la empu\u00f1adura de \u00e9bano con su \u00e1guila perfecta. Las runas\u00a0en la empu\u00f1adura\u00a0de \u00e9bano\u00a0de\u00a0color negro,\u00a0las tiene insertadas en\u00a0un bot\u00f3n circular peque\u00f1o. La vaina mantiene su color negro original casi al 100%. Rara encontrar estas dagas con dos fabricantes RZM. Longitud total 37,5 cm.<\/span><\/p>\n","protected":false},"excerpt":{"rendered":"<p align=\"justify\"><strong><span style=\"font-family: Verdana;font-size: 9pt\">ANTECEDENTES:<\/span><\/strong><span style=\"font-family: Verdana;font-size: 9pt\"> La daga de los SS fue introducida en diciembre de 1933 y basada en un dise\u00f1o similar de la \u201cdaga de Holbien\u201d. \u00a0La empu\u00f1adura era de\u00a0color negro,\u00a0ten\u00eda los runas de los SS insertados en la empu\u00f1adura en un \u201cbot\u00f3n circular peque\u00f1o\u201d. Las runas significan integridad y el sol y todo lo que es bueno, su significado es tambi\u00e9n utilizar las energ\u00edas del\u00a0bien para\u00a0vencer el mal.\u00a0\u00a0El \u00e1guila con las alas separadas que sosten\u00edan una guirnalda con el esv\u00e1stica nazi en su centro fue insertada en el centro de<br \/>\nla empu\u00f1adura. El \u00e1guila es un s\u00edmbolo de la energ\u00eda usado desde tiempos remotos.\u00a0\u00a0La hoja de acero tiene\u00a0el lema \u201cMeine Ehre Heist Treue\u201d de los SS\u00a0 (Mi Honor es Lealtad) grabado al acido en el centro en escritura g\u00f3tica.\u00a0La empu\u00f1adura se hace\u00a0de una madera oscura de \u00e9bano. En muchos casos esta madera\u00a0tenia demasiadas manchas marrones y fue te\u00f1ida con un pigmento vegetal negro para dar a la empu\u00f1adura un aspecto negro total. M\u00e1s tarde algunas de las empu\u00f1aduras de \u00faltima \u00e9poca eran hechas de una madera de roble llana que se coloreaba con\u00a0pigmento negro.\u00a0La vaina ten\u00eda un final negro con una capa de laca. Las guarniciones de la vaina en las dagas de primera \u00e9poca son\u00a0de n\u00edquel s\u00f3lido.\u00a0A partir del febrero de 1934 las dagas fueron pedidas solamente a trav\u00e9s de jefaturas de los SS y\u00a0distribuidas a trav\u00e9s de los tres centros de distribuci\u00f3n de uniformes\u00a0de los SS en Munich, Dresden y Berl\u00edn.\u00a0\u00a0La daga cuelga de un solo suspensor de cuero de la correa, provistas de una hebilla y un clip de n\u00edquel.\u00a0Fue unida a la correa por un lazo con el anillo en D de n\u00edquel para poner el clip.\u00a0A\u00a0finales de 1936 la daga de los SS vino bajo control completo de la autoridad de RZM con el resultado de que se estampada\u00a0la insignia de RZM y el n\u00famero del fabricante en la hoja.\u00a0La marca m\u00e1s com\u00fan de RZM es el n\u00famero 120\/34. Despu\u00e9s de 1936 la vaina de la daga fue pintada negra debido al coste de las primeras vainas. Todas las guarniciones fueron cambiadas a un metal de baja calidad.\u00a0 A la\u00a0daga de los SS le fue dado un estado especial y presentada solamente el 9 de noviembre cada a\u00f1o en los SS Anwarter, o a la ceremonia del candidato.\u00a0A partir del enero de 1935 cualquier SS\u00a0despedido de servicio tuvo que entregar su daga, sin embargo si los SS, eran jubilados o se jubilaban\u00a0voluntariamente, un certificado les permit\u00eda\u00a0que guardaran su daga.\u00a0La daga de los SS 1933 fue retirada de la producci\u00f3n en 1942.\u00a0\u00a0 <\/span><\/p>\n<p align=\"justify\"><span style=\"font-family: Verdana;font-size: 9pt\"><strong><span style=\"font-family: Verdana;font-size: 9pt\">DESCRIPCION:<\/span><\/strong><span style=\"font-family: Verdana;font-size: 9pt\"> Daga\u00a0M336 (SS Dolch) del a\u00f1o <span style=\"color: #ff0000\">1939<\/span> para miembros\u00a0de las\u00a0SS, fabricada bajo contrato de dos fabricantes <span style=\"color: #ff0000\">&#8220;RZM&#8221;<\/span>.\u00a0La hoja esta impecable, las guarniciones\u00a0de aluminio son excelentes. Los tornillos en la vaina y todos los accesorios est\u00e1n en su lugar, no hay abolladuras o golpes en cualquier parte. La daga en conjunto esta en excelente condici\u00f3n, sin picaduras, tiene\u00a0el lema <span style=\"color: #ff0000\">\u201cMeine Ehre Heist Treue\u201d<\/span> de los SS\u00a0 (Mi Honor es la Lealtad) grabado al acido en el centro en escritura g\u00f3tica<span>\u00a0 <\/span>y en el reverso de la hoja dentro de su doble c\u00edrculo\u00a0sus dos fabricantes &#8220;RZM&#8221; (El contrato, en algunos casos, se ha dividido entre 2 o m\u00e1s fabricantes),\u00a0<span style=\"color: #ff0000\">&#8220;RZM M7 \/ 81, RZM 1241 \/ 39 SS&#8221;<\/span>, el c\u00f3digo del fabricante <span style=\"color: #ff0000\"><span style=\"color: #ff0000\">&#8220;RZM M7 \/ 81<\/span>&#8220;<\/span>, pertenece\u00a0a <span style=\"color: #ff0000\">&#8220;Karl Tiegel, Riemberg&#8221;<\/span>, y el n\u00famero de contrato <span style=\"color: #ff0000\">&#8220;RZM 1241\/39 SS&#8221;<\/span>, que pertenece a\u00a0<span style=\"color: #ff0000\">&#8220;<\/span><span style=\"color: #ff0000\">Mack &amp; Eicklenberg, Solingen&#8221; <\/span>con el a\u00f1o de fabricaci\u00f3n <span style=\"color: #ff0000\">&#8220;1939&#8221;<\/span>. Las guarniciones excelentes as\u00ed como\u00a0la empu\u00f1adura de \u00e9bano con su \u00e1guila perfecta. Las runas\u00a0en la empu\u00f1adura\u00a0de \u00e9bano\u00a0de\u00a0color negro,\u00a0las tiene insertadas en\u00a0un bot\u00f3n circular peque\u00f1o. La vaina mantiene su color negro original casi al 100%. Rara encontrar estas dagas con dos fabricantes RZM. Longitud total 37,5 cm.<\/span><\/span><\/p>\n","protected":false},"featured_media":8598,"template":"","meta":[],"product_brand":[],"product_cat":[224],"product_tag":[],"class_list":{"0":"post-8597","1":"product","2":"type-product","3":"status-publish","4":"has-post-thumbnail","6":"product_cat-archivo-vendidos","7":"sales-flash-overlay","8":"woocommerce-text-align-center","9":"woocommerce-image-align-center","10":"do-quantity-buttons","12":"first","13":"outofstock","14":"purchasable","15":"product-type-simple"},"_links":{"self":[{"href":"https:\/\/original-militaria.com\/en\/wp-json\/wp\/v2\/product\/8597","targetHints":{"allow":["GET"]}}],"collection":[{"href":"https:\/\/original-militaria.com\/en\/wp-json\/wp\/v2\/product"}],"about":[{"href":"https:\/\/original-militaria.com\/en\/wp-json\/wp\/v2\/types\/product"}],"wp:featuredmedia":[{"embeddable":true,"href":"https:\/\/original-militaria.com\/en\/wp-json\/wp\/v2\/media\/8598"}],"wp:attachment":[{"href":"https:\/\/original-militaria.com\/en\/wp-json\/wp\/v2\/media?parent=8597"}],"wp:term":[{"taxonomy":"product_brand","embeddable":true,"href":"https:\/\/original-militaria.com\/en\/wp-json\/wp\/v2\/product_brand?post=8597"},{"taxonomy":"product_cat","embeddable":true,"href":"https:\/\/original-militaria.com\/en\/wp-json\/wp\/v2\/product_cat?post=8597"},{"taxonomy":"product_tag","embeddable":true,"href":"https:\/\/original-militaria.com\/en\/wp-json\/wp\/v2\/product_tag?post=8597"}],"curies":[{"name":"wp","href":"https:\/\/api.w.org\/{rel}","templated":true}]}}