{"id":8475,"date":"2017-09-05T11:44:06","date_gmt":"2017-09-05T11:44:06","guid":{"rendered":"https:\/\/original-militaria.com\/?post_type=product&#038;p=8475"},"modified":"2022-01-31T19:06:52","modified_gmt":"2022-01-31T18:06:52","slug":"casco-portugues-de-bomberos-1940-50","status":"publish","type":"product","link":"https:\/\/original-militaria.com\/en\/producto\/casco-portugues-de-bomberos-1940-50\/","title":{"rendered":"Portuguese Firefighter Helmet 1940-50&#8212;Casco Portugu\u00e9s de Bomberos 1940-50"},"content":{"rendered":"<p align=\"justify\"><span style=\"font-size: medium\"><span style=\"font-family: Verdana\">Casco de bombero portugu\u00e9s de los a\u00f1os 40 &#8220;Capacete dos Bombeiros&#8221;. En concreto de Capit\u00e1n de bomberos, niquelado, tiene la forma del casco &#8220;Adri\u00e1n franc\u00e9s&#8221; de WW1 y WW2. Completo con su interior, bella pieza para los coleccionistas de este tipo de cascos. En la guarnici\u00f3n lleva la manufactura del fabricante y la talla 60. Modelo bastante raro y escaso.<\/span><\/span><\/p>\n","protected":false},"excerpt":{"rendered":"<p align=\"justify\"><span style=\"font-size: medium\"><span style=\"font-family: Verdana\"><strong>DESCRIPCION:<\/strong> Casco de bombero portugu\u00e9s de los a\u00f1os 40 <span style=\"color: #ff0000\">&#8220;Capacete dos Bombeiros&#8221;<\/span>. En concreto de Capit\u00e1n de bomberos, niquelado, tiene la forma del casco <span style=\"color: #ff0000\">&#8220;Adri\u00e1n franc\u00e9s&#8221;<\/span> de WW1 y WW2. Completo con su interior, bella pieza para los coleccionistas de este tipo de cascos. En la guarnici\u00f3n lleva la manufactura del fabricante y la talla 60. Modelo bastante raro y escaso.<\/span><\/span><\/p>\n","protected":false},"featured_media":8476,"template":"","meta":[],"product_brand":[],"product_cat":[224],"product_tag":[],"class_list":{"0":"post-8475","1":"product","2":"type-product","3":"status-publish","4":"has-post-thumbnail","6":"product_cat-archivo-vendidos","7":"sales-flash-overlay","8":"woocommerce-text-align-center","9":"woocommerce-image-align-center","10":"do-quantity-buttons","12":"first","13":"outofstock","14":"purchasable","15":"product-type-simple"},"_links":{"self":[{"href":"https:\/\/original-militaria.com\/en\/wp-json\/wp\/v2\/product\/8475","targetHints":{"allow":["GET"]}}],"collection":[{"href":"https:\/\/original-militaria.com\/en\/wp-json\/wp\/v2\/product"}],"about":[{"href":"https:\/\/original-militaria.com\/en\/wp-json\/wp\/v2\/types\/product"}],"wp:featuredmedia":[{"embeddable":true,"href":"https:\/\/original-militaria.com\/en\/wp-json\/wp\/v2\/media\/8476"}],"wp:attachment":[{"href":"https:\/\/original-militaria.com\/en\/wp-json\/wp\/v2\/media?parent=8475"}],"wp:term":[{"taxonomy":"product_brand","embeddable":true,"href":"https:\/\/original-militaria.com\/en\/wp-json\/wp\/v2\/product_brand?post=8475"},{"taxonomy":"product_cat","embeddable":true,"href":"https:\/\/original-militaria.com\/en\/wp-json\/wp\/v2\/product_cat?post=8475"},{"taxonomy":"product_tag","embeddable":true,"href":"https:\/\/original-militaria.com\/en\/wp-json\/wp\/v2\/product_tag?post=8475"}],"curies":[{"name":"wp","href":"https:\/\/api.w.org\/{rel}","templated":true}]}}