{"id":8463,"date":"2017-09-05T11:44:04","date_gmt":"2017-09-05T11:44:04","guid":{"rendered":"https:\/\/original-militaria.com\/?post_type=product&#038;p=8463"},"modified":"2022-01-31T19:06:51","modified_gmt":"2022-01-31T18:06:51","slug":"dak-escudo-con-guila-para-salacot","status":"publish","type":"product","link":"https:\/\/original-militaria.com\/en\/producto\/dak-escudo-con-guila-para-salacot\/","title":{"rendered":"Wehrmacht\/Afrikakorps, Tropical National Eagle Shield \u2014 WH\/DAK, Escudo con Emblema Nacional"},"content":{"rendered":"<p style=\"text-align: justify;\" align=\"justify\"><span style=\"font-size: 12pt; font-family: verdana, geneva, sans-serif;\"><strong>ANTECEDENTES:<\/strong>\u00a0A finales de 1940, con la entrada inminente de Alemania en la campa\u00f1a de Afrika del norte, todos los equipos\u00a0tropicales fueron desarrollados r\u00e1pidamente para DAK, Deutsches Afrika Korps, (cuerpo de ej\u00e9rcito alem\u00e1n de \u00c1frica), para la llegada de las tropas a\u00a0Tr\u00edpoli en febrero de 1941. Uno de los nuevos art\u00edculos introducidos era el casco tropical basado en el dise\u00f1o anterior del casco de Kriegsmarine. En su principio el casco fue construido\u00a0con una base formada\u00a0de corcho con una cubierta de\u00a0tela cruzada de algod\u00f3n, hasta que un segundo casco fue introducido con una base formada de corcho con una cubierta del fieltro. El segundo casco sigui\u00f3 el mismo dise\u00f1o b\u00e1sico que el primero pero fue modificado para facilitar costes,\u00a0tiempo y\u00a0material\u00a0en la producci\u00f3n. El\u00a0uso de los cascos fue ampliado a las tropas en \u00e1reas meridionales de Europa continental, pero los cascos probaron su ineficacia y su impopularidad, \u00a0y la fabricaci\u00f3n solo continuo hasta\u00a01942. En la introducci\u00f3n de cascos fueron equipados con dos escudos, uno con\u00a0el \u00e1guila nacional y otro con los tres colores nacionales.<\/span><\/p>\n<p style=\"text-align: justify;\" align=\"justify\"><span style=\"font-size: 12pt; font-family: verdana, geneva, sans-serif;\"><strong>DESCRIPCION:<\/strong> Escudo (Tropenhelm Abzeichen) con el \u00e1guila nacional estampada para los salacot del Dak, fabricada en chapa\u00a0estampada, tiene un \u00e1guila con las alas barridas hac\u00eda abajo en alto relieve,\u00a0muy bien detallada, en el reverso tiene sus tres dientes intactos.\u00a0\u00a0El escudo no tiene visibles las marcas del fabricante. Est\u00e1 en perfecto estado, y mantiene todos sus colores intactos.<\/span><\/p>\n","protected":false},"excerpt":{"rendered":"<p align=\"justify\"><strong><span style=\"font-size: 9pt; font-family: Verdana; mso-bidi-font-family: Arial;\">ANTECEDENTES:<\/span><\/strong><span style=\"font-size: 9pt; font-family: Verdana; mso-bidi-font-family: Arial;\">\u00a0A finales de 1940, con la entrada inminente de Alemania en la campa\u00f1a de Afrika del norte, todos los equipos\u00a0tropicales fueron desarrollados r\u00e1pidamente para DAK, Deutsches Afrika Korps, (cuerpo de ej\u00e9rcito alem\u00e1n de \u00c1frica), para la llegada de las tropas a\u00a0Tr\u00edpoli en febrero de 1941. Uno de los nuevos art\u00edculos introducidos era el casco tropical basado en el dise\u00f1o anterior del casco de Kriegsmarine. En su principio el casco fue construido\u00a0con una base formada\u00a0de corcho con una cubierta de\u00a0tela cruzada de algod\u00f3n, hasta que un segundo casco fue introducido con una base formada de corcho con una cubierta del fieltro. El segundo casco sigui\u00f3 el mismo dise\u00f1o b\u00e1sico que el primero pero fue modificado para facilitar costes,\u00a0tiempo y\u00a0material\u00a0en la producci\u00f3n. El\u00a0uso de los cascos fue ampliado a las tropas en \u00e1reas meridionales de Europa continental, pero los cascos probaron su ineficacia y su impopularidad, \u00a0y la fabricaci\u00f3n solo continuo hasta\u00a01942. En la introducci\u00f3n de cascos fueron equipados con dos escudos, uno con\u00a0el \u00e1guila nacional y otro con los tres colores nacionales.<\/span><\/p>\n<p align=\"justify\"><strong><span style=\"font-size: 9pt; font-family: Verdana; mso-bidi-font-family: Arial;\">DESCRIPCION:<\/span><\/strong><span style=\"font-size: 9pt; font-family: Verdana; mso-bidi-font-family: Arial;\"> Escudo (Tropenhelm Abzeichen) con el \u00e1guila nacional estampada para los salacot del Dak, fabricada en chapa\u00a0estampada, tiene un \u00e1guila con las alas barridas hac\u00eda abajo en alto relieve,\u00a0muy bien detallada, en el reverso tiene sus tres dientes intactos.\u00a0\u00a0El escudo no tiene visibles las marcas del fabricante. Est\u00e1 en perfecto estado, y mantiene todos sus colores intactos.<\/span><\/p>\n","protected":false},"featured_media":8464,"template":"","meta":[],"product_brand":[],"product_cat":[224],"product_tag":[],"class_list":{"0":"post-8463","1":"product","2":"type-product","3":"status-publish","4":"has-post-thumbnail","6":"product_cat-archivo-vendidos","7":"sales-flash-overlay","8":"woocommerce-text-align-center","9":"woocommerce-image-align-center","10":"do-quantity-buttons","12":"first","13":"outofstock","14":"purchasable","15":"product-type-simple"},"_links":{"self":[{"href":"https:\/\/original-militaria.com\/en\/wp-json\/wp\/v2\/product\/8463","targetHints":{"allow":["GET"]}}],"collection":[{"href":"https:\/\/original-militaria.com\/en\/wp-json\/wp\/v2\/product"}],"about":[{"href":"https:\/\/original-militaria.com\/en\/wp-json\/wp\/v2\/types\/product"}],"wp:featuredmedia":[{"embeddable":true,"href":"https:\/\/original-militaria.com\/en\/wp-json\/wp\/v2\/media\/8464"}],"wp:attachment":[{"href":"https:\/\/original-militaria.com\/en\/wp-json\/wp\/v2\/media?parent=8463"}],"wp:term":[{"taxonomy":"product_brand","embeddable":true,"href":"https:\/\/original-militaria.com\/en\/wp-json\/wp\/v2\/product_brand?post=8463"},{"taxonomy":"product_cat","embeddable":true,"href":"https:\/\/original-militaria.com\/en\/wp-json\/wp\/v2\/product_cat?post=8463"},{"taxonomy":"product_tag","embeddable":true,"href":"https:\/\/original-militaria.com\/en\/wp-json\/wp\/v2\/product_tag?post=8463"}],"curies":[{"name":"wp","href":"https:\/\/api.w.org\/{rel}","templated":true}]}}