{"id":8438,"date":"2017-09-05T11:43:55","date_gmt":"2017-09-05T11:43:55","guid":{"rendered":"https:\/\/original-militaria.com\/?post_type=product&#038;p=8438"},"modified":"2022-01-31T19:06:51","modified_gmt":"2022-01-31T18:06:51","slug":"wh-gorro-de-campana-m34-para-cazadores-de-montana","status":"publish","type":"product","link":"https:\/\/original-militaria.com\/en\/producto\/wh-gorro-de-campana-m34-para-cazadores-de-montana\/","title":{"rendered":"WH\/ M34 Overseas Cap&#8212;WH, Gorro de Campa\u00f1a M34 para Cazadores de Monta\u00f1a"},"content":{"rendered":"<p style=\"text-align: justify\"><span style=\"font-size: medium\"><strong><span style=\"font-family: Verdana\">ANTECEDENTES:<\/span><\/strong><span style=\"font-family: Verdana\"> El gorro de campa\u00f1a M34 fue inicialmente introducido el 24 de marzo de 1934, en un principio\u00a0llevaba\u00a0botones delanteros y ten\u00eda sut\u00e1s o vivo del arma y cucarda nacional.\u00a0Un reglamento de octubre de 1935, suprimi\u00f3 los botones y incluyo una alteraci\u00f3n de la insignia utilizada. Adem\u00e1s los reglamentos del 21 de julio de 1942 suspendi\u00f3 <\/span><\/span><span style=\"font-size: 9pt;font-family: Verdana\"><span style=\"font-size: medium\">la M<\/span><span style=\"font-size: medium\">34 a favor de un\u00a0nuevo dise\u00f1o m\u00e1s funcional el M42, pero el cambio completo\u00a0nunca se\u00a0llevo a buen fin. El ej\u00e9rcito alem\u00e1n originalmente aprob\u00f3 el 17 de\u00a0febrero\u00a0de 1934 una versi\u00f3n ligeramente modificada del \u00e1guila nacional del NSDAP,\u00a0con instrucciones de que se aplica a todos los cascos de acero y\u00a0gorras de plato y en mayo a los uniformes. El 30 de\u00a0octubre de 1935 un nuevo reglamento\u00a0estipul\u00f3 que el \u00e1guila nacional\u00a0se aplique tambi\u00e9n\u00a0a todas las gorras de campa\u00f1a. En marzo de 1933 la cucarda nacional fue sustituida\u00a0anulando a la de\u00a0Weimar y paso a ser\u00a0una cucarda\u00a0en negro, blanco y rojo y se utiliz\u00f3 en todo el Tercer Reich.\u00a0A las\u00a0diferentes ramas de servicios en el ej\u00e9rcito le fue asignado un color denominado\u00a0&#8220;waffenfarbe&#8221;.\u00a0\u00a0EL 10 de julio de 1942 se aboli\u00f3 el uso del sut\u00e1s. <\/span><\/span><\/p>\n<p align=\"justify\"><strong><span style=\"font-size: 9pt;font-family: Verdana\"><span style=\"font-size: medium\">DESCRIPCION: <\/span><\/span><\/strong><span style=\"font-size: 9pt;font-family: Verdana\"><span style=\"font-size: medium\">Gorro de campa\u00f1a M34 (Feldm\u00fctze M34 f\u00fcr Mannschaft und Unteroffizier) modificada en octubre del 35 para suboficiales y tropa para cazadores de monta\u00f1a (Gebirgsj\u00e4ger). Color vivo del arma verde oscuro. Confeccionada del mismo pa\u00f1o que el uniforme (lana y fibra de celulosa), feldgrau. \u00c1guila nacional en bevo color gris sobre fondo verde esmeralda y cucarda con lo colores nacionales cosidas de origen. Lleva el color identificativo del arma verde en forma de &#8220;V&#8221; invertida, acompa\u00f1ando a la cucarda, el sut\u00e1s se ha aplicado de forma correcta, se inserta en dos perforaciones cerca del borde inferior de la tapa. Tiene una dobl\u00e9 banda alrededor que se baja para proteger las orejas del fr\u00edo con un remache en aluminio estampado a cada lado con un orificio de ventilaci\u00f3n. El interior est\u00e1 completamente forrado y est\u00e1 marcado con la manufactura del fabricante y la talla &#8220;58&#8221;. Bastante raro. <\/span><\/span><\/p>\n","protected":false},"excerpt":{"rendered":"<p>&nbsp;<\/p>\n<p style=\"text-align: justify\"><span style=\"font-size: medium\"><strong><span style=\"font-family: Verdana\">ANTECEDENTES:<\/span><\/strong><span style=\"font-family: Verdana\"> El gorro de campa\u00f1a M34 fue inicialmente introducido el 24 de marzo de 1934, en un principio\u00a0llevaba\u00a0botones delanteros y ten\u00eda sut\u00e1s o vivo del arma y cucarda nacional.\u00a0Un reglamento de octubre de 1935, suprimi\u00f3 los botones y incluyo una alteraci\u00f3n de la insignia utilizada. Adem\u00e1s los reglamentos del 21 de julio de 1942 suspendi\u00f3 <\/span><\/span><span style=\"font-size: 9pt;font-family: Verdana\"><span style=\"font-size: medium\">la M<\/span><span style=\"font-size: medium\">34 a favor de un\u00a0nuevo dise\u00f1o m\u00e1s funcional el M42, pero el cambio completo\u00a0nunca se\u00a0llevo a buen fin. El ej\u00e9rcito alem\u00e1n originalmente aprob\u00f3 el 17 de\u00a0febrero\u00a0de 1934 una versi\u00f3n ligeramente modificada del \u00e1guila nacional del NSDAP,\u00a0con instrucciones de que se aplica a todos los cascos de acero y\u00a0gorras de plato y en mayo a los uniformes. El 30 de\u00a0octubre de 1935 un nuevo reglamento\u00a0estipul\u00f3 que el \u00e1guila nacional\u00a0se aplique tambi\u00e9n\u00a0a todas las gorras de campa\u00f1a. En marzo de 1933 la cucarda nacional fue sustituida\u00a0anulando a la de\u00a0Weimar y paso a ser\u00a0una cucarda\u00a0en negro, blanco y rojo y se utiliz\u00f3 en todo el Tercer Reich.\u00a0A las\u00a0diferentes ramas de servicios en el ej\u00e9rcito le fue asignado un color denominado\u00a0&#8220;waffenfarbe&#8221;.\u00a0\u00a0EL 10 de julio de 1942 se aboli\u00f3 el uso del sut\u00e1s. <\/span><\/span><\/p>\n<p align=\"justify\"><strong><span style=\"font-size: 9pt;font-family: Verdana\"><span style=\"font-size: medium\">DESCRIPCION: <\/span><\/span><\/strong><span style=\"font-size: 9pt;font-family: Verdana\"><span style=\"font-size: medium\">Gorro de campa\u00f1a M34 (Feldm\u00fctze M34 f\u00fcr Mannschaft und Unteroffizier) modificada en octubre del 35 para suboficiales y tropa para cazadores de monta\u00f1a (Gebirgsj\u00e4ger). Color vivo del arma verde oscuro. Confeccionada del mismo pa\u00f1o que el uniforme (lana y fibra de celulosa), feldgrau. \u00c1guila nacional en bevo color gris sobre fondo verde esmeralda y cucarda con lo colores nacionales cosidas de origen. Lleva el color indentificativo del arma verde en forma de <span style=\"color: #ff0000\">&#8220;V&#8221; <\/span>invertida, acompa\u00f1ando a la cucarda, el sut\u00e1s se ha aplicado de forma correcta, se inserta en dos perforaciones cerca del borde inferior de la tapa. Tiene una dobl\u00e9 banda alrededor que se baja para proteger las orejas del fr\u00edo con un remache en aluminio estampado a cada lado con un orificio de ventilaci\u00f3n. El interior est\u00e1 completamente forrado y est\u00e1 marcado con la manufactura del fabricante y la talla <span style=\"color: #ff0000\">&#8220;58&#8221;<\/span>. Bastante raro. <\/span><\/span><\/p>\n","protected":false},"featured_media":8439,"template":"","meta":[],"product_brand":[],"product_cat":[224],"product_tag":[],"class_list":{"0":"post-8438","1":"product","2":"type-product","3":"status-publish","4":"has-post-thumbnail","6":"product_cat-archivo-vendidos","7":"sales-flash-overlay","8":"woocommerce-text-align-center","9":"woocommerce-image-align-center","10":"do-quantity-buttons","12":"first","13":"outofstock","14":"purchasable","15":"product-type-simple"},"_links":{"self":[{"href":"https:\/\/original-militaria.com\/en\/wp-json\/wp\/v2\/product\/8438","targetHints":{"allow":["GET"]}}],"collection":[{"href":"https:\/\/original-militaria.com\/en\/wp-json\/wp\/v2\/product"}],"about":[{"href":"https:\/\/original-militaria.com\/en\/wp-json\/wp\/v2\/types\/product"}],"wp:featuredmedia":[{"embeddable":true,"href":"https:\/\/original-militaria.com\/en\/wp-json\/wp\/v2\/media\/8439"}],"wp:attachment":[{"href":"https:\/\/original-militaria.com\/en\/wp-json\/wp\/v2\/media?parent=8438"}],"wp:term":[{"taxonomy":"product_brand","embeddable":true,"href":"https:\/\/original-militaria.com\/en\/wp-json\/wp\/v2\/product_brand?post=8438"},{"taxonomy":"product_cat","embeddable":true,"href":"https:\/\/original-militaria.com\/en\/wp-json\/wp\/v2\/product_cat?post=8438"},{"taxonomy":"product_tag","embeddable":true,"href":"https:\/\/original-militaria.com\/en\/wp-json\/wp\/v2\/product_tag?post=8438"}],"curies":[{"name":"wp","href":"https:\/\/api.w.org\/{rel}","templated":true}]}}