{"id":8431,"date":"2017-09-05T11:43:53","date_gmt":"2017-09-05T11:43:53","guid":{"rendered":"https:\/\/original-militaria.com\/?post_type=product&#038;p=8431"},"modified":"2022-01-31T19:06:51","modified_gmt":"2022-01-31T18:06:51","slug":"luftwaffe-rock-de-hauptman-del-rlm","status":"publish","type":"product","link":"https:\/\/original-militaria.com\/en\/producto\/luftwaffe-rock-de-hauptman-del-rlm\/","title":{"rendered":"Luftwaffe, Reich Ministry of Aviation Captain Service Tunic&#8211; Guerrera-uniforme de Capit\u00e1n del &#8220;RLM&#8221;"},"content":{"rendered":"<p align=\"justify\"><span style=\"font-family: verdana, geneva, sans-serif;font-size: 12pt\"><strong>ANTECEDENTES:<\/strong> El Reichsluftwaffe oficial fue establecido el 26 de febrero de 1935 como la tercera rama del servicio de las Fuerzas Armadas. En marzo de 1935 la formaci\u00f3n del nuevo Reichsluftwaffe se anunci\u00f3 a la prensa extranjera y 16 de marzo se volvi\u00f3 a introducir la conscripci\u00f3n para las tres ramas del servicio. el 21 de mayo de 1935 la designaci\u00f3n se modific\u00f3 Reichsluftwaffe a Luftwaffe. El modelo est\u00e1ndar de uniforme de servicio fue aprobado por la Luftwaffe en marzo de 1935, y se bas\u00f3 en los uniformes utilizados por el personal de la Verband Deutscher Luftsport, (Federaci\u00f3n de Deportes del aire alemana). El modelo de uniforme en\u00a01935 fue designado Tuchrock, (t\u00fanica de tela), y era abierta en el cuello. el 11\u00a0de noviembre de 1938 un nuevo modelo de guerrera\u00a0se hab\u00eda introducido con el uso cerrado del cuello. El 1938 fue designado\u00a0un nuevo modelo, la \u00a0t\u00fanica Anzugrock, (Uniforme t\u00fanica), y fue destinado a reemplazar el modelo 1935 tanto del\u00a0Tuchrock como de la\u00a0Fliegerbluse, (Blusa de vuelo). En 1938 un nuevo modelo sustituyo al\u00a0Tuchrock, pero no la Fliegerbluse. Oficiales,\u00a0 suboficiales y\u00a0ciertos altos rangos fueron responsables de la compra de sus propios uniformes y, en consecuencia, recibieron un subsidio para prendas de vestir a trav\u00e9s de la Luftwaffe del Verkaufsabteilung, (Fuerza A\u00e9rea-Departamento de Ventas).\u00a0Se pod\u00eda\u00a0optar por la compra de\u00a0los uniformes\u00a0en los dep\u00f3sitos de ropa asi como\u00a0los accesorios de los uniformes, pero tambi\u00e9n de forma\u00a0privada, que eran\u00a0de mayor calidad.\u00a0A las distintas ramas de servicio dentro de la Luftwaffe le fueron asignados colores espec\u00edficos, la determinaci\u00f3n de\u00a0waffenfarbe, (Servicio de la Subdivisi\u00f3n de colores).\u00a0\u00a0<\/span><\/p>\n<p align=\"justify\"><span style=\"font-size: 12pt;font-family: verdana, geneva, sans-serif\"><strong>DESCRIPCION:<\/strong>\u00a0Excelente Rock para un Hauptman (Capit\u00e1n) perteneciente al\u00a0&#8220;RLM&#8221;, abreviatura del Reichsluftfahrtministerium, (Ministerio del Aire del Reich), que uso el color negro hasta 1939). Tiene 4 bolsillos con solapa y fuelle con color del arma (Waffenfarbe) negro.\u00a0En el cuello lleva los litzen (Insignias de cuello de grado) sobre base color negro para un Hauptman en hilo de aluminio,\u00a0las hombreras son fijas con dos estrellas indicativas de su rango. Lleva cinta\u00a0para Spange,\u00a0\u00a0los botones marcados de Oficial, el \u00e1guila\u00a0en hilo de aluminio, en el bolsillo derecho\u00a04\u00a0lazos para medallas y un lazo triple\u00a0para pasador de diario,\u00a0el interior en forro de algod\u00f3n\u00a0color garbanzo est\u00e1 marcado con los datos del fabricante en tinta indeleble as\u00ed como un sello de la unidad y sello &#8220;LB A 38&#8221; perteneciente al deposito de Berl\u00edn en el a\u00f1o &#8220;1938&#8221;. Tiene\u00a0mosquet\u00f3n marcado\u00a0para la daga, que sale por el interior del bolsillo.\u00a0Muy rara, en un estado\u00a0de conservaci\u00f3n excelente y en buena talla.<\/span><\/p>\n","protected":false},"excerpt":{"rendered":"<p align=\"justify\"><span style=\"font-family: Verdana;font-size: 9pt\"><strong>ANTECEDENTES:<\/strong> El Reichsluftwaffe oficial fue establecido el 26 de febrero de 1935 como la tercera rama del servicio de las Fuerzas Armadas. En marzo de 1935 la formaci\u00f3n del nuevo Reichsluftwaffe se anunci\u00f3 a la prensa extranjera y 16 de marzo se volvi\u00f3 a introducir la conscripci\u00f3n para las tres ramas del servicio. el 21 de mayo de 1935 la designaci\u00f3n se modific\u00f3 Reichsluftwaffe a Luftwaffe. El modelo est\u00e1ndar de uniforme de servicio fue aprobado por la Luftwaffe en marzo de 1935, y se bas\u00f3 en los uniformes utilizados por el personal de la Verband Deutscher Luftsport, (Federaci\u00f3n de Deportes del aire alemana). El modelo de uniforme en\u00a01935 fue designado Tuchrock, (t\u00fanica de tela), y era abierta en el cuello. el 11\u00a0de noviembre de 1938 un nuevo modelo de guerrera\u00a0se hab\u00eda introducido con el uso cerrado del cuello. El 1938 fue designado\u00a0un nuevo modelo, la \u00a0t\u00fanica Anzugrock, (Uniforme t\u00fanica), y fue destinado a reemplazar el modelo 1935 tanto del\u00a0Tuchrock como de la\u00a0Fliegerbluse, (Blusa de vuelo). En 1938 un nuevo modelo sustituyo al\u00a0Tuchrock, pero no la Fliegerbluse. Oficiales,\u00a0 suboficiales y\u00a0ciertos altos rangos fueron responsables de la compra de sus propios uniformes y, en consecuencia, recibieron un subsidio para prendas de vestir a trav\u00e9s de la Luftwaffe del Verkaufsabteilung, (Fuerza A\u00e9rea-Departamento de Ventas).\u00a0Se pod\u00eda\u00a0optar por la compra de\u00a0los uniformes\u00a0en los dep\u00f3sitos de ropa asi como\u00a0los accesorios de los uniformes, pero tambi\u00e9n de forma\u00a0privada, que eran\u00a0de mayor calidad.\u00a0A las distintas ramas de servicio dentro de la Luftwaffe le fueron asignados colores espec\u00edficos, la determinaci\u00f3n de\u00a0waffenfarbe, (Servicio de la Subdivisi\u00f3n de colores).\u00a0<span style=\"font-family: Arial;font-size: 9pt\">\u00a0<\/span><\/span><\/p>\n<p align=\"justify\"><strong><span style=\"font-family: Verdana;font-size: 9pt\">DESCRIPCION:<\/span><\/strong><span style=\"font-family: Verdana;font-size: 9pt\">\u00a0Excelente Rock para un Hauptman (Capit\u00e1n) perteneciente al\u00a0&#8220;<span style=\"color: #ff0000\">RLM&#8221;<\/span>, abreviatura del <span style=\"color: #ff0000\">Reichsluftfahrtministerium<\/span>, (Ministerio del Aire del Reich, que uso el color negro hasta 1939). Tiene\u00a0<\/span><span style=\"font-family: Verdana;font-size: 9pt\">4 bolsillos con solapa y fuelle con color del arma (Waffenfarbe) negro.\u00a0En el cuello lleva los litzen (Insignias de cuello de grado) sobre base color negro para un Hauptman en hilo de aluminio,\u00a0las <\/span><span style=\"font-family: Verdana;font-size: 9pt\">hombreras son fijas con dos estrellas indicativas de su rango. Lleva cinta\u00a0para Spange,\u00a0\u00a0los botones marcados de Oficial, el \u00e1guila\u00a0en hilo de aluminio, en el bolsillo derecho\u00a04\u00a0lazos para medallas y un lazo triple\u00a0para pasador de diario,\u00a0el interior en forro de algod\u00f3n\u00a0color garbanzo est\u00e1 marcado con los datos del fabricante en tinta indeleble as\u00ed como un sello de la unidad y sello <span style=\"color: #ff0000\">&#8220;LB A 38&#8221;<\/span> perteneciente al deposito de <span style=\"color: #ff0000\">Berl\u00edn<\/span> en el a\u00f1o <span style=\"color: #ff0000\">&#8220;1938&#8221;<\/span>. Tiene\u00a0mosquet\u00f3n marcado\u00a0para la daga, que sale por el interior del bolsillo.\u00a0Muy rara, en un estado\u00a0de conservaci\u00f3n excelente y en buena talla.<\/span><\/p>\n","protected":false},"featured_media":8432,"template":"","meta":[],"product_brand":[],"product_cat":[224],"product_tag":[],"class_list":{"0":"post-8431","1":"product","2":"type-product","3":"status-publish","4":"has-post-thumbnail","6":"product_cat-archivo-vendidos","7":"sales-flash-overlay","8":"woocommerce-text-align-center","9":"woocommerce-image-align-center","10":"do-quantity-buttons","12":"first","13":"outofstock","14":"purchasable","15":"product-type-simple"},"_links":{"self":[{"href":"https:\/\/original-militaria.com\/en\/wp-json\/wp\/v2\/product\/8431","targetHints":{"allow":["GET"]}}],"collection":[{"href":"https:\/\/original-militaria.com\/en\/wp-json\/wp\/v2\/product"}],"about":[{"href":"https:\/\/original-militaria.com\/en\/wp-json\/wp\/v2\/types\/product"}],"wp:featuredmedia":[{"embeddable":true,"href":"https:\/\/original-militaria.com\/en\/wp-json\/wp\/v2\/media\/8432"}],"wp:attachment":[{"href":"https:\/\/original-militaria.com\/en\/wp-json\/wp\/v2\/media?parent=8431"}],"wp:term":[{"taxonomy":"product_brand","embeddable":true,"href":"https:\/\/original-militaria.com\/en\/wp-json\/wp\/v2\/product_brand?post=8431"},{"taxonomy":"product_cat","embeddable":true,"href":"https:\/\/original-militaria.com\/en\/wp-json\/wp\/v2\/product_cat?post=8431"},{"taxonomy":"product_tag","embeddable":true,"href":"https:\/\/original-militaria.com\/en\/wp-json\/wp\/v2\/product_tag?post=8431"}],"curies":[{"name":"wp","href":"https:\/\/api.w.org\/{rel}","templated":true}]}}