{"id":8429,"date":"2017-09-05T11:43:53","date_gmt":"2017-09-05T11:43:53","guid":{"rendered":"https:\/\/original-militaria.com\/?post_type=product&#038;p=8429"},"modified":"2022-01-31T19:06:50","modified_gmt":"2022-01-31T18:06:50","slug":"cargador-para-la-p08-luger-2","status":"publish","type":"product","link":"https:\/\/original-militaria.com\/en\/producto\/cargador-para-la-p08-luger-2\/","title":{"rendered":"Wehrmacht\/ Magazine Luger P08&#8212;WH\/ Cargador para la P08 (Luger)"},"content":{"rendered":"<p align=\"justify\"><span style=\"font-family: verdana, geneva, sans-serif;font-size: 12pt\"><strong>ANTECEDENTES<\/strong>: \u201cSi quieres la paz, prepara la guerra\u201d. As\u00ed dec\u00edan los antiguos romanos, verdaderos expertos en guerras. De aquel &#8220;para bellum&#8221;, direcci\u00f3n telegr\u00e1fica de la f\u00e1brica alemana DWM, parece ser que ha tomado el nombre la pistola semiautom\u00e1tica m\u00e1s c\u00e9lebre de todos los tiempos, la Parabellum, conocida tambi\u00e9n como P08 o bien Pistola Modelo 1908. Sin embargo, tal vez el nombre m\u00e1s famoso sea el de &#8220;Luger&#8221;, nombre debido a la costumbre de los coleccionistas americanos de denominar las armas con el nombre de quien las inventa, en este caso, Georg Luger. <\/span><\/p>\n<p align=\"justify\"><span style=\"font-family: verdana, geneva, sans-serif;font-size: 12pt\"><strong>DESCRIPCION:<\/strong> Cargador de WW2 para la pistola P08 (Luger), en perfecto estado, para usar, con el n\u00famero &#8220;3296&#8221; y &#8220;Waffenamt&#8221; estampado.<\/span><\/p>\n","protected":false},"excerpt":{"rendered":"<p align=\"justify\"><strong><span style=\"font-family: Verdana;font-size: 9pt\">ANTECEDENTES<\/span><\/strong><span style=\"font-family: Verdana;font-size: 9pt\">: \u201cSi quieres la paz, prepara la guerra\u201d. As\u00ed dec\u00edan los antiguos romanos, verdaderos expertos en guerras. De aquel &#8220;para bellum&#8221;, direcci\u00f3n telegr\u00e1fica de la f\u00e1brica alemana DWM, parece ser que ha tomado el nombre la pistola semiautom\u00e1tica m\u00e1s c\u00e9lebre de todos los tiempos, la Parabellum, conocida tambi\u00e9n como P08 o bien Pistola Modelo 1908. Sin embargo, tal vez el nombre m\u00e1s famoso sea el de &#8220;Luger&#8221;, nombre debido a la costumbre de los coleccionistas americanos de denominar las armas con el nombre de quien las inventa, en este caso, Georg Luger. <\/span><\/p>\n<p align=\"justify\"><span style=\"font-family: Verdana;font-size: 9pt\"><strong>DESCRIPCION:<\/strong> Cargador de WW2 para la pistola P08 (Luger), en perfecto estado, para usar, con el n\u00famero <span style=\"color: #ff0000\">&#8220;3296&#8221;<\/span> y <span style=\"color: #ff0000\">&#8220;Waffenamt&#8221;<\/span> estampado.<\/span><\/p>\n<p class=\"MsoNormal\" align=\"justify\"><span style=\"font-family: Verdana;font-size: 10pt\">\u00a0<\/span><\/p>\n","protected":false},"featured_media":8430,"template":"","meta":[],"product_brand":[],"product_cat":[224],"product_tag":[],"class_list":{"0":"post-8429","1":"product","2":"type-product","3":"status-publish","4":"has-post-thumbnail","6":"product_cat-archivo-vendidos","7":"sales-flash-overlay","8":"woocommerce-text-align-center","9":"woocommerce-image-align-center","10":"do-quantity-buttons","12":"first","13":"outofstock","14":"purchasable","15":"product-type-simple"},"_links":{"self":[{"href":"https:\/\/original-militaria.com\/en\/wp-json\/wp\/v2\/product\/8429","targetHints":{"allow":["GET"]}}],"collection":[{"href":"https:\/\/original-militaria.com\/en\/wp-json\/wp\/v2\/product"}],"about":[{"href":"https:\/\/original-militaria.com\/en\/wp-json\/wp\/v2\/types\/product"}],"wp:featuredmedia":[{"embeddable":true,"href":"https:\/\/original-militaria.com\/en\/wp-json\/wp\/v2\/media\/8430"}],"wp:attachment":[{"href":"https:\/\/original-militaria.com\/en\/wp-json\/wp\/v2\/media?parent=8429"}],"wp:term":[{"taxonomy":"product_brand","embeddable":true,"href":"https:\/\/original-militaria.com\/en\/wp-json\/wp\/v2\/product_brand?post=8429"},{"taxonomy":"product_cat","embeddable":true,"href":"https:\/\/original-militaria.com\/en\/wp-json\/wp\/v2\/product_cat?post=8429"},{"taxonomy":"product_tag","embeddable":true,"href":"https:\/\/original-militaria.com\/en\/wp-json\/wp\/v2\/product_tag?post=8429"}],"curies":[{"name":"wp","href":"https:\/\/api.w.org\/{rel}","templated":true}]}}