{"id":8347,"date":"2017-09-05T11:43:26","date_gmt":"2017-09-05T11:43:26","guid":{"rendered":"https:\/\/original-militaria.com\/?post_type=product&#038;p=8347"},"modified":"2022-01-08T19:26:51","modified_gmt":"2022-01-08T19:26:51","slug":"iii-reich-postal-de-propaganda-2","status":"publish","type":"product","link":"https:\/\/original-militaria.com\/en\/producto\/iii-reich-postal-de-propaganda-2\/","title":{"rendered":"Third Reich Propaganda Postcard &#8212; Postal de Propaganda del F\u00fchrer"},"content":{"rendered":"<p style=\"text-align: justify;\" align=\"justify\"><span style=\"font-size: 12pt; font-family: verdana, geneva, sans-serif;\">Postal de propaganda (Postkarte) &#8220;13. M\u00e4rz 1938 Ein Volk Ein Reich Ein F\u00fchrer&#8221;, (13 de marzo de 1938 &#8211; Un pueblo, un imperio, un l\u00edder). Excelente estado.<\/span><\/p>\n","protected":false},"excerpt":{"rendered":"<p align=\"justify\"><span style=\"font-size: medium;\"><span style=\"font-family: Verdana;\"><span style=\"font-family: Verdana;\"><strong>ANTECEDENTES:<\/strong> El\u00a0instinto humano b\u00e1sico que dicta a los soldados en el campo, independientemente de su nacionalidad, es siempre informar a sus seres queridos en casa. Como resultado de ello era muy com\u00fan para estos soldados\u00a0enviar noticias\u00a0a casa. A pesar de las limitaciones, una de las formas m\u00e1s populares fue las postales, estas eran relativamente baratas y f\u00e1ciles de conseguir y enviar. Entre estas ten\u00edan mucha aceptaci\u00f3n las fotograf\u00edas postales que al mismo tiempo serv\u00edan de propaganda.<\/span><\/span><\/span><\/p>\n<p align=\"justify\"><span style=\"font-size: medium;\"><span style=\"font-family: Verdana;\"><strong>DESCRIPCION:<\/strong> III Reich, Postal de propaganda (Propaganda Postkarte) <span style=\"color: #ff0000;\">&#8220;13. M\u00e4rz 1938 Ein Volk Ein Reich Ein F\u00fchrer&#8221;<\/span>. Excelente estado.<\/span><\/span><\/p>\n","protected":false},"featured_media":8348,"template":"","meta":[],"product_brand":[],"product_cat":[172,203],"product_tag":[],"class_list":{"0":"post-8347","1":"product","2":"type-product","3":"status-publish","4":"has-post-thumbnail","6":"product_cat-militaria-alemana-ww2","7":"product_cat-albumes-de-fotos-fotos-y-postales","8":"sales-flash-overlay","9":"woocommerce-text-align-center","10":"woocommerce-image-align-center","11":"do-quantity-buttons","13":"first","14":"instock","15":"purchasable","16":"product-type-simple"},"_links":{"self":[{"href":"https:\/\/original-militaria.com\/en\/wp-json\/wp\/v2\/product\/8347","targetHints":{"allow":["GET"]}}],"collection":[{"href":"https:\/\/original-militaria.com\/en\/wp-json\/wp\/v2\/product"}],"about":[{"href":"https:\/\/original-militaria.com\/en\/wp-json\/wp\/v2\/types\/product"}],"wp:featuredmedia":[{"embeddable":true,"href":"https:\/\/original-militaria.com\/en\/wp-json\/wp\/v2\/media\/8348"}],"wp:attachment":[{"href":"https:\/\/original-militaria.com\/en\/wp-json\/wp\/v2\/media?parent=8347"}],"wp:term":[{"taxonomy":"product_brand","embeddable":true,"href":"https:\/\/original-militaria.com\/en\/wp-json\/wp\/v2\/product_brand?post=8347"},{"taxonomy":"product_cat","embeddable":true,"href":"https:\/\/original-militaria.com\/en\/wp-json\/wp\/v2\/product_cat?post=8347"},{"taxonomy":"product_tag","embeddable":true,"href":"https:\/\/original-militaria.com\/en\/wp-json\/wp\/v2\/product_tag?post=8347"}],"curies":[{"name":"wp","href":"https:\/\/api.w.org\/{rel}","templated":true}]}}