{"id":8325,"date":"2017-09-05T11:43:20","date_gmt":"2017-09-05T11:43:20","guid":{"rendered":"https:\/\/original-militaria.com\/?post_type=product&#038;p=8325"},"modified":"2022-01-31T19:06:49","modified_gmt":"2022-01-31T18:06:49","slug":"nsdap-bandera-politica","status":"publish","type":"product","link":"https:\/\/original-militaria.com\/en\/producto\/nsdap-bandera-politica\/","title":{"rendered":"NSDAP\/ Political Flag&#8212; NSDAP, Bandera Pol\u00edtica"},"content":{"rendered":"<p style=\"text-align: justify\" align=\"justify\"><span style=\"font-family: verdana, geneva, sans-serif;font-size: 12pt\"><strong>ANTECEDENTES:<\/strong> Probablemente una de las piezas m\u00e1s reconocibles de insignias relacionadas con el r\u00e9gimen nazi es la bandera con la Cruz gamada o esv\u00e1stica. Utilizada por casi todos en\u00a0la organizaci\u00f3n del Tercer Reich\u00a0de una u otra forma. La cruz gamada, (una palabra en s\u00e1nscrito que significa &#8220;bienestar&#8221;), es un antiguo s\u00edmbolo que fue utilizado en diversas culturas y numerosos manifestado tanto el ciclo de vida y el sol. La esv\u00e1stica tambi\u00e9n era una runa n\u00f3rdica y el s\u00edmbolo pagano germ\u00e1nico Thor, Dios del trueno. Durante la Primera Guerra Mundial comenz\u00f3 a representar la esv\u00e1stica el s\u00edmbolo nacional y las tendencias antisemitas en organizaciones como la sociedad de Thule y de otros movimientos nacionalistas alemanes y m\u00e1s tarde, una variedad de grupos Freikorps. En el verano de 1920 Hitler adopt\u00f3 la esv\u00e1stica como el principal s\u00edmbolo de la NSDAP. En &#8220;Mein Kampf&#8221;, Hitler afirma que, si bien numerosos miembros del partido hab\u00eda propuesto la esv\u00e1stica y color el rojo, blanco y negro como emblema, fue \u00e9l mismo quien\u00a0realiz\u00f3 el dise\u00f1o final. La bandera fue adoptada como la bandera nacional de Alemania tras el ascenso de Hitler al poder en 1933. <\/span><\/p>\n<p style=\"text-align: justify\"><span style=\"font-family: verdana, geneva, sans-serif;font-size: 12pt\"><strong>DESCRIPCI\u00d3N:<\/strong> Bandera Pol\u00edtica Nacional de gran tama\u00f1o\u00a0(Politisch Fahne) fabricada en dos piezas mide 295 cm de largo\u00a0x 140 cm de ancho, proviene de Holanda, estuvo en el Ayuntamiento durante la ocupaci\u00f3n. Sobre la base de tela de fuerte lienzo color rojo se cose un disco de 67 cm de di\u00e1metro de color blanco con una esv\u00e1stica impresa en el centro, mantiene vivos sus colores, pese a que ha estado colgada, sin el m\u00e1s m\u00ednimo agujero, descosido o rotura. Tiene su cuerda para sujetar intacta con su mosquet\u00f3n de cuerda en una esquina. Est\u00e1 sin lavar ni limpiar.\u00a0Buen ejemplo.<\/span><\/p>\n","protected":false},"excerpt":{"rendered":"<p align=\"justify\"><span style=\"font-size: medium\"><strong><span style=\"font-family: Verdana\">ANTECEDENTES:<\/span><\/strong><span style=\"font-family: Verdana\"> Probablemente una de las piezas m\u00e1s reconocibles de insignias relacionadas con el r\u00e9gimen nazi es la bandera con <\/span><\/span><span style=\"font-size: 9pt;font-family: Verdana\"><span style=\"font-size: medium\">la Cruz<\/span><span style=\"font-size: medium\"> gamada o esv\u00e1stica. Utilizada por casi todos en\u00a0la organizaci\u00f3n del Tercer Reich\u00a0de una u otra forma. La cruz gamada, (una palabra en s\u00e1nscrito que significa &#8220;bienestar&#8221;), es un antiguo s\u00edmbolo que fue utilizado en diversas culturas y numerosos manifestado tanto el ciclo de vida y el sol. La esv\u00e1stica tambi\u00e9n era una runa n\u00f3rdica y el s\u00edmbolo pagano germ\u00e1nico Thor, Dios del trueno. Durante <\/span><span style=\"font-size: medium\">la Primera Guerra<\/span><span style=\"font-size: medium\"> Mundial comenz\u00f3 a representar la esv\u00e1stica el s\u00edmbolo nacional y las tendencias antisemitas en organizaciones como la sociedad de Thule y de otros movimientos nacionalistas alemanes y m\u00e1s tarde, una variedad de grupos Freikorps. En el verano de 1920 Hitler adopt\u00f3 la esv\u00e1stica como el principal s\u00edmbolo de <\/span><span style=\"font-size: medium\">la NSDAP. En<\/span><span style=\"font-size: medium\"> &#8220;Mein Kampf&#8221;, Hitler afirma que, si bien numerosos miembros del partido hab\u00eda propuesto la esv\u00e1stica y color el rojo, blanco y negro como emblema, fue \u00e9l mismo quien\u00a0realiz\u00f3 el dise\u00f1o final. La bandera fue adoptada como la bandera nacional de Alemania tras el ascenso de Hitler al poder en 1933. <\/span><\/span><\/p>\n<p><strong><span style=\"font-family: Verdana\">DESCRIPCI\u00d3N:<\/span><\/strong> Bandera Pol\u00edtica Nacional de gran tama\u00f1o\u00a0(Politisch Fahne) fabricada en dos piezas mide <span style=\"font-size: medium\"><span style=\"color: #ff0000\">295 cm<\/span><\/span><span style=\"font-size: medium\"> de largo\u00a0x <\/span><span style=\"font-size: medium\"><span style=\"color: #ff0000\">140 cm<\/span><\/span><span style=\"font-size: medium\"> de ancho, proviene de Holanda, estuvo en el Ayuntamiento durante la ocupaci\u00f3n. Sobre la base de tela de fuerte lienzo color rojo se cose un disco de <\/span><span style=\"font-size: medium\">67 cm<\/span><span style=\"font-size: medium\"> de di\u00e1metro de color blanco con una esv\u00e1stica impresa en el centro, mantiene vivos sus colores, pese a que ha estado colgada, sin el m\u00e1s m\u00ednimo agujero, descosido o rotura. Tiene su cuerda para sujetar intacta con su mosquet\u00f3n de cuerda en una esquina. Est\u00e1 sin lavar ni limpiar.\u00a0Buen ejemplo.<\/span><\/p>\n","protected":false},"featured_media":8326,"template":"","meta":[],"product_brand":[],"product_cat":[224],"product_tag":[],"class_list":{"0":"post-8325","1":"product","2":"type-product","3":"status-publish","4":"has-post-thumbnail","6":"product_cat-archivo-vendidos","7":"sales-flash-overlay","8":"woocommerce-text-align-center","9":"woocommerce-image-align-center","10":"do-quantity-buttons","12":"first","13":"outofstock","14":"sold-individually","15":"product-type-simple"},"_links":{"self":[{"href":"https:\/\/original-militaria.com\/en\/wp-json\/wp\/v2\/product\/8325","targetHints":{"allow":["GET"]}}],"collection":[{"href":"https:\/\/original-militaria.com\/en\/wp-json\/wp\/v2\/product"}],"about":[{"href":"https:\/\/original-militaria.com\/en\/wp-json\/wp\/v2\/types\/product"}],"wp:featuredmedia":[{"embeddable":true,"href":"https:\/\/original-militaria.com\/en\/wp-json\/wp\/v2\/media\/8326"}],"wp:attachment":[{"href":"https:\/\/original-militaria.com\/en\/wp-json\/wp\/v2\/media?parent=8325"}],"wp:term":[{"taxonomy":"product_brand","embeddable":true,"href":"https:\/\/original-militaria.com\/en\/wp-json\/wp\/v2\/product_brand?post=8325"},{"taxonomy":"product_cat","embeddable":true,"href":"https:\/\/original-militaria.com\/en\/wp-json\/wp\/v2\/product_cat?post=8325"},{"taxonomy":"product_tag","embeddable":true,"href":"https:\/\/original-militaria.com\/en\/wp-json\/wp\/v2\/product_tag?post=8325"}],"curies":[{"name":"wp","href":"https:\/\/api.w.org\/{rel}","templated":true}]}}