{"id":8322,"date":"2017-09-05T11:43:20","date_gmt":"2017-09-05T11:43:20","guid":{"rendered":"https:\/\/original-militaria.com\/?post_type=product&#038;p=8322"},"modified":"2022-01-08T19:27:49","modified_gmt":"2022-01-08T19:27:49","slug":"postal-de-propaganda-en-color","status":"publish","type":"product","link":"https:\/\/original-militaria.com\/en\/producto\/postal-de-propaganda-en-color\/","title":{"rendered":"Postal de Propaganda &#8216;Kradmelder&#8217; en Color&#8212;-Willrich Postcard &#8216;Kradmelder&#8217;"},"content":{"rendered":"<p style=\"text-align: justify;\" align=\"justify\"><span style=\"font-family: verdana, geneva, sans-serif; font-size: 12pt;\"><strong>ANTECEDENTES:<\/strong> El\u00a0instinto humano b\u00e1sico que dicta a los soldados en el campo, independientemente de su nacionalidad, es siempre informar a sus seres queridos en casa. Como resultado de ello era muy com\u00fan para estos soldados\u00a0enviar noticias\u00a0a casa. A pesar de las limitaciones, una de las formas m\u00e1s populares fue las postales, estas eran relativamente baratas y f\u00e1ciles de conseguir y enviar. Entre estas ten\u00edan mucha aceptaci\u00f3n las fotograf\u00edas postales que al mismo tiempo serv\u00edan de propaganda.<\/span><\/p>\n<p style=\"text-align: justify;\" align=\"justify\"><span style=\"font-family: verdana, geneva, sans-serif; font-size: 12pt;\"><strong>DESCRIPCION:<\/strong>\u00a0Bonita postal original de propaganda (Propaganda Postkarte) en color del artista Willirich Wolfgang que muestra un\u00a0 &#8216;Kradmelder, einer Panzer-Vorausabteilung&#8217;, p\u00fablicada por el\u00a0&#8220;Volksbund f\u00fcr das Deutschtum im Ausland&#8221; en Berl\u00edn.\u00a0<\/span><span style=\"font-family: verdana, geneva, sans-serif; font-size: 12pt;\">Sin estrenar. Mide 15 X 10,5 cm. Excelente estado.<\/span><\/p>\n","protected":false},"excerpt":{"rendered":"<p align=\"justify\"><span style=\"font-family: Verdana;\"><span style=\"font-family: Verdana; font-size: 9pt;\"><strong>ANTECEDENTES:<\/strong> El\u00a0instinto humano b\u00e1sico que dicta a los soldados en el campo, independientemente de su nacionalidad, es siempre informar a sus seres queridos en casa. Como resultado de ello era muy com\u00fan para estos soldados\u00a0enviar noticias\u00a0a casa. A pesar de las limitaciones, una de las formas m\u00e1s populares fue las postales, estas eran relativamente baratas y f\u00e1ciles de conseguir y enviar. Entre estas ten\u00edan mucha aceptaci\u00f3n las fotograf\u00edas postales que al mismo tiempo serv\u00edan de propaganda.<\/span><\/span><\/p>\n<p align=\"justify\"><span style=\"font-family: Verdana; font-size: 9pt;\"><strong>DESCRIPCION:<\/strong> Postal de propaganda en color (Propaganda Postkarte) <span style=\"color: #ff0000;\">&#8220;Kradmelder&#8221;<\/span>. Sin estrenar. Excelente estado.<\/span><\/p>\n","protected":false},"featured_media":8323,"template":"","meta":[],"product_brand":[],"product_cat":[172,203],"product_tag":[],"class_list":{"0":"post-8322","1":"product","2":"type-product","3":"status-publish","4":"has-post-thumbnail","6":"product_cat-militaria-alemana-ww2","7":"product_cat-albumes-de-fotos-fotos-y-postales","8":"sales-flash-overlay","9":"woocommerce-text-align-center","10":"woocommerce-image-align-center","11":"do-quantity-buttons","13":"first","14":"instock","15":"purchasable","16":"product-type-simple"},"_links":{"self":[{"href":"https:\/\/original-militaria.com\/en\/wp-json\/wp\/v2\/product\/8322","targetHints":{"allow":["GET"]}}],"collection":[{"href":"https:\/\/original-militaria.com\/en\/wp-json\/wp\/v2\/product"}],"about":[{"href":"https:\/\/original-militaria.com\/en\/wp-json\/wp\/v2\/types\/product"}],"wp:featuredmedia":[{"embeddable":true,"href":"https:\/\/original-militaria.com\/en\/wp-json\/wp\/v2\/media\/8323"}],"wp:attachment":[{"href":"https:\/\/original-militaria.com\/en\/wp-json\/wp\/v2\/media?parent=8322"}],"wp:term":[{"taxonomy":"product_brand","embeddable":true,"href":"https:\/\/original-militaria.com\/en\/wp-json\/wp\/v2\/product_brand?post=8322"},{"taxonomy":"product_cat","embeddable":true,"href":"https:\/\/original-militaria.com\/en\/wp-json\/wp\/v2\/product_cat?post=8322"},{"taxonomy":"product_tag","embeddable":true,"href":"https:\/\/original-militaria.com\/en\/wp-json\/wp\/v2\/product_tag?post=8322"}],"curies":[{"name":"wp","href":"https:\/\/api.w.org\/{rel}","templated":true}]}}