{"id":8294,"date":"2017-09-05T11:43:12","date_gmt":"2017-09-05T11:43:12","guid":{"rendered":"https:\/\/original-militaria.com\/?post_type=product&#038;p=8294"},"modified":"2023-01-03T22:04:01","modified_gmt":"2023-01-03T21:04:01","slug":"fusil-frances-de-infanteria-m1777-a-ix-para-cadetes-manufactura-real","status":"publish","type":"product","link":"https:\/\/original-militaria.com\/en\/producto\/fusil-frances-de-infanteria-m1777-a-ix-para-cadetes-manufactura-real\/","title":{"rendered":"Fusil Frances de Infanter\u00eda M1777, A. IX para Cadetes, Manufactura Real"},"content":{"rendered":"<p style=\"text-align: justify;\" align=\"justify\"><span style=\"font-size: 12pt; font-family: verdana, geneva, sans-serif;\"><strong>ANTECEDENTES:<\/strong> Fue el m\u00e1s utilizado por las diferentes unidades que compon\u00edan los temibles ej\u00e9rcitos napole\u00f3nicos. Entre otras lo usaron los granaderos montados, la artiller\u00eda de a pie, los ingenieros y la Guardia Imperial. Durante el a\u00f1o 1776 los franceses realizaron una serie de mejoras en sus fusiles, que desembocar\u00edan en el fusil 1777. los armeros galos utilizaron como base el M1763, que a su vez era heredero del 1717. Estas reformas iban encaminadas a obtener un arma m\u00e1s s\u00f3lida. Para ello se coloc\u00f3 un gatillo m\u00e1s robusto, y la cazoleta de hierro fue sustituida por otra de bronce levemente inclinada hacia arriba, asimismo, y con la intenci\u00f3n de mejorar la comunicaci\u00f3n entre las dos p\u00f3lvoras, la de la rec\u00e1mara y la de la cazoleta, se coloc\u00f3 un poco m\u00e1s bajo el o\u00eddo. El fusil napole\u00f3nico M1777 ten\u00eda un alcance de 900 m, y efectivo de de 250 m. En 1800\/1801, fue modificado levemente dando como resultado el modelo M.AN.IX. <\/span><\/p>\n<p style=\"text-align: justify;\" align=\"justify\"><span style=\"font-family: verdana, geneva, sans-serif; font-size: 12pt;\"><strong>DESCRIPCION:<\/strong> Fusil reglamentario franc\u00e9s de infanter\u00eda para cadetes <strong>M1777, M.AN.IX<\/strong> con llave de chispa, calibre 17,5 mm, tiene tal como determinan los reglamentos de 1800\/1801, la pletina y el gatillo m\u00e1s converso. La llave y el gatillo en perfecto estado as\u00ed como el muelle real, fabricado en madera de nogal, tiene tres abrazaderas de hierro, dos argollas para la correa de transporte y la cazoleta de bronce levemente inclinada. En la rabera de la culata tiene bien marcado el modelo al que pertenece &#8220;1822&#8221; y en la pletina\u00a0<strong>&#8220;Manufactura Real&#8221;<\/strong>\u00a0no Imperial de <strong>&#8220;Charleville&#8221;<\/strong>. La baqueta de hiero con la bola de la punta en bronce es la reglamentar\u00eda para estos modelos.\u00a0<\/span><\/p>\n<p style=\"text-align: justify;\" align=\"justify\"><span style=\"font-family: verdana, geneva, sans-serif; font-size: 12pt;\">Es uno de los modelos m\u00e1s raros de encontrar (el de cadetes) y de los m\u00e1s cotizados, est\u00e1 en un estado excepcional, sin estar da\u00f1ada la madera ni tener ning\u00fan agujero de carcoma. Una excelente pieza.\u00a0<\/span><\/p>\n<p class=\"MsoNormal\" style=\"text-align: justify;\" align=\"justify\"><span style=\"font-size: 12pt; font-family: verdana, geneva, sans-serif;\">Longitud total:\u00a0\u00a0 136 cm <\/span><\/p>\n<p style=\"text-align: justify;\"><span style=\"font-family: verdana, geneva, sans-serif; font-size: 12pt;\">Longitud ca\u00f1\u00f3n:\u00a0\u00a0 95 cm<\/span><\/p>\n<p class=\"MsoNormal\" style=\"text-align: justify;\" align=\"justify\"><span style=\"font-size: 12pt; font-family: verdana, geneva, sans-serif;\"><strong>Nota.-<\/strong> Est\u00e1 inscrito en el libro de coleccionista, lo puede solicitar gratuitamente sin tener licencia en su Intervenci\u00f3n de armas de la Guardia Civil. <\/span><\/p>\n<p style=\"text-align: justify;\"><span style=\"font-family: verdana, geneva, sans-serif; font-size: 12pt;\"><strong>AVISO:<\/strong> Revisa la normativa espa\u00f1ola para la tenencia de armas antes de realizar la compra<\/span><br \/>\n<span style=\"font-family: verdana, geneva, sans-serif; font-size: 12pt;\"> <small><a title=\"Normativa espa\u00f1ola para la tenencia de armas. Guardia Civil.\" href=\"http:\/\/www.guardiacivil.es\/es\/servicios\/armasyexplosivo\/index.html\" target=\"_blank\" rel=\"noopener noreferrer nofollow\"> Guardia Civil (Intervenci\u00f3n de Armas Virtual)<\/a><\/small><\/span><\/p>\n<p style=\"text-align: justify;\">\n","protected":false},"excerpt":{"rendered":"<p align=\"justify\"><span style=\"font-size: 9pt; font-family: Verdana;\"><span style=\"font-size: medium;\"><strong>ANTECEDENTES:<\/strong> Fue el m\u00e1s utilizado por las diferentes unidades que compon\u00edan los temibles ej\u00e9rcitos napole\u00f3nicos. Entre otras lo usaron los granaderos montados, la artiller\u00eda de a pie, los ingenieros y la Guardia Imperial. Durante el a\u00f1o 1776 los franceses realizaron una serie de mejoras en sus fusiles, que desembocar\u00edan en el fusil 1777. los armeros galos utilizaron como base el M1763, que a su vez era heredero del 1717. Estas reformas iban encaminadas a obtener un arma m\u00e1s s\u00f3lida. Para ello se coloc\u00f3 un gatillo m\u00e1s robusto, y la cazoleta de hierro fue sustituida por otra de bronce levemente inclinada hacia arriba, asimismo, y con la intenci\u00f3n de mejorar la comunicaci\u00f3n entre las dos p\u00f3lvoras, la de la rec\u00e1mara y la de la cazoleta, se coloc\u00f3 un poco m\u00e1s bajo el o\u00eddo. El fusil napole\u00f3nico M1777 ten\u00eda un alcance de 900 m, y efectivo de de 250 m. En 1800\/1801, fue modificado levemente dando como resultado el modelo M.AN.IX. <\/span><\/span><\/p>\n<p align=\"justify\"><strong><span style=\"font-size: 9pt; font-family: Verdana;\"><span style=\"font-size: medium;\">DESCRIPCION:<\/span><\/span><\/strong><span style=\"font-size: 9pt; font-family: Verdana;\"><span style=\"font-size: medium;\"> Fusil reglamentario franc\u00e9s de infanter\u00eda <span style=\"color: #ff0000;\">M1777, M.AN.IX, <\/span>\u00a0con llave de chispa para cadetes, calibre 17,5 mm,\u00a0tiene tal como determinan los reglamentos de 1800\/1801, la pletina y el gatillo m\u00e1s converso. La llave y el gatillo en perfecto estado as\u00ed como el muelle real,\u00a0fabricado en madera de nogal, tiene tres abrazaderas de hierro, dos argollas para la correa de transporte\u00a0y la cazoleta de bronce levemente inclinada. En la rabera de la culata tiene bien marcado el modelo al que pertenece <span style=\"color: #ff0000;\">&#8220;1822&#8221;<\/span> y en la pletina\u00a0&#8220;<span style=\"color: #ff0000;\">Manufactura Real&#8221;<\/span>\u00a0no Imperial de <span style=\"color: #ff0000;\">&#8220;Charleville&#8221;<\/span>. La baqueta de hiero con la bola de la punta en bronce es la reglamentar\u00eda para estos modelos.\u00a0Es uno de los modelos m\u00e1s raros de encontrar (el de cadetes), y de los m\u00e1s cotizados, est\u00e1 en un estado excepcional, sin estar da\u00f1ada la madera ni tener ning\u00fan agujero de carcoma. Una excelente pieza.\u00a0<\/span><\/span><\/p>\n<p class=\"MsoNormal\" align=\"justify\"><span style=\"font-size: 10pt; font-family: Verdana;\"><span style=\"font-size: medium;\">Longitud total:\u00a0\u00a0 136 cm <\/span><\/span><\/p>\n<p>Longitud ca\u00f1\u00f3n:\u00a0\u00a0 95 cm<\/p>\n<p class=\"MsoNormal\" align=\"justify\"><span style=\"font-size: 10pt; font-family: Verdana;\"><span style=\"font-size: medium;\"><strong><span style=\"font-family: Verdana;\"><span style=\"color: #ff0000;\">Nota.-<\/span><\/span><\/strong><span style=\"font-family: Verdana;\"> Est\u00e1 inscrito en el libro de coleccionista, lo puede solicitar gratuitamente sin tener licencia en su Intervenci\u00f3n de armas de la Guardia Civil. <\/span><\/span><\/span><\/p>\n<p><strong><span style=\"font-family: Verdana;\"><span style=\"color: #ff0000;\">Nota 2.-<\/span><\/span><\/strong> Seg\u00fan el <strong><span style=\"font-family: Verdana;\">Art. 107<\/span><\/strong>,\u00a0<strong><span style=\"font-family: Verdana;\">Cap\u00edtulo V<\/span><\/strong>, <strong><span style=\"font-family: Verdana;\">Secci\u00f3n I<\/span><\/strong>, <strong><span style=\"font-family: Verdana;\">p\u00e1rrafo E<\/span><\/strong>, del Reglamento de Armas, tambi\u00e9n se puede comprar <strong><span style=\"font-family: Verdana;\">sin tener libro de coleccionista<\/span><\/strong> ateni\u00e9ndose a la siguiente disposici\u00f3n:<\/p>\n<p>No obstante lo dispuesto en otros preceptos de este Reglamento, se considerar\u00e1 autorizada la posesi\u00f3n en el propio domicilio, sin los requisitos determinados en ellos, de <strong><span style=\"font-family: Verdana;\">un arma de fuego corta o larga<\/span><\/strong> de las no prohibidas a particulares, <strong><span style=\"font-family: Verdana;\">acreditando su especial valor hist\u00f3rico o art\u00edstico<\/span><\/strong>, o de <strong><span style=\"font-family: Verdana;\">dos armas de avancarga<\/span><\/strong>, documentadas con las correspondientes gu\u00edas de pertenencia, <strong><span style=\"font-family: Verdana;\">previa aportaci\u00f3n del informe de aptitud regulado en el art\u00edculo 98<\/span><\/strong>, adoptando las medidas de seguridad necesarias para su custodia y no pudiendo utilizarlas ni enajenarlas, salvo dando cumplimiento a lo dispuesto al respecto en los preceptos espec\u00edficos de este Reglamento. La infracci\u00f3n de lo dispuesto en este apartado tendr\u00e1 la consideraci\u00f3n de grave y llevar\u00e1 aparejada en todo caso la retirada definitiva de las armas de que se trate.<\/p>\n<p>&nbsp;<\/p>\n","protected":false},"featured_media":8295,"template":"","meta":[],"product_brand":[],"product_cat":[224],"product_tag":[],"class_list":{"0":"post-8294","1":"product","2":"type-product","3":"status-publish","4":"has-post-thumbnail","6":"product_cat-archivo-vendidos","7":"sales-flash-overlay","8":"woocommerce-text-align-center","9":"woocommerce-image-align-center","10":"do-quantity-buttons","12":"first","13":"outofstock","14":"product-type-simple"},"_links":{"self":[{"href":"https:\/\/original-militaria.com\/en\/wp-json\/wp\/v2\/product\/8294","targetHints":{"allow":["GET"]}}],"collection":[{"href":"https:\/\/original-militaria.com\/en\/wp-json\/wp\/v2\/product"}],"about":[{"href":"https:\/\/original-militaria.com\/en\/wp-json\/wp\/v2\/types\/product"}],"wp:featuredmedia":[{"embeddable":true,"href":"https:\/\/original-militaria.com\/en\/wp-json\/wp\/v2\/media\/8295"}],"wp:attachment":[{"href":"https:\/\/original-militaria.com\/en\/wp-json\/wp\/v2\/media?parent=8294"}],"wp:term":[{"taxonomy":"product_brand","embeddable":true,"href":"https:\/\/original-militaria.com\/en\/wp-json\/wp\/v2\/product_brand?post=8294"},{"taxonomy":"product_cat","embeddable":true,"href":"https:\/\/original-militaria.com\/en\/wp-json\/wp\/v2\/product_cat?post=8294"},{"taxonomy":"product_tag","embeddable":true,"href":"https:\/\/original-militaria.com\/en\/wp-json\/wp\/v2\/product_tag?post=8294"}],"curies":[{"name":"wp","href":"https:\/\/api.w.org\/{rel}","templated":true}]}}