{"id":8184,"date":"2017-09-05T11:42:46","date_gmt":"2017-09-05T11:42:46","guid":{"rendered":"https:\/\/original-militaria.com\/?post_type=product&#038;p=8184"},"modified":"2022-01-31T19:06:44","modified_gmt":"2022-01-31T18:06:44","slug":"uniforme-grupo-de-artilleria-1-division-infanteria-1-rojo","status":"publish","type":"product","link":"https:\/\/original-militaria.com\/en\/producto\/uniforme-grupo-de-artilleria-1-division-infanteria-1-rojo\/","title":{"rendered":"USA\/ Artillery Troups Uniform &#8211;USA\/ Guerrera-uniforme, Grupo de Artiller\u00eda, 1\u00aa Divisi\u00f3n Infanter\u00eda &#8220;1 Rojo&#8221;"},"content":{"rendered":"<p align=\"justify\"><span style=\"font-size: 12pt;font-family: verdana, geneva, sans-serif\"><strong>ANTECEDENTES: <\/strong>La 1\u00aa Divisi\u00f3n de Infanter\u00eda (en ingl\u00e9s: 1st Infantry Division) es la divisi\u00f3n m\u00e1s antigua del US Army prestando servicio desde su creaci\u00f3n en 1917. Su apodo es The Big Red One, debido a su insignia, consistente en un n\u00famero 1 en color rojo de gran tama\u00f1o. Fue activada por primera vez como Divisi\u00f3n el 24 de mayo de 1917 con motivo de la Primera Guerra Mundial, siendo la primera unidad estadounidense en combatir en Francia cuando, el 21 de octubre de 1917, los 14.500 hombres de la 1\u00aa divisi\u00f3n fueron emplazados en un sector concreto del frente, en las cercan\u00edas de Toul. Comenz\u00f3 la Segunda Guerra Mundial con su participaci\u00f3n en la Operaci\u00f3n Torch, el desembarco en el norte de \u00c1frica, desembarcando junto a Or\u00e1n. Posteriormente se enfrent\u00f3 al Afrika Korps de Erwin Rommel, para luego tomar parte en la Operaci\u00f3n Husky, el desembarco aliado en Sicilia. Durante el desembarco en Normand\u00eda (Operaci\u00f3n Overlord), el 6 de junio de 1944, desembarca en Omaha Beach, junto a la 29\u00aa Divisi\u00f3n de Infanter\u00eda, sufriendo ambas unidades un elevado n\u00famero de bajas. Finaliza su participaci\u00f3n en la Segunda Guerra Mundial en Alemania, cerca de la frontera con Checoslovaquia en 1945. La Divisi\u00f3n sufri\u00f3 a lo largo de toda su participaci\u00f3n en el conflicto unas bajas de 21.023 hombres (esta cifra seguramente incluye tanto heridos como prisioneros) de los 43.743 soldados que hab\u00edan servido en la misma a lo largo de la guerra. Los miembros de la Divisi\u00f3n recibieron 20.752 medallas, de las que 16 eran Medallas de Honor del Congreso. Durante la Segunda Guerra Mundial, dentro del Orden de Batalla estaba 1\u00aa Divisi\u00f3n de Infanter\u00eda Grupo de Artiller\u00eda.<\/span><\/p>\n<p align=\"justify\"><span style=\"font-size: 12pt;font-family: verdana, geneva, sans-serif\"><strong>DESCRIPCION:<\/strong> Uniforme completo\u00a0perteneciente a un\u00a0soldado del Grupo de Artiller\u00eda de la 1\u00aa Divisi\u00f3n de Infanter\u00eda\u00a0&#8220;1 Rojo&#8221; o &#8220;1st Big Red One&#8221;, consta de guerrera corta con cord\u00f3n, corbata, camisa, pantal\u00f3n y gorro cuartelero o de barco. Todo ello perteneciente al mismo soldado, en excelente estado de conservaci\u00f3n y del a\u00f1o 1944, sin el m\u00e1s m\u00ednimo agujero o descosido.\u00a0La guerrera tiene dos bolsillos en el frontal con solapa y botones, y dos bolsillos interiores sin botones, dentro del bolsillo interior izquierdo lleva etiqueta del dep\u00f3sito de ropa del ej\u00e9rcito con todos los datos, la talla y la fecha de fabricaci\u00f3n, el 8 de junio de 1944. Tambi\u00e9n tiene estampado por dos veces el nombre del propietario &#8220;Morock&#8221; sobre el forro interior en la espalda y en la parte delantera inferior. En las solapas tiene insignias redondas (pins) reglamentarias\u00a0&#8220;Insignia de la Subdivisi\u00f3n de\u00a0Servicios&#8221;, identificativos del arma de &#8220;Artiller\u00eda&#8221; y de\u00a0\u00a0&#8220;EE.UU.&#8221;.\u00a0\u00a0En el frontal izquierdo por encima del bolsillo, tiene diversas barras de medallas y huellas de haber llevado el &#8220;CIB&#8221;, la insignia met\u00e1lica identificativa de haber estado en combate. En la manga derecha, en la parte superior tiene una &#8220;A&#8221; g\u00f3tica, negra, indicativa de &#8220;1er Grupo de Ej\u00e9rcitos&#8221;, en el recuadro superior de la &#8220;A&#8221; tiene el color indicativo del arma (en este caso de artiller\u00eda), y en la parte inferior insignia con 5 barras (una por cada 6 meses de servicio en ultramar) de permanencia no necesariamente en combate. La camisa reglamentaria es de manga larga con botones, tiene en el frontal dos bolsillos con solapa recta y botones y fila de 7 botones, con doble abotonadura en el cuello, lleva hombreras con botones y tiene etiqueta de fabricante en el interior. La corbata est\u00e1 marcada con el nombre de pila e iniciales del propietario &#8220;James M. Small&#8221; y un c\u00f3digo alfanum\u00e9rico.\u00a0Los pantalones largos tienen en el interior de la cintura con forro reglamentario la talla &#8220;W38&#8221; y estampado en tinta el c\u00f3digo alfanum\u00e9rico\u00a0&#8220;L0798&#8221;, que coincide con el c\u00f3digo alfanum\u00e9rico que tiene estampado\u00a0el gorro cuartelero.\u00a0<\/span><\/p>\n","protected":false},"excerpt":{"rendered":"<p align=\"justify\"><strong><span style=\"font-family: Verdana;font-size: 9pt\">ANTECEDENTES: <\/span><\/strong><span style=\"font-family: Verdana;font-size: 9pt\">La 1\u00aa Divisi\u00f3n de Infanter\u00eda (en ingl\u00e9s: 1st Infantry Division) es la divisi\u00f3n m\u00e1s antigua del US Army prestando servicio desde su creaci\u00f3n en 1917. Su apodo es The Big Red One, debido a su insignia, consistente en un n\u00famero 1 en color rojo de gran tama\u00f1o. Fue activada por primera vez como Divisi\u00f3n el 24 de mayo de 1917 con motivo de la Primera Guerra Mundial, siendo la primera unidad estadounidense en combatir en Francia cuando, el 21 de octubre de 1917, los 14.500 hombres de la 1\u00aa divisi\u00f3n fueron emplazados en un sector concreto del frente, en las cercan\u00edas de Toul. Comenz\u00f3 la Segunda Guerra Mundial con su participaci\u00f3n en la Operaci\u00f3n Torch, el desembarco en el norte de \u00c1frica, desembarcando junto a Or\u00e1n. Posteriormente se enfrent\u00f3 al Afrika Korps de Erwin Rommel, para luego tomar parte en la Operaci\u00f3n Husky, el desembarco aliado en Sicilia. Durante el desembarco en Normand\u00eda (Operaci\u00f3n Overlord), el 6 de junio de 1944, desembarca en Omaha Beach, junto a la 29\u00aa Divisi\u00f3n de Infanter\u00eda, sufriendo ambas unidades un elevado n\u00famero de bajas. Finaliza su participaci\u00f3n en la Segunda Guerra Mundial en Alemania, cerca de la frontera con Checoslovaquia en 1945. La Divisi\u00f3n sufri\u00f3 a lo largo de toda su participaci\u00f3n en el conflicto unas bajas de 21.023 hombres (esta cifra seguramente incluye tanto heridos como prisioneros) de los 43.743 soldados que hab\u00edan servido en la misma a lo largo de la guerra. Los miembros de la Divisi\u00f3n recibieron 20.752 medallas, de las que 16 eran Medallas de Honor del Congreso. <span style=\"color: #ff0000\">Durante la Segunda Guerra Mundial, dentro del Orden de Batalla estaba 1\u00aa Divisi\u00f3n de Infanter\u00eda Grupo de Artiller\u00eda.<\/span><\/span><\/p>\n<p align=\"justify\"><strong><span style=\"font-family: Verdana;font-size: 9pt\">DESCRIPCION:<\/span><\/strong><span style=\"font-family: Verdana;font-size: 9pt\"> Uniforme completo\u00a0perteneciente a un\u00a0soldado del Grupo de Artiller\u00eda de la 1\u00aa Divisi\u00f3n de Infanter\u00eda\u00a0<span style=\"color: #ff0000\">&#8220;1 Rojo&#8221; <\/span>o <span style=\"color: #ff0000\">&#8220;1st Big Red One&#8221;<\/span>, consta de guerrera corta con cord\u00f3n, corbata, camisa, pantal\u00f3n y gorro cuartelero o de barco. Todo ello perteneciente al mismo\u00a0soldado, en excelente estado de conservaci\u00f3n y del a\u00f1o 1944, sin\u00a0el m\u00e1s m\u00ednimo agujero o descosido.<\/span><\/p>\n<p align=\"justify\"><span style=\"font-family: Verdana;font-size: 9pt\">La guerrera tiene dos bolsillos en el frontal con solapa y botones, y dos bolsillos interiores sin botones, dentro del bolsillo interior izquierdo lleva etiqueta del dep\u00f3sito de ropa del ej\u00e9rcito con todos los datos, la talla y la fecha de fabricaci\u00f3n, <span style=\"color: #ff0000\">el 8 de junio de 1944<\/span>. Tambi\u00e9n tiene estampado por dos veces el nombre del propietario <span style=\"color: #ff0000\">&#8220;Morock&#8221;<\/span> sobre el forro interior en la espalda y en la parte delantera inferior. En las solapas tiene insignias redondas (pins) reglamentarias\u00a0&#8220;Insignia de la Subdivisi\u00f3n de\u00a0Servicios&#8221;, identificativos del arma de <span style=\"color: #ff0000\">&#8220;Artiller\u00eda&#8221;<\/span> y de\u00a0\u00a0<span style=\"color: #ff0000\">&#8220;EE.UU.&#8221;<\/span>.\u00a0\u00a0En el frontal izquierdo por encima del bolsillo, tiene diversas barras de medallas y huellas de haber llevado el &#8220;CIB&#8221;, la insignia met\u00e1lica identificativa de haber estado en combate. En la manga derecha, en la parte superior tiene una <span style=\"color: #ff0000\">&#8220;A&#8221;<\/span> g\u00f3tica, negra, indicativa de <span style=\"color: #ff0000\">&#8220;1er Grupo de Ej\u00e9rcitos&#8221;,<\/span> en el recuadro superior de la &#8220;A&#8221; tiene el color indicativo del arma (en este caso de artiller\u00eda), y en la parte inferior insignia con 5 barras (una por cada 6 meses de servicio en ultramar) de permanencia no necesariamente en combate. La camisa reglamentaria es de manga larga con botones, tiene en el frontal dos bolsillos con solapa recta y botones y fila de 7 botones, con doble abotonadura en el cuello, lleva hombreras con botones y tiene etiqueta de fabricante en el interior. La corbata est\u00e1 marcada con el nombre de pila e iniciales del propietario <span style=\"color: #ff0000\">&#8220;James M. Small&#8221;<\/span> y un c\u00f3digo alfanum\u00e9rico.\u00a0Los pantalones largos tienen en el interior de la cintura con forro reglamentario la talla <span style=\"color: #ff0000\">&#8220;W38&#8221;<\/span> y estampado en tinta el c\u00f3digo alfanum\u00e9rico\u00a0<span style=\"color: #ff0000\">&#8220;L0798&#8221;<\/span>, que coincide con el c\u00f3digo alfanum\u00e9rico que tiene estampado\u00a0el gorro cuartelero.\u00a0<\/span><\/p>\n","protected":false},"featured_media":8185,"template":"","meta":[],"product_brand":[],"product_cat":[224],"product_tag":[],"class_list":{"0":"post-8184","1":"product","2":"type-product","3":"status-publish","4":"has-post-thumbnail","6":"product_cat-archivo-vendidos","7":"sales-flash-overlay","8":"woocommerce-text-align-center","9":"woocommerce-image-align-center","10":"do-quantity-buttons","12":"first","13":"outofstock","14":"purchasable","15":"product-type-simple"},"_links":{"self":[{"href":"https:\/\/original-militaria.com\/en\/wp-json\/wp\/v2\/product\/8184","targetHints":{"allow":["GET"]}}],"collection":[{"href":"https:\/\/original-militaria.com\/en\/wp-json\/wp\/v2\/product"}],"about":[{"href":"https:\/\/original-militaria.com\/en\/wp-json\/wp\/v2\/types\/product"}],"wp:featuredmedia":[{"embeddable":true,"href":"https:\/\/original-militaria.com\/en\/wp-json\/wp\/v2\/media\/8185"}],"wp:attachment":[{"href":"https:\/\/original-militaria.com\/en\/wp-json\/wp\/v2\/media?parent=8184"}],"wp:term":[{"taxonomy":"product_brand","embeddable":true,"href":"https:\/\/original-militaria.com\/en\/wp-json\/wp\/v2\/product_brand?post=8184"},{"taxonomy":"product_cat","embeddable":true,"href":"https:\/\/original-militaria.com\/en\/wp-json\/wp\/v2\/product_cat?post=8184"},{"taxonomy":"product_tag","embeddable":true,"href":"https:\/\/original-militaria.com\/en\/wp-json\/wp\/v2\/product_tag?post=8184"}],"curies":[{"name":"wp","href":"https:\/\/api.w.org\/{rel}","templated":true}]}}