{"id":8145,"date":"2017-09-05T11:42:36","date_gmt":"2017-09-05T11:42:36","guid":{"rendered":"https:\/\/original-militaria.com\/?post_type=product&#038;p=8145"},"modified":"2022-01-31T19:06:43","modified_gmt":"2022-01-31T18:06:43","slug":"subametralladora-mp-40-2","status":"publish","type":"product","link":"https:\/\/original-militaria.com\/en\/producto\/subametralladora-mp-40-2\/","title":{"rendered":"MP40 &#8220;fxo&#8221;, 1941&#8212;Subametralladora MP-40 &#8220;fxo&#8221;, 1941"},"content":{"rendered":"<p style=\"text-align: justify\" align=\"justify\"><span style=\"font-family: verdana, geneva, sans-serif;font-size: 12pt\"><span style=\"font-family: Verdana\"> (Unt\u00e4tig Maschinenpistole 40). Excelente\u00a0MP40, producida en el a\u00f1o <\/span>1941<span style=\"font-family: Verdana\">, mantiene en un 95% su\u00a0color azulado a excepci\u00f3n de\u00a0peque\u00f1as manchas de desgaste\u00a0en la base de metal y ligeras manchas superficiales en el lado derecho del armaz\u00f3n, fabricada en acero, con culata plegable y\u00a0cargador de 32 cartuchos.\u00a0\u00a0El arma est\u00e1 profusamente marcada con\u00a0un sello num\u00e9rico y numerosos Waffenampt, as\u00ed como la designaci\u00f3n en abreviatura <\/span>&#8220;MP40&#8221;<span style=\"font-family: Verdana\">, y los fabricantes, <\/span>&#8220;fxo&#8221;<span style=\"font-family: Verdana\">, que indica por la fabricaci\u00f3n, &#8220;<\/span>Bernhard Bruns, Bad Zwischenahn in Oldenburg&#8221;. <span style=\"color: #000000;font-family: Verdana\">El arma se encuentra en muy buen estado general. El arma est\u00e1 inutilizada de tal forma que no es visible, hace clic, monta y dispara. La inutilizaci\u00f3n es irreversible. Se necesita DNI.<\/span><\/span><\/p>\n","protected":false},"excerpt":{"rendered":"<p align=\"justify\"><strong><span style=\"font-family: Verdana;font-size: 9pt\">ANTECEDENTES:<\/span><\/strong><span style=\"font-family: Verdana;font-size: 9pt\">\u00a0La Maschinenpistole MP-40 introducida en 1938, en una \u00e9poca cuando el resto de las subametralladoras en el mundo era innecesariamente pesadas y costosas, la nueva MP-38 &#8220;Maschinenpistole&#8221; de la firma Erfurter Maschinenfabrik (Erma) revoluciono la idea de lo que una subametralladora deber\u00eda ser. La MP-38 y su compa\u00f1era la MP-40 permitieron establecer una producci\u00f3n en cadena, convirti\u00e9ndose en un arma muy efectiva para el combate cercano. Estuvo presente desde la Invasi\u00f3n de Polonia en Septiembre de 1939 hasta los d\u00edas finales del Tercer Reich en 1945. Aunque la MP-18 de Hugo Schmeisser llego muy tarde para influir en el desarrollo de la Primera Guerra Mundial; despu\u00e9s de ellas se presentaron gran cantidad de guerras civiles en las cuales se empleo masivamente la nueva arma; las f\u00e1bricas alemanas produjeron por esta \u00e9poca la Haenel MP-28, la Bergmann MP-34 y MP-35. En 1927 Heinrich Vollmer, un dise\u00f1ador de armas de Erma desarrollo una nueva arma con tres secciones ensambladas una dentro de otra, permitiendo ello una mayor confiabilidad, menos emisi\u00f3n de humo y facilidades en el desarmado para una limpieza m\u00e1s frecuente. El MP40\u00a0fue un subfusil autom\u00e1tico usado de manera extensa por las tropas alemanas\u00a0 (generalmente por oficiales y paracaidistas) durante la\u00a0Segunda Guerra Mundial. Arma excelente para el combate a corta distancia (zonas urbanas, bosques, etc.), era, sin embargo, poco efectiva en combate en terrenos abiertos por su escaso alcance. A comienzos de 1938, el directivo de Erma, Berthold Giepel fue citado a Berl\u00edn con el objetivo de pedirle apresurar el plan de desarrollo de una pistola ametralladora de asalto reservada a las fuerzas mecanizadas y los paracaidistas. La MP-40 apareci\u00f3 como una reducci\u00f3n de la MP-38, al simplificar el piezas elaboradas a maquina, por piezas estampadas, lo cual aligeraba su producci\u00f3n en masa y comprim\u00eda los costos, el nombre surgi\u00f3 como una contracci\u00f3n de Maschinenpistole del a\u00f1o 1940, tiempo en el que se introdujo.<\/span><\/p>\n<p align=\"justify\"><strong><span style=\"font-family: Verdana;font-size: 9pt\">DESCRIPCI\u00d3N:<\/span><\/strong><span style=\"font-family: Verdana;font-size: 9pt\"> (Unt\u00e4tig Maschinenpistole 40). Excelente\u00a0MP40, producida en el a\u00f1o <span style=\"color: red\">1941<\/span>, mantiene en un 95% su\u00a0color azulado a excepci\u00f3n de\u00a0peque\u00f1as manchas de desgaste\u00a0en la base de metal y ligeras manchas superficiales en el lado derecho del armaz\u00f3n, fabricada en acero, con culata plegable y\u00a0cargador de 32 cartuchos.\u00a0\u00a0El arma est\u00e1 profusamente marcada con\u00a0un sello num\u00e9rico y numerosos Waffenampt, as\u00ed como la designaci\u00f3n en abreviatura <span style=\"color: red\">&#8220;MP40&#8221;<\/span>, y los fabricantes, <span style=\"color: red\">&#8220;fxo&#8221;<\/span>, que indica por la fabricaci\u00f3n, &#8220;<span style=\"color: red\">Bernhard Bruns, Bad Zwischenahn in Oldenburg&#8221;. <\/span><span style=\"color: black\">El arma se encuentra en muy buen estado general. El arma est\u00e1 inutilizada de tal forma que no es visible, hace clic,\u00a0monta y dispara.\u00a0La inutilizaci\u00f3n es irreversible. <span style=\"color: #ff0000\">Con su correspondiente certficado de inutilizaci\u00f3n<\/span>.\u00a0 <span style=\"color: #ff0000\"><strong>Es necesario DNI<\/strong><\/span>.<\/span><\/span><\/p>\n<p><span style=\"color: #ff0000\"><span style=\"font-family: Verdana;font-size: 9pt\"><strong><span style=\"font-family: Verdana;color: #666666\">Maschinenpistole MP-40 <\/span><\/strong><\/span><\/span><\/p>\n<table class=\"MsoNormalTable\" style=\"width: 100%\" border=\"0\" width=\"100%\" cellspacing=\"0\" cellpadding=\"0\">\n<tbody>\n<tr>\n<td style=\"width: 72%;padding: 3.75pt\" width=\"72%\">\n<p class=\"MsoNormal\"><strong><u><span style=\"font-family: Verdana;color: #666666;font-size: 7.5pt\"><span style=\"color: #ff0000\">Fabricante:<\/span><\/span><\/u><\/strong><span style=\"color: #ff0000\"><span style=\"font-family: Verdana;color: #666666;font-size: 7.5pt\"> Erfurter Werkezeug und Mascinenfabrik (Erma), Haenel y Steyr.<br \/>\n<strong><u><span style=\"font-family: Verdana\">Calibre:<\/span><\/u><\/strong> 9mm (Parabellum).<br \/>\n<strong><u><span style=\"font-family: Verdana\">Selector:<\/span><\/u><\/strong> autom\u00e1tico.<br \/>\n<strong><u><span style=\"font-family: Verdana\">Alimentador:<\/span><\/u><\/strong> 32 proyectiles.<br \/>\n<strong><u><span style=\"font-family: Verdana\">Peso:<\/span><\/u><\/strong> 4.03kg vac\u00eda\/4.70kg cargada.<br \/>\n<strong><u><span style=\"font-family: Verdana\">Longitud:<\/span><\/u><\/strong> 833mm.<br \/>\n<strong><u><span style=\"font-family: Verdana\">Rec\u00e1mara:<\/span><\/u><\/strong> 25 \u00f3 32 Cartuchos.<br \/>\n<strong><u><span style=\"font-family: Verdana\">Velocidad de disparo:<\/span><\/u><\/strong> 450 a 550 proyectiles por minuto.<br \/>\n<strong><u><span style=\"font-family: Verdana\">Velocidad inicial:<\/span><\/u><\/strong> 381 m\/s.<br \/>\n<strong><u><span style=\"font-family: Verdana\">Alcance efectivo:<\/span><\/u><\/strong> 200m.<\/span><\/span><\/p>\n<\/td>\n<\/tr>\n<\/tbody>\n<\/table>\n","protected":false},"featured_media":8146,"template":"","meta":[],"product_brand":[],"product_cat":[224],"product_tag":[],"class_list":{"0":"post-8145","1":"product","2":"type-product","3":"status-publish","4":"has-post-thumbnail","6":"product_cat-archivo-vendidos","7":"sales-flash-overlay","8":"woocommerce-text-align-center","9":"woocommerce-image-align-center","10":"do-quantity-buttons","12":"first","13":"outofstock","14":"purchasable","15":"product-type-simple"},"_links":{"self":[{"href":"https:\/\/original-militaria.com\/en\/wp-json\/wp\/v2\/product\/8145","targetHints":{"allow":["GET"]}}],"collection":[{"href":"https:\/\/original-militaria.com\/en\/wp-json\/wp\/v2\/product"}],"about":[{"href":"https:\/\/original-militaria.com\/en\/wp-json\/wp\/v2\/types\/product"}],"wp:featuredmedia":[{"embeddable":true,"href":"https:\/\/original-militaria.com\/en\/wp-json\/wp\/v2\/media\/8146"}],"wp:attachment":[{"href":"https:\/\/original-militaria.com\/en\/wp-json\/wp\/v2\/media?parent=8145"}],"wp:term":[{"taxonomy":"product_brand","embeddable":true,"href":"https:\/\/original-militaria.com\/en\/wp-json\/wp\/v2\/product_brand?post=8145"},{"taxonomy":"product_cat","embeddable":true,"href":"https:\/\/original-militaria.com\/en\/wp-json\/wp\/v2\/product_cat?post=8145"},{"taxonomy":"product_tag","embeddable":true,"href":"https:\/\/original-militaria.com\/en\/wp-json\/wp\/v2\/product_tag?post=8145"}],"curies":[{"name":"wp","href":"https:\/\/api.w.org\/{rel}","templated":true}]}}