{"id":7962,"date":"2017-09-05T11:41:45","date_gmt":"2017-09-05T11:41:45","guid":{"rendered":"https:\/\/original-militaria.com\/?post_type=product&#038;p=7962"},"modified":"2023-01-03T22:04:56","modified_gmt":"2023-01-03T21:04:56","slug":"pistola-espanola-de-juan-belen-arcabucero-real-circa-1683","status":"publish","type":"product","link":"https:\/\/original-militaria.com\/en\/producto\/pistola-espanola-de-juan-belen-arcabucero-real-circa-1683\/","title":{"rendered":"Spanish Pistol of &#8220;Juan Bel\u00e9n&#8221; Royal Arquebusier circa 1683&#8212;Pistola Espa\u00f1ola de &#8220;Juan Bel\u00e9n&#8221; Arcabucero Real circa 1683"},"content":{"rendered":"<p style=\"text-align: justify;\" align=\"justify\"><span style=\"font-size: 12pt; font-family: verdana, geneva, sans-serif;\"><strong>ANTECEDENTES:<\/strong> Juan Bel\u00e9n. Disc\u00edpulo de Gaspar Fern\u00e1ndez, trabaj\u00f3 en Madrid con taller propio desde 1660. Con anterioridad a1679, le hicieron armero de D. Juan Jos\u00e9 de Austria, hijo natural de Felipe IV. Su nombre aparece en una valoraci\u00f3n de armas de su maestro en 1680. Seg\u00fan Isidro Soler, Bel\u00e9n fue nombrado arcabucero real de Carlos II en 1680 y muri\u00f3 en 1691. Fue el maestro de Nicol\u00e1s Bis, Alonso Mart\u00ednez y Luis Santos. <\/span><\/p>\n<p style=\"text-align: justify;\" align=\"justify\"><span style=\"font-family: verdana, geneva, sans-serif; font-size: 12pt;\"><strong>DESCRIPCION:<\/strong> Extraordinaria pistola espa\u00f1ola de pedernal de Juan Bel\u00e9n armero de D. Juan Jos\u00e9 de Austria y arcabucero real de Carlos II, circa 1683, tiene ca\u00f1\u00f3n ochavado en su primera cuarta y despu\u00e9s cil\u00edndrico, caja entera de nogal con baquetero y con baqueta de madera.\u00a0Guarniciones de plata (sin limpiar), lleva mascar\u00f3n en el pomo de la empu\u00f1adura y en la contra pletina ricamente trabajada. La pletina ornamentada con refinada llave a la francesa tiene la firma de &#8220;Bellen en Madrid&#8221;. En el ca\u00f1\u00f3n punzones de &#8220;Juan Bel\u00e9n&#8221; en oro. Juan Bel\u00e9n est\u00e1 muy\u00a0documentado, tanto en obras nacionales como extranjeras &#8220;Neal y\u00a0Lavin&#8221; principalmente. Un magnifica pistola de uno de los mejores armeros y arcabuceros espa\u00f1oles del siglo XVII y maestro de maestros.<br \/>\n<\/span><\/p>\n<p style=\"text-align: justify;\" align=\"justify\"><span style=\"font-size: 12pt; font-family: verdana, geneva, sans-serif;\">Longitud total\u00a0 \u00a0 \u00a0 \u00a0 \u00a0 \u00a0 500 mm <\/span><\/p>\n<p style=\"text-align: justify;\"><span style=\"font-family: verdana, geneva, sans-serif; font-size: 12pt;\">Longitud del ca\u00f1\u00f3n\u00a0\u00a0\u00a0\u00a0 330 mm\u00a0 <\/span><\/p>\n<p style=\"text-align: justify;\" align=\"justify\"><span style=\"font-family: verdana, geneva, sans-serif; font-size: 12pt;\"><strong>Nota.-<\/strong> Est\u00e1 inscrito en el libro de coleccionista, si no lo tiene, lo puede solicitar gratuitamente sin tener licencia en su Intervenci\u00f3n de armas de la Guardia Civil. <\/span><\/p>\n<p><span style=\"font-family: verdana, geneva, sans-serif; font-size: 12pt;\"><strong>AVISO:<\/strong> Revisa la normativa espa\u00f1ola para la tenencia de armas antes de realizar la compra<\/span><br \/>\n<span style=\"font-family: verdana, geneva, sans-serif;\"> <small><a title=\"Normativa espa\u00f1ola para la tenencia de armas. Guardia Civil.\" href=\"http:\/\/www.guardiacivil.es\/es\/servicios\/armasyexplosivo\/index.html\" target=\"_blank\" rel=\"noopener noreferrer nofollow\"> Guardia Civil (Intervenci\u00f3n de Armas Virtual)<\/a><\/small><\/span><\/p>\n","protected":false},"excerpt":{"rendered":"<p align=\"justify\"><span style=\"font-size: 9pt; font-family: Verdana;\"><span style=\"font-size: medium;\"><strong>ANTECEDENTES:<\/strong> Juan Bel\u00e9n. Disc\u00edpulo de Gaspar Fern\u00e1ndez, trabaj\u00f3 en Madrid con taller propio desde 1660. Con anterioridad a1679, le hicieron armero de D. Juan Jos\u00e9 de Austria, hijo natural de Felipe IV. Su nombre aparece en una valoraci\u00f3n de armas de su maestro en 1680. Seg\u00fan Isidro Soler, Bel\u00e9n fue nombrado arcabucero real de Carlos II en 1680 y muri\u00f3 en 1691. <span style=\"color: #ff0000;\">Fue el maestro de Nicol\u00e1s Bis, Alonso Mart\u00ednez y Luis Santos<\/span>. <\/span><\/span><\/p>\n<p align=\"justify\"><strong><span style=\"font-size: 9pt; font-family: Verdana;\"><span style=\"font-size: medium;\">DESCRIPCION:<\/span><\/span><\/strong><span style=\"font-size: 9pt; font-family: Verdana;\"><span style=\"font-size: medium;\"> Extraordinaria pistola espa\u00f1ola de pedernal de <span style=\"color: red;\">Juan Bel\u00e9n armero de D. Juan Jos\u00e9 de Austria y arcabucero real de Carlos II, circa 1683<\/span>, tiene ca\u00f1\u00f3n ochavado en su primera cuarta y despu\u00e9s cil\u00edndrico, caja entera de nogal con baquetero y con baqueta de madera.\u00a0Guarniciones de plata (sin limpiar), lleva mascar\u00f3n en el pomo de la empu\u00f1adura y en la contra pletina ricamente trabajada. La pletina ornamentada con refinada llave a la francesa tiene la firma de <span style=\"color: red;\">&#8220;Bellen en Madrid&#8221;<\/span>. En el ca\u00f1\u00f3n punzones de <span style=\"color: red;\">&#8220;Juan Bel\u00e9n&#8221;<\/span> en oro. Juan Bel\u00e9n est\u00e1 muy\u00a0documentado, tanto en obras nacionales como extranjeras <span style=\"color: red;\">&#8220;Neal y\u00a0Lavin&#8221;<\/span> principalmente. Un magnifica pistola de uno de los mejores armeros y arcabuceros espa\u00f1oles del siglo XVII y maestro de maestros.<br \/>\n<\/span><\/span><\/p>\n<p align=\"justify\"><span style=\"font-size: 9pt; font-family: Verdana;\"><span style=\"font-size: medium;\">Longitud total 500 mm <\/span><\/span><\/p>\n<p>Longitud del ca\u00f1\u00f3n\u00a0\u00a0\u00a0\u00a0 330 mm<span style=\"font-size: 9pt; font-family: Verdana;\"><span style=\"font-size: medium;\">\u00a0 <\/span><\/span><\/p>\n<p align=\"justify\"><strong><span style=\"font-family: Verdana;\"><span style=\"color: #ff0000; font-size: medium;\">Nota.-<\/span><\/span><\/strong><span style=\"font-size: medium;\"><span style=\"font-family: Verdana;\"> Est\u00e1 inscrito en el libro de coleccionista, si no lo tiene, lo puede solicitar gratuitamente sin tener licencia en su Intervenci\u00f3n de armas de la Guardia Civil. <\/span><\/span><\/p>\n<p><strong><span style=\"font-family: Verdana;\"><span style=\"color: #ff0000;\">Nota 2.-<\/span><\/span><\/strong> Seg\u00fan el <strong><span style=\"font-family: Verdana;\">Art. 107<\/span><\/strong>,\u00a0<strong><span style=\"font-family: Verdana;\">Cap\u00edtulo V<\/span><\/strong>, <strong><span style=\"font-family: Verdana;\">Secci\u00f3n I<\/span><\/strong>, <strong><span style=\"font-family: Verdana;\">p\u00e1rrafo E<\/span><\/strong>, del Reglamento de Armas, tambi\u00e9n se puede comprar <strong><span style=\"font-family: Verdana;\">sin tener libro de coleccionista<\/span><\/strong> ateni\u00e9ndose a la siguiente disposici\u00f3n:<\/p>\n<p>No obstante lo dispuesto en otros preceptos de este Reglamento, se considerar\u00e1 autorizada la posesi\u00f3n en el propio domicilio, sin los requisitos determinados en ellos, de <strong><span style=\"font-family: Verdana;\">un arma de fuego corta o larga<\/span><\/strong> de las no prohibidas a particulares, <strong><span style=\"font-family: Verdana;\">acreditando su especial valor hist\u00f3rico o art\u00edstico<\/span><\/strong>, o de <strong><span style=\"font-family: Verdana;\">dos armas de avancarga<\/span><\/strong>, documentadas con las correspondientes gu\u00edas de pertenencia, <strong><span style=\"font-family: Verdana;\">previa aportaci\u00f3n del informe de aptitud regulado en el art\u00edculo 98<\/span><\/strong>, adoptando las medidas de seguridad necesarias para su custodia y no pudiendo utilizarlas ni enajenarlas, salvo dando cumplimiento a lo dispuesto al respecto en los preceptos espec\u00edficos de este Reglamento. La infracci\u00f3n de lo dispuesto en este apartado tendr\u00e1 la consideraci\u00f3n de grave y llevar\u00e1 aparejada en todo caso la retirada definitiva de las armas de que se trate.<\/p>\n","protected":false},"featured_media":7963,"template":"","meta":[],"product_brand":[],"product_cat":[224],"product_tag":[],"class_list":{"0":"post-7962","1":"product","2":"type-product","3":"status-publish","4":"has-post-thumbnail","6":"product_cat-archivo-vendidos","7":"sales-flash-overlay","8":"woocommerce-text-align-center","9":"woocommerce-image-align-center","10":"do-quantity-buttons","12":"first","13":"outofstock","14":"product-type-simple"},"_links":{"self":[{"href":"https:\/\/original-militaria.com\/en\/wp-json\/wp\/v2\/product\/7962","targetHints":{"allow":["GET"]}}],"collection":[{"href":"https:\/\/original-militaria.com\/en\/wp-json\/wp\/v2\/product"}],"about":[{"href":"https:\/\/original-militaria.com\/en\/wp-json\/wp\/v2\/types\/product"}],"wp:featuredmedia":[{"embeddable":true,"href":"https:\/\/original-militaria.com\/en\/wp-json\/wp\/v2\/media\/7963"}],"wp:attachment":[{"href":"https:\/\/original-militaria.com\/en\/wp-json\/wp\/v2\/media?parent=7962"}],"wp:term":[{"taxonomy":"product_brand","embeddable":true,"href":"https:\/\/original-militaria.com\/en\/wp-json\/wp\/v2\/product_brand?post=7962"},{"taxonomy":"product_cat","embeddable":true,"href":"https:\/\/original-militaria.com\/en\/wp-json\/wp\/v2\/product_cat?post=7962"},{"taxonomy":"product_tag","embeddable":true,"href":"https:\/\/original-militaria.com\/en\/wp-json\/wp\/v2\/product_tag?post=7962"}],"curies":[{"name":"wp","href":"https:\/\/api.w.org\/{rel}","templated":true}]}}