{"id":7958,"date":"2017-09-05T11:41:45","date_gmt":"2017-09-05T11:41:45","guid":{"rendered":"https:\/\/original-militaria.com\/?post_type=product&#038;p=7958"},"modified":"2022-01-31T19:06:34","modified_gmt":"2022-01-31T18:06:34","slug":"uniforme-tropical-m41-artilleria-de-costa","status":"publish","type":"product","link":"https:\/\/original-militaria.com\/en\/producto\/uniforme-tropical-m41-artilleria-de-costa\/","title":{"rendered":"Kriegsmarine\/ Obergefreiter Tropical M41 Coastal Artillery Field Blouse&#8212;KM\/ Uniforme Tropical M41 de Cabo Primero de Artiller\u00eda de Costa"},"content":{"rendered":"<p class=\"MsoNormal\" style=\"text-align: justify\" align=\"justify\"><span style=\"font-family: verdana, geneva, sans-serif;font-size: 12pt\"><strong>ANTECEDENTES:<\/strong> Los uniformes y prendas de cabeza de la Marina de Guerra alemana se basan en los dise\u00f1os tradicionales que se remontan a la creaci\u00f3n de la Marina de Prusia en 1848, y aunque los uniformes y sombrerer\u00eda evoluciono\u00a0durante el a\u00f1o, muchos de los art\u00edculos utilizados durante el Tercer Reich eran reconocibles como prendas de la armada Imperial alemana. La marina de guerra alemana tambi\u00e9n tiene una larga tradici\u00f3n de uso de los colores\u00a0marr\u00f3n y blanco en las prendas tropicales que se usaban\u00a0en climas c\u00e1lidos. La tradici\u00f3n fue continuada a trav\u00e9s de la era de Weimar y en 1929 se present\u00f3 la nueva Reichsmarine que tambi\u00e9n los utilizaba. En 1937 la Kriegsmarine introdujo un\u00a0nuevo estilo de uniformes tropicales respetando los antiguos colores tropicales con parches en el cuello. Con la inminente entrada en la campa\u00f1a del norte de \u00c1frica a finales de 1940 la Kriegsmarine desarrollo un nuevo uniforme tropical de color\u00a0marr\u00f3n,\u00a0independientemente de Heer y la Luftwaffe, pero mantuvo el modelo de color blanco\u00a0de 1937. En 1940 se incluye con el uniforme\u00a0tropical color marr\u00f3n las camisas. Los uniformes tropicales se clasificaron como Sonderbekleidungsst\u00fccke y s\u00f3lo se expide a personal que presta servicios en los climas tropicales.\u00a0Los oficiales de rango superior y suboficiales fueron responsables\u00a0de la compra de sus propios uniformes y sombrerer\u00eda, y como resultado se les asigno un subsidio para prendas de vestir a trav\u00e9s de la OKK, Offizier Kleiderkasse der Kriegsmarine. Aunque se uso los uniformes y gorras facilitados por el gobierno,\u00a0tambi\u00e9n se les permiti\u00f3 comprar art\u00edculos\u00a0de forma\u00a0privada aunque el precio llegara a ser muy alto. Aunque tambi\u00e9n pod\u00edan\u00a0optar por comprar directamente sus uniformes en los dep\u00f3sitos de ropa. <\/span><\/p>\n<p style=\"text-align: justify\"><span style=\"font-family: verdana, geneva, sans-serif;font-size: 12pt\"><strong>DESCRIPCI\u00d3N:<\/strong> Uniforme tropical para cabo primero de la artiller\u00eda de costa, (Tropenfeldbluse f\u00far einen Obergefreiter der K\u00fcstenartillerie),\u00a0<\/span><span style=\"font-family: verdana, geneva, sans-serif;font-size: 12pt\">modelo de 1941, de algod\u00f3n ligero y\u00a0acanalado, en el frontal cuenta con\u00a0cinco botones color verde oliva con el ancla de artiller\u00eda de costa en relieve, marcados en el interior, al igual que el resto de botones y desmontables, garantizados por el tipo de cierre de acero en forma de &#8220;S&#8221; con un cierre frontal hasta el cuello. Cuenta con\u00a0cuatro bolsillos de fuelle, todos\u00a0con solapa. En el lado derecho, encima del bolsillo tiene un \u00e1guila nacional amarilla tejida a m\u00e1quina sobre base\u00a0marr\u00f3n. En el bolsillo izquierdo tiene lazos para EK1, y dos distintivos (posiblemente uno de ellos de herido). En la manga tiene cosidos el gal\u00f3n de obergefreiter y puesto un distintivo de la campa\u00f1a de Crimea, las\u00a0mangas rectas simulan en los pu\u00f1os\u00a0boca-\u00a0manga francesa. Tiene las hombreras tropicales marcadas con manufactura y con magn\u00edficos pins\u00a0met\u00e1licos dorados identificativos de artiller\u00eda de costa. En el interior de la guerrera tiene un bolsillo y junto a este el nombre y n\u00famero, tiene un forro central de ligero algod\u00f3n color marfil, corto, de forma vertical para la\u00a0ventilaci\u00f3n. Los paneles\u00a0laterales de la cintura tienen ojales para los ganchos de apoyo para el cintur\u00f3n. Debajo del pliegue interior de la solapa tiene la talla una 102, y el a\u00f1o &#8220;1942&#8221;, y escrito en tinta negra de forma lateral la manufactura del fabricante. Excelente ejemplo de uniforme de un cabo primero de artiller\u00eda de costa y en talla aproximada espa\u00f1ola &#8220;52&#8221;.<\/span><\/p>\n","protected":false},"excerpt":{"rendered":"<p class=\"MsoNormal\" align=\"justify\"><strong><span style=\"font-family: Verdana;font-size: 9pt\">ANTECEDENTES:<\/span><\/strong><span style=\"font-family: Verdana;font-size: 9pt\"> Los uniformes y prendas de cabeza de la Marina de Guerra alemana se basan en los dise\u00f1os tradicionales que se remontan a la creaci\u00f3n de la Marina de Prusia en 1848, y aunque los uniformes y sombrerer\u00eda evoluciono\u00a0durante el a\u00f1o, muchos de los art\u00edculos utilizados durante el Tercer Reich eran reconocibles como prendas de la armada Imperial alemana. La marina de guerra alemana tambi\u00e9n tiene una larga tradici\u00f3n de uso de los colores\u00a0marr\u00f3n y blanco en las prendas tropicales que se usaban\u00a0en climas c\u00e1lidos. La tradici\u00f3n fue continuada a trav\u00e9s de la era de Weimar y en 1929 se present\u00f3 la nueva Reichsmarine que tambi\u00e9n los utilizaba. En 1937 la Kriegsmarine introdujo un\u00a0nuevo estilo de uniformes tropicales respetando los antiguos colores tropicales con parches en el cuello. Con la inminente entrada en la campa\u00f1a del norte de \u00c1frica a finales de 1940 la Kriegsmarine desarrollo un nuevo uniforme tropical de color\u00a0marr\u00f3n,\u00a0independientemente de Heer y la Luftwaffe, pero mantuvo el modelo de color blanco\u00a0de 1937. En 1940 se incluye con el uniforme\u00a0tropical color marr\u00f3n las camisas. Los uniformes tropicales se clasificaron como Sonderbekleidungsst\u00fccke y s\u00f3lo se expide a personal que presta servicios en los climas tropicales.\u00a0Los oficiales de rango superior y suboficiales fueron responsables\u00a0de la compra de sus propios uniformes y sombrerer\u00eda, y como resultado se les asigno un subsidio para prendas de vestir a trav\u00e9s de la OKK, Offizier Kleiderkasse der Kriegsmarine. Aunque se uso los uniformes y gorras facilitados por el gobierno,\u00a0tambi\u00e9n se les permiti\u00f3 comprar art\u00edculos\u00a0de forma\u00a0privada aunque el precio llegara a ser muy alto. Aunque tambi\u00e9n pod\u00edan\u00a0optar por comprar directamente sus uniformes en los dep\u00f3sitos de ropa. <\/span><\/p>\n<p><strong><span style=\"font-family: Verdana\">DESCRIPCI\u00d3N:<\/span><\/strong> Uniforme tropical <span style=\"font-family: Verdana;font-size: 10pt\">(Tropen Feldbluse) <\/span><span style=\"font-family: Verdana;font-size: 9pt\">de un Obergefreiter (Cabo primero) de la artiller\u00eda de costa, modelo de 1941, de algod\u00f3n ligero y\u00a0acanalado, en el frontal cuenta con\u00a0cinco botones color verde oliva con el ancla de artiller\u00eda de costa en relieve, marcados en el interior, al igual que el resto de botones y desmontables, garantizados por el tipo de cierre de acero en forma de &#8220;S&#8221; con un cierre frontal hasta el cuello. Cuenta con\u00a0cuatro bolsillos de fuelle, todos\u00a0con solapa. En el lado derecho, encima del bolsillo tiene un \u00e1guila nacional amarilla tejida a m\u00e1quina sobre base\u00a0marr\u00f3n. En el bolsillo izquierdo tiene lazos para EK1, y dos distintivos (posiblemente uno de ellos de herido). En la manga tiene cosidos el gal\u00f3n de obergefreiter y puesto un distintivo de la campa\u00f1a de Crimea, las\u00a0mangas rectas simulan en los pu\u00f1os\u00a0boca-\u00a0manga francesa. Tiene las hombreras tropicales marcadas con manufactura y con magn\u00edficos pins\u00a0met\u00e1licos dorados identificativos de artiller\u00eda de costa. En el interior de la guerrera tiene un bolsillo y junto a este el nombre y n\u00famero, tiene un forro central de ligero algod\u00f3n color marfil, corto, de forma vertical para la\u00a0ventilaci\u00f3n. Los paneles\u00a0laterales de la cintura tienen ojales para los ganchos de apoyo para el cintur\u00f3n. Debajo del pliegue interior de la solapa tiene la talla una 102, y el a\u00f1o &#8220;1942&#8221;, y escrito en tinta negra de forma lateral la manufactura del fabricante. Excelente ejemplo de uniforme de un cabo primero de artiller\u00eda de costa y en talla aproximada espa\u00f1ola &#8220;52&#8221;.<\/span><\/p>\n","protected":false},"featured_media":7959,"template":"","meta":[],"product_brand":[],"product_cat":[224],"product_tag":[],"class_list":{"0":"post-7958","1":"product","2":"type-product","3":"status-publish","4":"has-post-thumbnail","6":"product_cat-archivo-vendidos","7":"sales-flash-overlay","8":"woocommerce-text-align-center","9":"woocommerce-image-align-center","10":"do-quantity-buttons","12":"first","13":"outofstock","14":"purchasable","15":"product-type-simple"},"_links":{"self":[{"href":"https:\/\/original-militaria.com\/en\/wp-json\/wp\/v2\/product\/7958","targetHints":{"allow":["GET"]}}],"collection":[{"href":"https:\/\/original-militaria.com\/en\/wp-json\/wp\/v2\/product"}],"about":[{"href":"https:\/\/original-militaria.com\/en\/wp-json\/wp\/v2\/types\/product"}],"wp:featuredmedia":[{"embeddable":true,"href":"https:\/\/original-militaria.com\/en\/wp-json\/wp\/v2\/media\/7959"}],"wp:attachment":[{"href":"https:\/\/original-militaria.com\/en\/wp-json\/wp\/v2\/media?parent=7958"}],"wp:term":[{"taxonomy":"product_brand","embeddable":true,"href":"https:\/\/original-militaria.com\/en\/wp-json\/wp\/v2\/product_brand?post=7958"},{"taxonomy":"product_cat","embeddable":true,"href":"https:\/\/original-militaria.com\/en\/wp-json\/wp\/v2\/product_cat?post=7958"},{"taxonomy":"product_tag","embeddable":true,"href":"https:\/\/original-militaria.com\/en\/wp-json\/wp\/v2\/product_tag?post=7958"}],"curies":[{"name":"wp","href":"https:\/\/api.w.org\/{rel}","templated":true}]}}