{"id":7868,"date":"2017-09-05T11:41:19","date_gmt":"2017-09-05T11:41:19","guid":{"rendered":"https:\/\/original-militaria.com\/?post_type=product&#038;p=7868"},"modified":"2022-01-31T19:06:32","modified_gmt":"2022-01-31T18:06:32","slug":"cuchillo-de-hj-rzm-m7-85","status":"publish","type":"product","link":"https:\/\/original-militaria.com\/en\/producto\/cuchillo-de-hj-rzm-m7-85\/","title":{"rendered":"HJ Knife &#8220;RZM M7\/86&#8221;&#8212; HJ\/ Cuchillo &#8220;RZM M7\/85&#8221;"},"content":{"rendered":"<p align=\"justify\"><span style=\"font-size: medium\"><span style=\"font-family: Verdana\"><strong>ANTECEDENTES:<\/strong> Los or\u00edgenes de las Hitlerjugend, (Juventudes\u00a0Hitlerianas), se remonta\u00a0 a marzo de 1922 con la formaci\u00f3n del\u00a0NSDAP, Nationalsozialistische Deutsche Arbeiterpartei de Jugendbund, bajo control del SA, Sturmabteilung. En abril de 1924 el NSDAP de Jugendbund fue retitulado Grossdeutsche Jugendbewegung , y el 4 de julio de 1926 el Grossdeutsche Jugendbewegung oficialmente fue retitulado Hitler -Jugend Bund deutschen Arbeiterjugend, (liga de las juventudes\u00a0Hitlerianas alemanas del trabajador). El HJ Fahrtenmesser, (daga de Hitler-jugend), fue introducido a principios de 1933.\u00a0 Fue pensado originalmente para el\u00a0uso por todos los miembros de HJ.\u00a0\u00a0Lss dagas\u00a0de HJ ten\u00edan originalmente una inscripci\u00f3n en la hoja con el lema de HJ, \u201cund Ehre de Blut! \u201d, (sangre y honor),\u00a0 pero en agosto de 1938\u00a0la inscripci\u00f3n de la\u00a0hoja fue suprimida.<\/span><span style=\"font-family: Verdana\">\u00a0<\/span><\/span><\/p>\n<p align=\"justify\"><span style=\"font-size: medium\"><span style=\"font-family: Verdana\"><strong>DESCRIPCION:<\/strong>\u00a0Cuchillo\u00a0de HJ\u00a0&#8220;Hitlerjugend&#8221;\u00a0(HJ Fahrtenmesser)\u00a0en\u00a0excelente estado\u00a0general tanto la daga como su vaina, la empu\u00f1adura est\u00e1 en en impecable estado con el diamante de HJ en el centro con la esv\u00e1stica en esmalte al fuego, tiene la hoja limpia sin picados, afilada, lleva\u00a0manufactura bastante rara y escasa &#8220;RZM M7\/85&#8221;\u00a0y el logo dentro de un cuadrado con las iniciales &#8220;AES&#8221; del mismo\u00a0fabricante &#8220;Arthur Evertz, Solingen&#8221;. <\/span><\/span><\/p>\n","protected":false},"excerpt":{"rendered":"<p align=\"justify\"><span style=\"font-size: medium\"><span style=\"font-family: Verdana\"><strong>ANTECEDENTES:<\/strong> Los or\u00edgenes de las Hitlerjugend, (Juventudes\u00a0Hitlerianas), se remonta\u00a0 a marzo de 1922 con la formaci\u00f3n del\u00a0NSDAP, Nationalsozialistische Deutsche Arbeiterpartei de Jugendbund, bajo control del SA, Sturmabteilung. En abril de 1924 el NSDAP de Jugendbund fue retitulado Grossdeutsche Jugendbewegung , y el 4 de julio de 1926 el Grossdeutsche Jugendbewegung oficialmente fue retitulado Hitler -Jugend Bund deutschen Arbeiterjugend, (liga de las juventudes\u00a0Hitlerianas alemanas del trabajador). El HJ Fahrtenmesser, (daga de Hitler-jugend), fue introducido a principios de 1933.\u00a0 Fue pensado originalmente para el\u00a0uso por todos los miembros de HJ.\u00a0\u00a0Lss dagas\u00a0de HJ ten\u00edan originalmente una inscripci\u00f3n en la hoja con el lema de HJ, \u201cund Ehre de Blut! \u201d, (sangre y honor),\u00a0 pero en agosto de 1938\u00a0la inscripci\u00f3n de la\u00a0hoja fue suprimida.<\/span><span style=\"font-family: Verdana\">\u00a0<\/span><\/span><\/p>\n<p align=\"justify\"><span style=\"font-size: medium\"><span style=\"font-family: Verdana\"><strong>DESCRIPCION:<\/strong>\u00a0Cuchillo\u00a0de HJ\u00a0&#8220;Hitlerjugend&#8221;\u00a0(HJ Fahrtenmesser)\u00a0en\u00a0excelente estado\u00a0general tanto la daga como su vaina, la empu\u00f1adura est\u00e1 en en impecable estado con el diamante de HJ en el centro con la esv\u00e1stica en esmalte al fuego, tiene la hoja limpia sin picados, afilada, lleva\u00a0manufactura bastante rara y escasa <span style=\"color: #ff0000\">&#8220;RZM M7\/85&#8221;<\/span>\u00a0y el logo dentro de un cuadrado con las iniciales <span style=\"color: #ff0000\">&#8220;AES&#8221;<\/span> del mismo\u00a0fabricante <span style=\"color: #ff0000\">&#8220;Arthur Evertz, Solingen&#8221;<\/span>. <\/span><\/span><\/p>\n","protected":false},"featured_media":7869,"template":"","meta":[],"product_brand":[],"product_cat":[224],"product_tag":[],"class_list":{"0":"post-7868","1":"product","2":"type-product","3":"status-publish","4":"has-post-thumbnail","6":"product_cat-archivo-vendidos","7":"sales-flash-overlay","8":"woocommerce-text-align-center","9":"woocommerce-image-align-center","10":"do-quantity-buttons","12":"first","13":"outofstock","14":"purchasable","15":"product-type-simple"},"_links":{"self":[{"href":"https:\/\/original-militaria.com\/en\/wp-json\/wp\/v2\/product\/7868","targetHints":{"allow":["GET"]}}],"collection":[{"href":"https:\/\/original-militaria.com\/en\/wp-json\/wp\/v2\/product"}],"about":[{"href":"https:\/\/original-militaria.com\/en\/wp-json\/wp\/v2\/types\/product"}],"wp:featuredmedia":[{"embeddable":true,"href":"https:\/\/original-militaria.com\/en\/wp-json\/wp\/v2\/media\/7869"}],"wp:attachment":[{"href":"https:\/\/original-militaria.com\/en\/wp-json\/wp\/v2\/media?parent=7868"}],"wp:term":[{"taxonomy":"product_brand","embeddable":true,"href":"https:\/\/original-militaria.com\/en\/wp-json\/wp\/v2\/product_brand?post=7868"},{"taxonomy":"product_cat","embeddable":true,"href":"https:\/\/original-militaria.com\/en\/wp-json\/wp\/v2\/product_cat?post=7868"},{"taxonomy":"product_tag","embeddable":true,"href":"https:\/\/original-militaria.com\/en\/wp-json\/wp\/v2\/product_tag?post=7868"}],"curies":[{"name":"wp","href":"https:\/\/api.w.org\/{rel}","templated":true}]}}