{"id":7834,"date":"2017-09-05T11:41:09","date_gmt":"2017-09-05T11:41:09","guid":{"rendered":"https:\/\/original-militaria.com\/?post_type=product&#038;p=7834"},"modified":"2022-01-31T19:06:32","modified_gmt":"2022-01-31T18:06:32","slug":"pistola-espanola-de-pedernal-firmada-por-alberdi-circa-1800","status":"publish","type":"product","link":"https:\/\/original-militaria.com\/en\/producto\/pistola-espanola-de-pedernal-firmada-por-alberdi-circa-1800\/","title":{"rendered":"Pistola Espa\u00f1ola de Pedernal Firmada por &#8220;Alberdi&#8221;, circa 1800"},"content":{"rendered":"<p align=\"justify\"><span style=\"font-size: 9pt;font-family: Verdana\"><span style=\"font-size: medium\"><strong>ANTECEDENTES:<\/strong>\u00a0&#8220;Alberdi&#8221; es un apellido muy com\u00fan entre los armeros eibarreses,\u00a0por el punz\u00f3n en el arco del guardamonte pudiera ser J. Alberdi, P. Alberdi o A. Alberdi.<\/span><\/span><\/p>\n<p align=\"justify\"><span style=\"font-size: 9pt;font-family: Verdana\"><span style=\"font-size: medium\"><strong>DESCRIPCION:<\/strong> Pistola espa\u00f1ola de arz\u00f3n sistema de pedernal, circa 1800, la caja de ca\u00f1a entera de nogal con baquetero, la baqueta de madera termina en punta plana de hueso. Tiene la empu\u00f1adura cuadrillada, guarniciones de hierro, gancho tambi\u00e9n met\u00e1lico para cinto, el ca\u00f1\u00f3n es t\u00edpicamente espa\u00f1ol, ochavado en su primera cuarta y despu\u00e9s cil\u00edndrico. La llave asi como el muelle real perfectos. En el arco del guardamontes punz\u00f3n de este armero <span style=\"color: #ff0000\">&#8220;Alberdi&#8221;<\/span>.<br \/>\n<\/span><\/span><\/p>\n<p align=\"justify\"><span style=\"font-family: Verdana;font-size: medium\">Longitud total\u00a0\u00a0\u00a0\u00a0\u00a0\u00a0\u00a0\u00a0\u00a0\u00a0\u00a0\u00a0\u00a0\u00a0\u00a0\u00a0\u00a0\u00a0\u00a0\u00a0\u00a0\u00a0\u00a0\u00a0\u00a0 350 mm<\/span><\/p>\n<p align=\"justify\"><span style=\"font-family: Verdana;font-size: medium\">Longitud del ca\u00f1\u00f3n\u00a0\u00a0\u00a0\u00a0\u00a0\u00a0\u00a0\u00a0\u00a0\u00a0\u00a0\u00a0\u00a0\u00a0\u00a0\u00a0\u00a0 210 mm<\/span><\/p>\n<p align=\"justify\"><strong><span style=\"font-family: Verdana\"><span style=\"color: #ff0000;font-size: medium\">Nota.-<\/span><\/span><\/strong><span style=\"font-size: medium\"><span style=\"font-family: Verdana\"> Est\u00e1 inscrito en el libro de coleccionista, lo puede solicitar gratuitamente sin tener licencia en su Intervenci\u00f3n de armas de la Guardia Civil. <\/span><\/span><\/p>\n<p><span style=\"font-family: verdana, geneva, sans-serif\"><strong><span style=\"color: #ff0000\">Nota 2.-<\/span><\/strong> Seg\u00fan el <strong>Art. 107<\/strong>,\u00a0<strong>Cap\u00edtulo V<\/strong>, <strong>Secci\u00f3n I<\/strong>, <strong>p\u00e1rrafo E<\/strong>, del Reglamento de Armas, tambi\u00e9n se puede comprar <strong>sin tener libro de coleccionista<\/strong> ateni\u00e9ndose a la siguiente disposici\u00f3n:<\/span><\/p>\n<p style=\"text-align: justify\"><span style=\"font-family: verdana, geneva, sans-serif\">No obstante lo dispuesto en otros preceptos de este Reglamento, se considerar\u00e1 autorizada la posesi\u00f3n en el propio domicilio, sin los requisitos determinados en ellos, de <strong>un arma de fuego corta o larga<\/strong> de las no prohibidas a particulares, <strong>acreditando su especial valor hist\u00f3rico o art\u00edstico<\/strong>, o de <strong>dos armas de avancarga<\/strong>, documentadas con las correspondientes gu\u00edas de pertenencia, <strong>previa aportaci\u00f3n del informe de aptitud regulado en el art\u00edculo 98<\/strong>, adoptando las medidas de seguridad necesarias para su custodia y no pudiendo utilizarlas ni enajenarlas, salvo dando cumplimiento a lo dispuesto al respecto en los preceptos espec\u00edficos de este Reglamento. La infracci\u00f3n de lo dispuesto en este apartado tendr\u00e1 la consideraci\u00f3n de grave y llevar\u00e1 aparejada en todo caso la retirada definitiva de las armas de que se trate.<\/span><\/p>\n","protected":false},"excerpt":{"rendered":"<p align=\"justify\"><span style=\"font-size: 9pt;font-family: Verdana\"><span style=\"font-size: medium\"><strong>ANTECEDENTES:<\/strong>\u00a0&#8220;Alberdi&#8221; es un apellido muy com\u00fan entre los armeros eibarreses,\u00a0por el punz\u00f3n en el arco del guardamonte pudiera ser J. Alberdi, P. Alberdi o A. Alberdi.<\/span><\/span><\/p>\n<p align=\"justify\"><span style=\"font-size: 9pt;font-family: Verdana\"><span style=\"font-size: medium\"><strong>DESCRIPCION:<\/strong> Pistola espa\u00f1ola de arz\u00f3n sistema de pedernal, circa 1800, la caja de ca\u00f1a entera de nogal con baquetero, la baqueta de madera termina en punta plana de hueso. Tiene la empu\u00f1adura cuadrillada, guarniciones de hierro, gancho tambi\u00e9n met\u00e1lico para cinto, el ca\u00f1\u00f3n es t\u00edpicamente espa\u00f1ol, ochavado en su primera cuarta y despu\u00e9s cil\u00edndrico. La llave asi como el muelle real perfectos. En el arco del guardamontes punz\u00f3n de este armero <span style=\"color: #ff0000\">&#8220;Alberdi&#8221;<\/span>.<br \/>\n<\/span><\/span><\/p>\n<p align=\"justify\"><span style=\"font-family: Verdana;font-size: medium\">Longitud total\u00a0\u00a0\u00a0\u00a0\u00a0\u00a0\u00a0\u00a0\u00a0\u00a0\u00a0\u00a0\u00a0\u00a0\u00a0\u00a0\u00a0\u00a0\u00a0\u00a0\u00a0\u00a0\u00a0\u00a0\u00a0 350 mm<\/span><\/p>\n<p align=\"justify\"><span style=\"font-family: Verdana;font-size: medium\">Longitud del ca\u00f1\u00f3n\u00a0\u00a0\u00a0\u00a0\u00a0\u00a0\u00a0\u00a0\u00a0\u00a0\u00a0\u00a0\u00a0\u00a0\u00a0\u00a0\u00a0 210 mm<\/span><\/p>\n<p align=\"justify\"><strong><span style=\"font-family: Verdana\"><span style=\"color: #ff0000;font-size: medium\">Nota.-<\/span><\/span><\/strong><span style=\"font-size: medium\"><span style=\"font-family: Verdana\"> Est\u00e1 inscrito en el libro de coleccionista, lo puede solicitar gratuitamente sin tener licencia en su Intervenci\u00f3n de armas de la Guardia Civil. <\/span><\/span><\/p>\n<p><strong><span style=\"font-family: Verdana\"><span style=\"color: #ff0000\">Nota 2.-<\/span><\/span><\/strong> Seg\u00fan el <strong><span style=\"font-family: Verdana\">Art. 107<\/span><\/strong>,\u00a0<strong><span style=\"font-family: Verdana\">Cap\u00edtulo V<\/span><\/strong>, <strong><span style=\"font-family: Verdana\">Secci\u00f3n I<\/span><\/strong>, <strong><span style=\"font-family: Verdana\">p\u00e1rrafo E<\/span><\/strong>, del Reglamento de Armas, tambi\u00e9n se puede comprar <strong><span style=\"font-family: Verdana\">sin tener libro de coleccionista<\/span><\/strong> ateni\u00e9ndose a la siguiente disposici\u00f3n:<\/p>\n<p>No obstante lo dispuesto en otros preceptos de este Reglamento, se considerar\u00e1 autorizada la posesi\u00f3n en el propio domicilio, sin los requisitos determinados en ellos, de <strong><span style=\"font-family: Verdana\">un arma de fuego corta o larga<\/span><\/strong> de las no prohibidas a particulares, <strong><span style=\"font-family: Verdana\">acreditando su especial valor hist\u00f3rico o art\u00edstico<\/span><\/strong>, o de <strong><span style=\"font-family: Verdana\">dos armas de avancarga<\/span><\/strong>, documentadas con las correspondientes gu\u00edas de pertenencia, <strong><span style=\"font-family: Verdana\">previa aportaci\u00f3n del informe de aptitud regulado en el art\u00edculo 98<\/span><\/strong>, adoptando las medidas de seguridad necesarias para su custodia y no pudiendo utilizarlas ni enajenarlas, salvo dando cumplimiento a lo dispuesto al respecto en los preceptos espec\u00edficos de este Reglamento. La infracci\u00f3n de lo dispuesto en este apartado tendr\u00e1 la consideraci\u00f3n de grave y llevar\u00e1 aparejada en todo caso la retirada definitiva de las armas de que se trate.<\/p>\n","protected":false},"featured_media":7835,"template":"","meta":[],"product_brand":[],"product_cat":[224],"product_tag":[],"class_list":{"0":"post-7834","1":"product","2":"type-product","3":"status-publish","4":"has-post-thumbnail","6":"product_cat-archivo-vendidos","7":"sales-flash-overlay","8":"woocommerce-text-align-center","9":"woocommerce-image-align-center","10":"do-quantity-buttons","12":"first","13":"outofstock","14":"purchasable","15":"product-type-simple"},"_links":{"self":[{"href":"https:\/\/original-militaria.com\/en\/wp-json\/wp\/v2\/product\/7834","targetHints":{"allow":["GET"]}}],"collection":[{"href":"https:\/\/original-militaria.com\/en\/wp-json\/wp\/v2\/product"}],"about":[{"href":"https:\/\/original-militaria.com\/en\/wp-json\/wp\/v2\/types\/product"}],"wp:featuredmedia":[{"embeddable":true,"href":"https:\/\/original-militaria.com\/en\/wp-json\/wp\/v2\/media\/7835"}],"wp:attachment":[{"href":"https:\/\/original-militaria.com\/en\/wp-json\/wp\/v2\/media?parent=7834"}],"wp:term":[{"taxonomy":"product_brand","embeddable":true,"href":"https:\/\/original-militaria.com\/en\/wp-json\/wp\/v2\/product_brand?post=7834"},{"taxonomy":"product_cat","embeddable":true,"href":"https:\/\/original-militaria.com\/en\/wp-json\/wp\/v2\/product_cat?post=7834"},{"taxonomy":"product_tag","embeddable":true,"href":"https:\/\/original-militaria.com\/en\/wp-json\/wp\/v2\/product_tag?post=7834"}],"curies":[{"name":"wp","href":"https:\/\/api.w.org\/{rel}","templated":true}]}}