{"id":7813,"date":"2017-09-05T11:41:03","date_gmt":"2017-09-05T11:41:03","guid":{"rendered":"https:\/\/original-militaria.com\/?post_type=product&#038;p=7813"},"modified":"2022-01-31T19:06:29","modified_gmt":"2022-01-31T18:06:29","slug":"pistola-alemana-de-pedernal-siglo-xviii","status":"publish","type":"product","link":"https:\/\/original-militaria.com\/en\/producto\/pistola-alemana-de-pedernal-siglo-xviii\/","title":{"rendered":"German Flint Pistol 18th century&#8212;-Pistola Alemana de Pedernal siglo XVIII"},"content":{"rendered":"<p style=\"text-align: justify\" align=\"justify\"><span style=\"font-size: 12pt;font-family: verdana, geneva, sans-serif\">Impresionante pistola alemana segunda mitad siglo XVIII sistema de pedernal, no tiene marcas del armero, tiene la ca\u00f1a de la pistola realizada en una sola pieza en ra\u00edz de nogal que est\u00e1 ricamente trabajada en forma tambi\u00e9n de ra\u00edz de \u00e1rbol en toda la empu\u00f1adura, el largo ca\u00f1\u00f3n con punto de mira muy avanzado para la \u00e9poca tambi\u00e9n est\u00e1 ricamente trabajado a buril con escudos de armas y motivos de caza (impresionante). Todas las guarniciones de la pistola est\u00e1n ornamentadas con motivos de caza, en el guardamonte podemos observar la figura de un conejo. La llave y el muelle real en perfecto estado. Tiene su baqueta de madera de nogal de \u00e9poca. <\/span><\/p>\n<p style=\"text-align: justify\"><span style=\"font-size: 12pt;font-family: verdana, geneva, sans-serif\">Longitud total\u00a0\u00a0\u00a0\u00a0\u00a0\u00a0\u00a0\u00a0\u00a0\u00a0 \u00a0420 mm<\/span><\/p>\n<p style=\"text-align: justify\" align=\"justify\"><span style=\"font-size: 12pt;font-family: verdana, geneva, sans-serif\">Longitud del ca\u00f1\u00f3n\u00a0\u00a0\u00a0\u00a0270 mm<\/span><\/p>\n<p style=\"text-align: justify\" align=\"justify\"><span style=\"font-size: 12pt;font-family: verdana, geneva, sans-serif\"><strong>Nota.-<\/strong> Est\u00e1 inscrita en el libro de coleccionista, lo puede solicitar gratuitamente sin tener licencia en su Intervenci\u00f3n de armas de la Guardia Civil. <\/span><\/p>\n<p style=\"text-align: justify\">\n","protected":false},"excerpt":{"rendered":"<p align=\"justify\"><span style=\"font-size: 9pt;font-family: Verdana\"><span style=\"font-size: medium\"><strong>DESCRIPCION:<\/strong> Impresionante pistola alemana segunda mitad siglo XVIII sistema de pedernal, no tiene marcas del armero, tiene la ca\u00f1a de la pistola realizada en una sola pieza en ra\u00edz de nogal que est\u00e1 ricamente trabajada en forma tambi\u00e9n de ra\u00edz de \u00e1rbol en toda la empu\u00f1adura, el largo ca\u00f1\u00f3n con punto de mira muy avanzado para la \u00e9poca tambi\u00e9n est\u00e1 ricamente trabajado a buril con escudos de armas y motivos de caza (impresionante). Todas las guarniciones de la pistola est\u00e1n ornamentadas con motivos de caza, en el guardamonte podemos observar la figura de un conejo. La llave y el muelle real en perfecto estado. Tiene su baqueta de madera de nogal de \u00e9poca. <\/span><\/span><\/p>\n<p>Longitud total\u00a0\u00a0\u00a0\u00a0\u00a0\u00a0\u00a0\u00a0\u00a0\u00a0 \u00a0420 mm<\/p>\n<p align=\"justify\"><span style=\"font-size: 9pt;font-family: Verdana\"><span style=\"font-size: medium\">Longitud del ca\u00f1\u00f3n\u00a0\u00a0\u00a0\u00a0270 mm<\/span><\/span><\/p>\n<p align=\"justify\"><span style=\"font-size: 9pt;font-family: Verdana\"><strong><span style=\"font-family: Verdana\"><span style=\"color: #ff0000;font-size: medium\">Nota.-<\/span><\/span><\/strong><span style=\"font-size: medium\"><span style=\"font-family: Verdana\"> Est\u00e1 inscrita en el libro de coleccionista, lo puede solicitar gratuitamente sin tener licencia en su Intervenci\u00f3n de armas de la Guardia Civil. <\/span><\/span><\/span><\/p>\n<p><strong><span style=\"font-family: Verdana\"><span style=\"color: #ff0000\">Nota 2.-<\/span><\/span><\/strong> Seg\u00fan el <strong><span style=\"font-family: Verdana\">Art. 107<\/span><\/strong>,\u00a0<strong><span style=\"font-family: Verdana\">Cap\u00edtulo V<\/span><\/strong>, <strong><span style=\"font-family: Verdana\">Secci\u00f3n I<\/span><\/strong>, <strong><span style=\"font-family: Verdana\">p\u00e1rrafo E<\/span><\/strong>, del Reglamento de Armas, tambi\u00e9n se puede comprar <strong><span style=\"font-family: Verdana\">sin tener libro de coleccionista<\/span><\/strong> ateni\u00e9ndose a la siguiente disposici\u00f3n:<\/p>\n<p>No obstante lo dispuesto en otros preceptos de este Reglamento, se considerar\u00e1 autorizada la posesi\u00f3n en el propio domicilio, sin los requisitos determinados en ellos, de <strong><span style=\"font-family: Verdana\">un arma de fuego corta o larga<\/span><\/strong> de las no prohibidas a particulares, <strong><span style=\"font-family: Verdana\">acreditando su especial valor hist\u00f3rico o art\u00edstico<\/span><\/strong>, o de <strong><span style=\"font-family: Verdana\">dos armas de avancarga<\/span><\/strong>, documentadas con las correspondientes gu\u00edas de pertenencia, <strong><span style=\"font-family: Verdana\">previa aportaci\u00f3n del informe de aptitud regulado en el art\u00edculo 98<\/span><\/strong>, adoptando las medidas de seguridad necesarias para su custodia y no pudiendo utilizarlas ni enajenarlas, salvo dando cumplimiento a lo dispuesto al respecto en los preceptos espec\u00edficos de este Reglamento. La infracci\u00f3n de lo dispuesto en este apartado tendr\u00e1 la consideraci\u00f3n de grave y llevar\u00e1 aparejada en todo caso la retirada definitiva de las armas de que se trate.<\/p>\n","protected":false},"featured_media":7814,"template":"","meta":[],"product_brand":[],"product_cat":[224],"product_tag":[],"class_list":{"0":"post-7813","1":"product","2":"type-product","3":"status-publish","4":"has-post-thumbnail","6":"product_cat-archivo-vendidos","7":"sales-flash-overlay","8":"woocommerce-text-align-center","9":"woocommerce-image-align-center","10":"do-quantity-buttons","12":"first","13":"outofstock","14":"purchasable","15":"product-type-simple"},"_links":{"self":[{"href":"https:\/\/original-militaria.com\/en\/wp-json\/wp\/v2\/product\/7813","targetHints":{"allow":["GET"]}}],"collection":[{"href":"https:\/\/original-militaria.com\/en\/wp-json\/wp\/v2\/product"}],"about":[{"href":"https:\/\/original-militaria.com\/en\/wp-json\/wp\/v2\/types\/product"}],"wp:featuredmedia":[{"embeddable":true,"href":"https:\/\/original-militaria.com\/en\/wp-json\/wp\/v2\/media\/7814"}],"wp:attachment":[{"href":"https:\/\/original-militaria.com\/en\/wp-json\/wp\/v2\/media?parent=7813"}],"wp:term":[{"taxonomy":"product_brand","embeddable":true,"href":"https:\/\/original-militaria.com\/en\/wp-json\/wp\/v2\/product_brand?post=7813"},{"taxonomy":"product_cat","embeddable":true,"href":"https:\/\/original-militaria.com\/en\/wp-json\/wp\/v2\/product_cat?post=7813"},{"taxonomy":"product_tag","embeddable":true,"href":"https:\/\/original-militaria.com\/en\/wp-json\/wp\/v2\/product_tag?post=7813"}],"curies":[{"name":"wp","href":"https:\/\/api.w.org\/{rel}","templated":true}]}}