{"id":7785,"date":"2017-09-05T11:40:58","date_gmt":"2017-09-05T11:40:58","guid":{"rendered":"https:\/\/original-militaria.com\/?post_type=product&#038;p=7785"},"modified":"2022-01-31T19:06:28","modified_gmt":"2022-01-31T18:06:28","slug":"pistola-mauser-luger-p08-codigo-1938-s-42","status":"publish","type":"product","link":"https:\/\/original-militaria.com\/en\/producto\/pistola-mauser-luger-p08-codigo-1938-s-42\/","title":{"rendered":"Wehrmacht\/ P08 Pistol Code &#8220;1938 S\/42&#8221;&#8212;WH\/Pistola M\u00e1user &#8220;Luger P08&#8221; C\u00f3digo &#8220;1938 S\/42&#8221;"},"content":{"rendered":"<p align=\"justify\"><span style=\"font-family: verdana, geneva, sans-serif;font-size: 12pt\"><strong>ANTECEDENTES<\/strong>: Para Bellum\u00a0\u201cSi quieres la paz, prepara la guerra\u201d. As\u00ed dec\u00edan los antiguos romanos, verdaderos expertos en guerras de aquel &#8220;para bellum&#8221;, direcci\u00f3n telegr\u00e1fica de la f\u00e1brica alemana DWM, parece ser que ha tomado el nombre la pistola semiautom\u00e1tica m\u00e1s c\u00e9lebre de todos los tiempos, la Parabellum, conocida tambi\u00e9n como P 08 o bien Pistola Modelo 1908. Sin embargo, tal vez el nombre m\u00e1s famoso sea el de &#8220;Luger&#8221;, nombre debido a la costumbre de los coleccionistas americanos de denominar las armas con el nombre de quien las inventa, en este caso, Georg Luger. <\/span><\/p>\n<p style=\"text-align: justify\" align=\"justify\"><span style=\"font-family: verdana, geneva, sans-serif;font-size: 12pt\"><strong>DESCRIPCION:<\/strong> Excelente pistola Luger P08 en uso de la casa &#8220;M\u00e1user&#8221;, calibre 9 mm Para, n\u00ba &#8220;1933f, n\u00famero mu bajo con este c\u00f3digo &#8220;1938 &#8211; S\/42&#8221;. Adler\/63. Igual n\u00famero en todas las piezas incluido el percutor, funcionamiento brillante, magnifica agrupaci\u00f3n, muy suave el gatillo, estr\u00edas en perfecto estado, mantiene su pav\u00f3n azulado original pr\u00e1cticamente al 100% con d\u00e9bil marca en el ca\u00f1\u00f3n de haber sido llevada. Las cubiertas de la empu\u00f1adura de madera de nogal de color marr\u00f3n oscuro son excelentes. El cargador tiene el mismo n\u00famero que el arma y lleva waffenamt, tambi\u00e9n lleva waffenamt en el ca\u00f1\u00f3n junto al n\u00famero, dos en la corredera etc. Aceptaci\u00f3n del ej\u00e9rcito.\u00a0\u00a0Se puede suministrar con funda original, precio aparte. <\/span><\/p>\n<p style=\"text-align: justify\" align=\"justify\"><span style=\"font-family: verdana, geneva, sans-serif;font-size: 12pt\"><strong>SE NECESITA PERMISO DE ARMAS.\u00a0Se env\u00eda por intervenci\u00f3n de armas de la Guardia Civil con gu\u00eda.<\/strong><\/span><\/p>\n","protected":false},"excerpt":{"rendered":"<p align=\"justify\"><strong><span style=\"font-family: Verdana;font-size: 9pt\">ANTECEDENTES<\/span><\/strong><span style=\"font-family: Verdana;font-size: 9pt\">: Para Bellum\u00a0\u201cSi quieres la paz, prepara la guerra\u201d. As\u00ed dec\u00edan los antiguos romanos, verdaderos expertos en guerras de aquel &#8220;para bellum&#8221;, direcci\u00f3n telegr\u00e1fica de la f\u00e1brica alemana DWM, parece ser que ha tomado el nombre la pistola semiautom\u00e1tica m\u00e1s c\u00e9lebre de todos los tiempos, la Parabellum, conocida tambi\u00e9n como P 08 o bien Pistola Modelo 1908. Sin embargo, tal vez el nombre m\u00e1s famoso sea el de &#8220;Luger&#8221;, nombre debido a la costumbre de los coleccionistas americanos de denominar las armas con el nombre de quien las inventa, en este caso, Georg Luger. <\/span><\/p>\n<p style=\"text-align: justify\" align=\"justify\"><strong><span style=\"font-family: Verdana;font-size: 9pt\">DESCRIPCION:<\/span><\/strong><span style=\"font-family: Verdana;font-size: 9pt\"> Excelente pistola Luger P08 <span style=\"color: #ff0000\">en uso<\/span> de la casa <span style=\"color: #ff0000\">&#8220;Mauser&#8221;<\/span>, calibre 9 mm\u00a0Para, <span style=\"color: red\">n\u00ba &#8220;1933f, <span style=\"color: #ffffff\">n\u00famero mu bajo con este c\u00f3digo<\/span>\u00a0&#8220;1938 &#8211; S\/42&#8221;.<\/span> Adler\/63. Igual n\u00famero en todas las piezas incluido el percutor, funcionamiento brillante, magnifica agrupaci\u00f3n, muy suave el gatillo, estr\u00edas en perfecto estado, mantiene su pav\u00f3n azulado\u00a0original practicamente al 100% con d\u00e9bil marca en el ca\u00f1\u00f3n\u00a0de haber sido llevada. Las cubiertas de la empu\u00f1adura de madera de nogal de color marr\u00f3n oscuro son excelentes. El cargador tiene el mismo n\u00famero que el arma y lleva\u00a0<span style=\"color: red\">waffenamt<\/span>, tambi\u00e9n lleva <span style=\"color: red\">waffenamt<\/span> en el ca\u00f1\u00f3n junto al n\u00famero, dos en la corredera etc. Aceptaci\u00f3n del ej\u00e9rcito.\u00a0\u00a0Se puede suministrar con funda original, precio aparte. <strong><span style=\"font-family: Verdana;color: red\">SE NECESITA PERMISO DE ARMAS.\u00a0Se env\u00eda por intervenci\u00f3n de armas de la Guardia Civil con gu\u00eda.<\/span><\/strong><\/span><\/p>\n","protected":false},"featured_media":7786,"template":"","meta":[],"product_brand":[],"product_cat":[224],"product_tag":[],"class_list":{"0":"post-7785","1":"product","2":"type-product","3":"status-publish","4":"has-post-thumbnail","6":"product_cat-archivo-vendidos","7":"sales-flash-overlay","8":"woocommerce-text-align-center","9":"woocommerce-image-align-center","10":"do-quantity-buttons","12":"first","13":"outofstock","14":"purchasable","15":"product-type-simple"},"_links":{"self":[{"href":"https:\/\/original-militaria.com\/en\/wp-json\/wp\/v2\/product\/7785","targetHints":{"allow":["GET"]}}],"collection":[{"href":"https:\/\/original-militaria.com\/en\/wp-json\/wp\/v2\/product"}],"about":[{"href":"https:\/\/original-militaria.com\/en\/wp-json\/wp\/v2\/types\/product"}],"wp:featuredmedia":[{"embeddable":true,"href":"https:\/\/original-militaria.com\/en\/wp-json\/wp\/v2\/media\/7786"}],"wp:attachment":[{"href":"https:\/\/original-militaria.com\/en\/wp-json\/wp\/v2\/media?parent=7785"}],"wp:term":[{"taxonomy":"product_brand","embeddable":true,"href":"https:\/\/original-militaria.com\/en\/wp-json\/wp\/v2\/product_brand?post=7785"},{"taxonomy":"product_cat","embeddable":true,"href":"https:\/\/original-militaria.com\/en\/wp-json\/wp\/v2\/product_cat?post=7785"},{"taxonomy":"product_tag","embeddable":true,"href":"https:\/\/original-militaria.com\/en\/wp-json\/wp\/v2\/product_tag?post=7785"}],"curies":[{"name":"wp","href":"https:\/\/api.w.org\/{rel}","templated":true}]}}