{"id":7699,"date":"2017-09-05T11:40:34","date_gmt":"2017-09-05T11:40:34","guid":{"rendered":"https:\/\/original-militaria.com\/?post_type=product&#038;p=7699"},"modified":"2020-11-24T20:19:06","modified_gmt":"2020-11-24T20:19:06","slug":"sellos-del-protectorado-de-bohemia-y-moravia","status":"publish","type":"product","link":"https:\/\/original-militaria.com\/en\/producto\/sellos-del-protectorado-de-bohemia-y-moravia\/","title":{"rendered":"Protectorate of Bohemia and Moravia, 1939 Stamps&#8212; Sellos del Protectorado de Bohemia y Moravia"},"content":{"rendered":"<p style=\"text-align: justify\" align=\"justify\"><span style=\"font-size: 12pt\"><strong><span style=\"font-family: Verdana\">ANTECEDENTES:<\/span><\/strong><span style=\"font-family: Verdana\"> El Protectorado de Bohemia y Moravia (en alem\u00e1n: Reichsprotektorat B\u00f6hmen und M\u00e4hren y en checo: Protektor\u00e1t Cechy a Morava) fue un protectorado de la Alemania del Tercer Reich compuesto en su mayor\u00eda por los territorios de la actual Rep\u00fablica Checa menos los Sudetes. Fue establecido el 15 de marzo de 1939 por Adolf Hitler desde el Castillo de Praga despu\u00e9s de la ocupaci\u00f3n alemana de Checoslovaquia.<\/span><\/span><\/p>\n<p style=\"text-align: justify\" align=\"justify\"><span style=\"font-size: 12pt\"><span style=\"font-family: Verdana\"><b>DESCRIPCI\u00d3N<\/b><\/span><strong><span style=\"font-family: Verdana\">:<\/span><\/strong><span style=\"font-family: Verdana\"> Serie completa de 21 sellos del Protectorado de Bohemia y Moravia sin circular del Tercer Reich con efigie de Hitler. Raros del Protectorado.<\/span><\/span><\/p>\n","protected":false},"excerpt":{"rendered":"<p align=\"justify\"><strong><span style=\"font-size: 9pt;font-family: Verdana\">ANTECEDENTES:<\/span><\/strong><span style=\"font-size: 9pt;font-family: Verdana\"> El Protectorado de Bohemia y Moravia (en alem\u00e1n: Reichsprotektorat B\u00f6hmen und M\u00e4hren y en checo : Protektor\u00e1t Cechy a Morava) fue un protectorado de la Alemania del Tercer Reich compuesto en su mayor\u00eda por los territorios de la actual Rep\u00fablica Checa menos los Sudetes. Fue establecido el 15 de marzo de 1939 por Adolf Hitler desde el Castillo de Praga despu\u00e9s de la ocupaci\u00f3n alemana deChecoslavaquia.<\/span><\/p>\n<p align=\"justify\"><strong><span style=\"font-size: 9pt;font-family: Verdana\">DESCRIPCION:<\/span><\/strong><span style=\"font-size: 9pt;font-family: Verdana\"> Serie completa de 21 sellos del Protectorado de Bohemia y Moravia sin circular del Tercer Reich con efigie de Hitler. Raros del Protectorado.<\/span><\/p>\n","protected":false},"featured_media":7700,"template":"","meta":[],"product_brand":[],"product_cat":[181],"product_tag":[],"class_list":{"0":"post-7699","1":"product","2":"type-product","3":"status-publish","4":"has-post-thumbnail","6":"product_cat-miscelanea","7":"sales-flash-overlay","8":"woocommerce-text-align-center","9":"woocommerce-image-align-center","10":"do-quantity-buttons","12":"first","13":"instock","14":"purchasable","15":"product-type-simple"},"_links":{"self":[{"href":"https:\/\/original-militaria.com\/en\/wp-json\/wp\/v2\/product\/7699","targetHints":{"allow":["GET"]}}],"collection":[{"href":"https:\/\/original-militaria.com\/en\/wp-json\/wp\/v2\/product"}],"about":[{"href":"https:\/\/original-militaria.com\/en\/wp-json\/wp\/v2\/types\/product"}],"wp:featuredmedia":[{"embeddable":true,"href":"https:\/\/original-militaria.com\/en\/wp-json\/wp\/v2\/media\/7700"}],"wp:attachment":[{"href":"https:\/\/original-militaria.com\/en\/wp-json\/wp\/v2\/media?parent=7699"}],"wp:term":[{"taxonomy":"product_brand","embeddable":true,"href":"https:\/\/original-militaria.com\/en\/wp-json\/wp\/v2\/product_brand?post=7699"},{"taxonomy":"product_cat","embeddable":true,"href":"https:\/\/original-militaria.com\/en\/wp-json\/wp\/v2\/product_cat?post=7699"},{"taxonomy":"product_tag","embeddable":true,"href":"https:\/\/original-militaria.com\/en\/wp-json\/wp\/v2\/product_tag?post=7699"}],"curies":[{"name":"wp","href":"https:\/\/api.w.org\/{rel}","templated":true}]}}